{"id":2259,"date":"2015-09-23T17:55:21","date_gmt":"2015-09-23T15:55:21","guid":{"rendered":"http:\/\/www.augen-blicke-afrika.de\/blog\/?page_id=2259"},"modified":"2018-10-10T13:13:50","modified_gmt":"2018-10-10T11:13:50","slug":"fithrah","status":"publish","type":"page","link":"http:\/\/www.augen-blicke-afrika.de\/blog\/archiv\/archiv-2015\/filme-2015\/fithrah\/","title":{"rendered":"Fitrah"},"content":{"rendered":"<table style=\"height: 356px;\" width=\"756\">\n<thead>\n<tr>\n<td>\n<p class=\"hide-if-no-js\"><a href=\"http:\/\/www.augen-blicke-afrika.de\/blog\/wp-content\/uploads\/2015\/09\/fithrah.jpg\"><img loading=\"lazy\" decoding=\"async\" class=\"alignnone size-full wp-image-2174\" src=\"http:\/\/www.augen-blicke-afrika.de\/blog\/wp-content\/uploads\/2015\/09\/fithrah.jpg\" alt=\"fithrah\" width=\"500\" height=\"281\" srcset=\"http:\/\/www.augen-blicke-afrika.de\/blog\/wp-content\/uploads\/2015\/09\/fithrah.jpg 500w, http:\/\/www.augen-blicke-afrika.de\/blog\/wp-content\/uploads\/2015\/09\/fithrah-300x169.jpg 300w\" sizes=\"auto, (max-width: 500px) 100vw, 500px\" \/><\/a><\/p>\n<h1>Fitrah<\/h1>\n<h3>Dokumentarfilm, S\u00fcdafrika 2013, R.: Muhsin Hendricks, Latheem Nair,<br \/>\n48 Min, OF, dt. UT<\/h3>\n<\/td>\n<\/tr>\n<\/thead>\n<tbody>\n<tr>\n<td>In diesem Film dokumentiert Muhsin Hendricks, der erste offen schwule Imam aus S\u00fcdafrika, den Umgang mit Homosexualit\u00e4t und Gender-Identit\u00e4t in muslimischen L\u00e4ndern.<br \/>\nIm Film \u00e4u\u00dfern sich IslamwissenschaftlerInnen aus Afrika, Indien, Indonesien und Malaysia. Schwule, lesbische und transgender Muslime schildern ihre schwierige Situation in islamisch gepr\u00e4gten Gesellschaften und ihre pers\u00f6nlichen Erfahrungen mit Ausgrenzung und Gewalt. Diversit\u00e4t ist ein Teil der Menschheit und muss deshalb auch einen Platz im Islam haben, so das Fazit des Films.<\/td>\n<\/tr>\n<tr>\n<td style=\"border-bottom: none;\">\n<p class=\"hide-if-no-js\"><a href=\"http:\/\/www.augen-blicke-afrika.de\/blog\/wp-content\/uploads\/2015\/09\/fithrah_poster.jpg\"><img loading=\"lazy\" decoding=\"async\" class=\"size-full wp-image-2173 alignleft\" src=\"http:\/\/www.augen-blicke-afrika.de\/blog\/wp-content\/uploads\/2015\/09\/fithrah_poster.jpg\" alt=\"fithrah_poster\" width=\"117\" height=\"165\" \/><\/a><\/p>\n<p><strong>Muhsin Hendricks<\/strong>, geb.1970 in S\u00fcdafrika, studierte an der Universit\u00e4t Karachi\/ Pakistan Islamwissenschaft und Arabisch. Mit 23 willigte er in eine organisierte Ehe ein, wurde Vater von drei Kindern. Nach sechs Jahren lie\u00df er sich scheiden.<br \/>\n1998 gr\u00fcndete er \u201eAl-Fitrah\u201c, die erste homosexuelle muslimische Organisation in S\u00fcdafrika, und ging an die \u00d6ffentlichkeit. Heute leitet er \u201eThe Inner Circle\u201c in Kapstadt, eine Non-Profit-Organisation, die homosexuellen Moslems beim Coming-Out hilft.<\/td>\n<\/tr>\n<\/tbody>\n<\/table>\n<p>Queer Africa<\/p>\n<p>In Kooperation mit umdenken &#8211; Heinrich-B\u00f6ll-Stiftung Hamburg e.V. (gef\u00f6rdert mit Mitteln der Landeszentrale f\u00fcr politische Bildung Hamburg), Queeramnesty und dem Lesben- und Schwulenverband in Deutschland.<\/p>\n","protected":false},"excerpt":{"rendered":"<p>Fitrah Dokumentarfilm, S\u00fcdafrika 2013, R.: Muhsin Hendricks, Latheem Nair, 48 Min, OF, dt. UT In diesem Film dokumentiert Muhsin Hendricks, der erste offen schwule Imam aus S\u00fcdafrika, den Umgang mit Homosexualit\u00e4t und Gender-Identit\u00e4t in muslimischen L\u00e4ndern. Im Film \u00e4u\u00dfern sich &hellip; <a href=\"http:\/\/www.augen-blicke-afrika.de\/blog\/archiv\/archiv-2015\/filme-2015\/fithrah\/\">Weiterlesen <span class=\"meta-nav\">&rarr;<\/span><\/a><\/p>\n","protected":false},"author":3,"featured_media":0,"parent":2076,"menu_order":0,"comment_status":"closed","ping_status":"closed","template":"afrika2015_oh.php","meta":{"footnotes":""},"class_list":["post-2259","page","type-page","status-publish","hentry"],"_links":{"self":[{"href":"http:\/\/www.augen-blicke-afrika.de\/blog\/wp-json\/wp\/v2\/pages\/2259","targetHints":{"allow":["GET"]}}],"collection":[{"href":"http:\/\/www.augen-blicke-afrika.de\/blog\/wp-json\/wp\/v2\/pages"}],"about":[{"href":"http:\/\/www.augen-blicke-afrika.de\/blog\/wp-json\/wp\/v2\/types\/page"}],"author":[{"embeddable":true,"href":"http:\/\/www.augen-blicke-afrika.de\/blog\/wp-json\/wp\/v2\/users\/3"}],"replies":[{"embeddable":true,"href":"http:\/\/www.augen-blicke-afrika.de\/blog\/wp-json\/wp\/v2\/comments?post=2259"}],"version-history":[{"count":6,"href":"http:\/\/www.augen-blicke-afrika.de\/blog\/wp-json\/wp\/v2\/pages\/2259\/revisions"}],"predecessor-version":[{"id":2787,"href":"http:\/\/www.augen-blicke-afrika.de\/blog\/wp-json\/wp\/v2\/pages\/2259\/revisions\/2787"}],"up":[{"embeddable":true,"href":"http:\/\/www.augen-blicke-afrika.de\/blog\/wp-json\/wp\/v2\/pages\/2076"}],"wp:attachment":[{"href":"http:\/\/www.augen-blicke-afrika.de\/blog\/wp-json\/wp\/v2\/media?parent=2259"}],"curies":[{"name":"wp","href":"https:\/\/api.w.org\/{rel}","templated":true}]}}