{"id":2256,"date":"2015-09-23T17:47:40","date_gmt":"2015-09-23T15:47:40","guid":{"rendered":"http:\/\/www.augen-blicke-afrika.de\/blog\/?page_id=2256"},"modified":"2018-10-10T13:12:40","modified_gmt":"2018-10-10T11:12:40","slug":"difficult-love","status":"publish","type":"page","link":"http:\/\/www.augen-blicke-afrika.de\/blog\/archiv\/archiv-2015\/filme-2015\/difficult-love\/","title":{"rendered":"Difficult Love"},"content":{"rendered":"<table style=\"height: 356px;\" width=\"756\">\n<thead>\n<tr>\n<td>\n<p class=\"hide-if-no-js\"><a href=\"http:\/\/www.augen-blicke-afrika.de\/blog\/wp-content\/uploads\/2015\/09\/difficult.jpg\"><img loading=\"lazy\" decoding=\"async\" class=\"alignnone wp-image-2175\" src=\"http:\/\/www.augen-blicke-afrika.de\/blog\/wp-content\/uploads\/2015\/09\/difficult.jpg\" alt=\"difficult\" width=\"233\" height=\"286\" \/><\/a><\/p>\n<h1>Difficult Love<\/h1>\n<h3>Dokumentarfilm, S\u00fcdafrika 2011, R.: Zanele Muholi, Peter Goldsmid, 48 Min., OF, dt. UT<\/h3>\n<\/td>\n<\/tr>\n<\/thead>\n<tbody>\n<tr>\n<td>\u201eIch bin Schwarze, Lesbe, Frau und Fotografin\u201c, so bezeichnet sich die s\u00fcdafrikanische \u201evisuelle Aktivistin\u201c Zanele Muholi in ihrem Film selbst. Es ist ihr politisches Ziel, die Unsichtbarkeit der lesbischen schwarzen Gemeinschaft in S\u00fcdafrika durch ihre engagierte Fotografie aufzuheben. Ihre Fotos reflektieren Macht und Gewalt in S\u00fcdafrika sowie die Unterdr\u00fcckung schwarzer Frauen. Gleichgeschlechtliche Liebe gilt noch immer als \u201eunafrikanisch\u201c und wird deshalb sanktioniert, wie dieser Film eindrucksvoll zeigt.<\/td>\n<\/tr>\n<tr>\n<td style=\"border-bottom: none;\"><strong>Zanele Muholi,<\/strong> geb. 1972 in S\u00fcdafrika, absolvierte zun\u00e4chst eine Ausbildung zur Fotografin in Johannisburg. In Kanada studierte sie Kunst mit Abschluss im Bereich Dokumentation. 2002 ist sie Mitbegr\u00fcnderin der Organisation schwarzer Lesben \u2013 \u201eForum for the Empowerment of Women\u201d. Seit 2004 hat sie zahlreiche nationale und internationale Fotoaustellungen, 2013 wird sie Honorarprofessorin an der Hochschule f\u00fcr K\u00fcnste in Bremen.<br \/>\nDer Film \u201eDifficult Love\u201c wurde im Auftrag der South African Broadcasting Coorporation produziert und auf Festivals mehrfach ausgezeichnet.<\/td>\n<\/tr>\n<\/tbody>\n<\/table>\n<p>Queer Africa<\/p>\n<h3>In Kooperation mit <em>umdenken<\/em> \u2013 Heinrich-B\u00f6ll-Stiftung Hamburg e.V.<br \/>\n(Gef\u00f6rdert mit Mitteln der Landeszentrale f\u00fcr politische Bildung Hamburg), mit Queeramnesty und dem Lesben- und Schwulenverband in Deutschland.<\/h3>\n<p><a href=\"http:\/\/www.augen-blicke-afrika.de\/blog\/wp-content\/uploads\/2014\/10\/bestes-umdenken-Logo1225611.png\"><img loading=\"lazy\" decoding=\"async\" class=\"wp-image-1823 alignnone\" style=\"border: none; padding: 0px;\" src=\"http:\/\/www.augen-blicke-afrika.de\/blog\/wp-content\/uploads\/2014\/10\/bestes-umdenken-Logo1225611.png\" alt=\"bestes umdenken Logo1225611\" width=\"83\" height=\"37\" \/><\/a><a href=\"http:\/\/www.augen-blicke-afrika.de\/blog\/wp-content\/uploads\/2012\/09\/QA_Logo_Print_rgb.jpg\">\u00a0\u00a0 <img loading=\"lazy\" decoding=\"async\" class=\"alignnone wp-image-2642\" style=\"border: none; padding: 0px;\" src=\"http:\/\/www.augen-blicke-afrika.de\/blog\/wp-content\/uploads\/2012\/09\/QA_Logo_Print_rgb-300x60.jpg\" alt=\"QA_Logo_Print_rgb\" width=\"185\" height=\"37\" srcset=\"http:\/\/www.augen-blicke-afrika.de\/blog\/wp-content\/uploads\/2012\/09\/QA_Logo_Print_rgb-300x60.jpg 300w, http:\/\/www.augen-blicke-afrika.de\/blog\/wp-content\/uploads\/2012\/09\/QA_Logo_Print_rgb-500x100.jpg 500w, http:\/\/www.augen-blicke-afrika.de\/blog\/wp-content\/uploads\/2012\/09\/QA_Logo_Print_rgb.jpg 515w\" sizes=\"auto, (max-width: 185px) 100vw, 185px\" \/><\/a><a href=\"http:\/\/www.augen-blicke-afrika.de\/blog\/wp-content\/uploads\/2012\/09\/LSVD_4-c_Mac_m_Namen.png\">\u00a0\u00a0 <img loading=\"lazy\" decoding=\"async\" class=\"wp-image-2652 alignnone\" style=\"border: none; padding: 0px;\" src=\"http:\/\/www.augen-blicke-afrika.de\/blog\/wp-content\/uploads\/2012\/09\/LSVD_4-c_Mac_m_Namen-300x144.png\" alt=\"LSVD_4-c_Mac_m_Namen\" width=\"76\" height=\"37\" srcset=\"http:\/\/www.augen-blicke-afrika.de\/blog\/wp-content\/uploads\/2012\/09\/LSVD_4-c_Mac_m_Namen-300x144.png 300w, http:\/\/www.augen-blicke-afrika.de\/blog\/wp-content\/uploads\/2012\/09\/LSVD_4-c_Mac_m_Namen.png 421w\" sizes=\"auto, (max-width: 76px) 100vw, 76px\" \/><\/a><\/p>\n","protected":false},"excerpt":{"rendered":"<p>Difficult Love Dokumentarfilm, S\u00fcdafrika 2011, R.: Zanele Muholi, Peter Goldsmid, 48 Min., OF, dt. UT \u201eIch bin Schwarze, Lesbe, Frau und Fotografin\u201c, so bezeichnet sich die s\u00fcdafrikanische \u201evisuelle Aktivistin\u201c Zanele Muholi in ihrem Film selbst. Es ist ihr politisches Ziel, &hellip; <a href=\"http:\/\/www.augen-blicke-afrika.de\/blog\/archiv\/archiv-2015\/filme-2015\/difficult-love\/\">Weiterlesen <span class=\"meta-nav\">&rarr;<\/span><\/a><\/p>\n","protected":false},"author":3,"featured_media":0,"parent":2076,"menu_order":0,"comment_status":"closed","ping_status":"closed","template":"afrika2015_oh.php","meta":{"footnotes":""},"class_list":["post-2256","page","type-page","status-publish","hentry"],"_links":{"self":[{"href":"http:\/\/www.augen-blicke-afrika.de\/blog\/wp-json\/wp\/v2\/pages\/2256","targetHints":{"allow":["GET"]}}],"collection":[{"href":"http:\/\/www.augen-blicke-afrika.de\/blog\/wp-json\/wp\/v2\/pages"}],"about":[{"href":"http:\/\/www.augen-blicke-afrika.de\/blog\/wp-json\/wp\/v2\/types\/page"}],"author":[{"embeddable":true,"href":"http:\/\/www.augen-blicke-afrika.de\/blog\/wp-json\/wp\/v2\/users\/3"}],"replies":[{"embeddable":true,"href":"http:\/\/www.augen-blicke-afrika.de\/blog\/wp-json\/wp\/v2\/comments?post=2256"}],"version-history":[{"count":8,"href":"http:\/\/www.augen-blicke-afrika.de\/blog\/wp-json\/wp\/v2\/pages\/2256\/revisions"}],"predecessor-version":[{"id":2807,"href":"http:\/\/www.augen-blicke-afrika.de\/blog\/wp-json\/wp\/v2\/pages\/2256\/revisions\/2807"}],"up":[{"embeddable":true,"href":"http:\/\/www.augen-blicke-afrika.de\/blog\/wp-json\/wp\/v2\/pages\/2076"}],"wp:attachment":[{"href":"http:\/\/www.augen-blicke-afrika.de\/blog\/wp-json\/wp\/v2\/media?parent=2256"}],"curies":[{"name":"wp","href":"https:\/\/api.w.org\/{rel}","templated":true}]}}