{"id":2254,"date":"2015-09-23T17:43:57","date_gmt":"2015-09-23T15:43:57","guid":{"rendered":"http:\/\/www.augen-blicke-afrika.de\/blog\/?page_id=2254"},"modified":"2018-10-10T13:13:31","modified_gmt":"2018-10-10T11:13:31","slug":"finding-fela","status":"publish","type":"page","link":"http:\/\/www.augen-blicke-afrika.de\/blog\/archiv\/archiv-2015\/filme-2015\/finding-fela\/","title":{"rendered":"Finding Fela"},"content":{"rendered":"<table style=\"height: 356px;\" width=\"756\">\n<thead>\n<tr>\n<td>\n<p class=\"hide-if-no-js\"><a href=\"http:\/\/www.augen-blicke-afrika.de\/blog\/wp-content\/uploads\/2015\/09\/fela.jpg\"><img loading=\"lazy\" decoding=\"async\" class=\"alignnone size-full wp-image-2177\" src=\"http:\/\/www.augen-blicke-afrika.de\/blog\/wp-content\/uploads\/2015\/09\/fela.jpg\" alt=\"fela\" width=\"500\" height=\"250\" srcset=\"http:\/\/www.augen-blicke-afrika.de\/blog\/wp-content\/uploads\/2015\/09\/fela.jpg 500w, http:\/\/www.augen-blicke-afrika.de\/blog\/wp-content\/uploads\/2015\/09\/fela-300x150.jpg 300w\" sizes=\"auto, (max-width: 500px) 100vw, 500px\" \/><\/a><\/p>\n<h1>Finding Fela<\/h1>\n<h3>Dokumentarfilm USA\/ GB\/ FR \/ Nigeria 2014, R.: Alex Gibney, 119 Min., OF., engl. UT<\/h3>\n<\/td>\n<\/tr>\n<\/thead>\n<tbody>\n<tr>\n<td>Der Film zeichnet ein vielschichtiges und hypnotisierendes Portr\u00e4t des gro\u00dfen nigerianischen Musikers und Aktivisten Fela Anikulapo Kuti.<br \/>\nIn London absolvierte er als 20-j\u00e4hriger eine umfassende musikalische Ausbildung und gr\u00fcndete seine erste Band. Die entscheidenden Impulse f\u00fcr die Entwicklung seines eigenen Stils, den er Afrobeat nannte, bekam Fela Kuti 1969 bei einem l\u00e4ngeren Aufenthalt in den USA. Dort lernte Fela Kuti ber\u00fchmte Musiker wie James Brown, Miles Davis und Sly Stone kennen. Er traf sich mit Angela Davis, Stokely Carmichael, The Last Poets und verinnerlichte Ansichten der schwarzen B\u00fcrgerrechtsbewegung &#8211; besonders auch ihrer militanten Str\u00f6mungen.<br \/>\nDiese Erfahrungen flossen in seine Musik ein. Zunehmend kritisierte Fela Kuti in seinen Texten die durch die Kolonialisierung deformierten Gesellschaftssysteme Afrikas.<br \/>\nSein politischer Kampf richtete sich vor allem gegen die Milit\u00e4rjunta Nigerias, die ihn dann auch mehrmals ins Gef\u00e4ngnis steckte und \u00fcbel misshandelte. 1997 starb er an Aids. Der dynamische Big Band Sound und die provokanten politischen Texten begeistern die Massen bis heute &#8211; und nicht nur in Nigeria.<\/p>\n<p>In \u201eFinding Fela\u201c, verarbeitet der vielfach preisgekr\u00f6nte Dokumentarfilmer Alex Gibney Archivmaterial von Felas Live-Auftritten, Interviews mit Familie, Freunden und Kollegen sowie die Entstehung des Broadway Musicals \u201eFela\u201c.<\/td>\n<\/tr>\n<tr>\n<td style=\"border-bottom: none;\">\n<p class=\"hide-if-no-js\"><a href=\"http:\/\/www.augen-blicke-afrika.de\/blog\/wp-content\/uploads\/2015\/09\/fela_poster.jpg\"><img loading=\"lazy\" decoding=\"async\" class=\"size-full wp-image-2176 alignleft\" src=\"http:\/\/www.augen-blicke-afrika.de\/blog\/wp-content\/uploads\/2015\/09\/fela_poster.jpg\" alt=\"fela_poster\" width=\"117\" height=\"154\" \/><\/a><\/p>\n<p><strong>Alex Gibney,<\/strong> geb. 1953 in den USA, studierte zun\u00e4chst Japanische Literatur, danach folgte ein Studium an der Filmhochschule in Los Angeles. Er ist Regisseur, Drehbuchautor und Produzent. 1980 realisierte er seinen ersten Dokumentarfilm. 2008 erhielt er f\u00fcr \u201eTaxi zur H\u00f6lle\u201c einen Oscar. 2013 produzierte er \u201eWe Steal Secrets &#8211; Die Wikileaks Geschichte\u201c.<\/td>\n<\/tr>\n<\/tbody>\n<\/table>\n<p>&nbsp;<\/p>\n","protected":false},"excerpt":{"rendered":"<p>Finding Fela Dokumentarfilm USA\/ GB\/ FR \/ Nigeria 2014, R.: Alex Gibney, 119 Min., OF., engl. UT Der Film zeichnet ein vielschichtiges und hypnotisierendes Portr\u00e4t des gro\u00dfen nigerianischen Musikers und Aktivisten Fela Anikulapo Kuti. In London absolvierte er als 20-j\u00e4hriger &hellip; <a href=\"http:\/\/www.augen-blicke-afrika.de\/blog\/archiv\/archiv-2015\/filme-2015\/finding-fela\/\">Weiterlesen <span class=\"meta-nav\">&rarr;<\/span><\/a><\/p>\n","protected":false},"author":3,"featured_media":0,"parent":2076,"menu_order":0,"comment_status":"closed","ping_status":"closed","template":"afrika2015_oh.php","meta":{"footnotes":""},"class_list":["post-2254","page","type-page","status-publish","hentry"],"_links":{"self":[{"href":"http:\/\/www.augen-blicke-afrika.de\/blog\/wp-json\/wp\/v2\/pages\/2254","targetHints":{"allow":["GET"]}}],"collection":[{"href":"http:\/\/www.augen-blicke-afrika.de\/blog\/wp-json\/wp\/v2\/pages"}],"about":[{"href":"http:\/\/www.augen-blicke-afrika.de\/blog\/wp-json\/wp\/v2\/types\/page"}],"author":[{"embeddable":true,"href":"http:\/\/www.augen-blicke-afrika.de\/blog\/wp-json\/wp\/v2\/users\/3"}],"replies":[{"embeddable":true,"href":"http:\/\/www.augen-blicke-afrika.de\/blog\/wp-json\/wp\/v2\/comments?post=2254"}],"version-history":[{"count":4,"href":"http:\/\/www.augen-blicke-afrika.de\/blog\/wp-json\/wp\/v2\/pages\/2254\/revisions"}],"predecessor-version":[{"id":2783,"href":"http:\/\/www.augen-blicke-afrika.de\/blog\/wp-json\/wp\/v2\/pages\/2254\/revisions\/2783"}],"up":[{"embeddable":true,"href":"http:\/\/www.augen-blicke-afrika.de\/blog\/wp-json\/wp\/v2\/pages\/2076"}],"wp:attachment":[{"href":"http:\/\/www.augen-blicke-afrika.de\/blog\/wp-json\/wp\/v2\/media?parent=2254"}],"curies":[{"name":"wp","href":"https:\/\/api.w.org\/{rel}","templated":true}]}}