{"id":2251,"date":"2015-09-23T17:41:46","date_gmt":"2015-09-23T15:41:46","guid":{"rendered":"http:\/\/www.augen-blicke-afrika.de\/blog\/?page_id=2251"},"modified":"2018-10-10T13:16:44","modified_gmt":"2018-10-10T11:16:44","slug":"morbayassa-le-serment-de-koumba","status":"publish","type":"page","link":"http:\/\/www.augen-blicke-afrika.de\/blog\/archiv\/archiv-2015\/filme-2015\/morbayassa-le-serment-de-koumba\/","title":{"rendered":"Morbayassa \u2013 Le Serment de Koumba"},"content":{"rendered":"<table style=\"height: 356px;\" width=\"756\">\n<thead>\n<tr>\n<td>\n<p class=\"hide-if-no-js\"><a href=\"http:\/\/www.augen-blicke-afrika.de\/blog\/wp-content\/uploads\/2015\/09\/Morbayassa.jpg\"><img loading=\"lazy\" decoding=\"async\" class=\"alignnone size-full wp-image-2179\" src=\"http:\/\/www.augen-blicke-afrika.de\/blog\/wp-content\/uploads\/2015\/09\/Morbayassa.jpg\" alt=\"Morbayassa\" width=\"500\" height=\"280\" srcset=\"http:\/\/www.augen-blicke-afrika.de\/blog\/wp-content\/uploads\/2015\/09\/Morbayassa.jpg 500w, http:\/\/www.augen-blicke-afrika.de\/blog\/wp-content\/uploads\/2015\/09\/Morbayassa-300x168.jpg 300w\" sizes=\"auto, (max-width: 500px) 100vw, 500px\" \/><\/a><\/p>\n<h1>Morbayassa \u2013 Le serment de Koumba<\/h1>\n<h3>Guinea \/ Frankreich 2012, R.: Cheick Fantamady Camara, 120 Min., OF frz., engl. UT<\/h3>\n<\/td>\n<\/tr>\n<\/thead>\n<tbody>\n<tr>\n<td>Bella, eine junge Frau aus Guinea, arbeitet als Prostituierte in einem Unterhaltungslokal in Dakar, Senegal. Sie und ihre Leidensgenossinnen werden vom mafi\u00f6sen Barbesitzer wie Gefangene gehalten, geschlagen und erniedrigt. Erst Yelo, ein Mitarbeiter der UN, behandelt sie nicht als Sex-Objekt, er gibt ihr die n\u00f6tige Sicherheit und ein Vertrauen, um aus diesem Milieu auszusteigen. In einem gewaltsamen Akt befreit sie sich von den Zw\u00e4ngen, besinnt sich auf ihre traditionellen Werte. Sie schw\u00f6rt einen Eid, bei dessen Erf\u00fcllung sie am Ende den \u201eMorbayassa\u201f tanzen muss. So gest\u00e4rkt reist sie nach Frankreich, um dort ihre verlorene Tochter zu suchen.<br \/>\nDer Film zeigt eindrucksvoll und fassettenreich das Schicksal, das viele junge Frauen in den St\u00e4dten Afrikas teilen.<\/td>\n<\/tr>\n<tr>\n<td style=\"border-bottom: none;\">\n<p class=\"hide-if-no-js\"><a href=\"http:\/\/www.augen-blicke-afrika.de\/blog\/wp-content\/uploads\/2015\/09\/Morbayassa_poster.jpg\"><img loading=\"lazy\" decoding=\"async\" class=\"size-full wp-image-2178 alignleft\" src=\"http:\/\/www.augen-blicke-afrika.de\/blog\/wp-content\/uploads\/2015\/09\/Morbayassa_poster.jpg\" alt=\"Morbayassa_poster\" width=\"117\" height=\"174\" \/><\/a><\/p>\n<p><strong>Cheick Fantamady Camara<\/strong>, geb. 1960 in Conakry, Guinea, studierte Drehbuch und Regie in Paris. Nach einigen Kurzfilmen folgte 2006 sein erster langer Spielfilm \u201eWolken \u00fcber Conakry\u201c, f\u00fcr den er weltweit Preise erhielt. Seinen zweiten Spielfilm \u201eMorbayassa\u201c &#8211; das ist der Name eines traditionellen Tanzes &#8211; realisierte er 2012, die Urauff\u00fchrung erfolgte wegen abschlie\u00dfender Finanzierungsprobleme erst 2014 in Paris.<\/td>\n<\/tr>\n<\/tbody>\n<\/table>\n<p>&nbsp;<\/p>\n","protected":false},"excerpt":{"rendered":"<p>Morbayassa \u2013 Le serment de Koumba Guinea \/ Frankreich 2012, R.: Cheick Fantamady Camara, 120 Min., OF frz., engl. UT Bella, eine junge Frau aus Guinea, arbeitet als Prostituierte in einem Unterhaltungslokal in Dakar, Senegal. Sie und ihre Leidensgenossinnen werden &hellip; <a href=\"http:\/\/www.augen-blicke-afrika.de\/blog\/archiv\/archiv-2015\/filme-2015\/morbayassa-le-serment-de-koumba\/\">Weiterlesen <span class=\"meta-nav\">&rarr;<\/span><\/a><\/p>\n","protected":false},"author":3,"featured_media":0,"parent":2076,"menu_order":0,"comment_status":"closed","ping_status":"closed","template":"afrika2015_oh.php","meta":{"footnotes":""},"class_list":["post-2251","page","type-page","status-publish","hentry"],"_links":{"self":[{"href":"http:\/\/www.augen-blicke-afrika.de\/blog\/wp-json\/wp\/v2\/pages\/2251","targetHints":{"allow":["GET"]}}],"collection":[{"href":"http:\/\/www.augen-blicke-afrika.de\/blog\/wp-json\/wp\/v2\/pages"}],"about":[{"href":"http:\/\/www.augen-blicke-afrika.de\/blog\/wp-json\/wp\/v2\/types\/page"}],"author":[{"embeddable":true,"href":"http:\/\/www.augen-blicke-afrika.de\/blog\/wp-json\/wp\/v2\/users\/3"}],"replies":[{"embeddable":true,"href":"http:\/\/www.augen-blicke-afrika.de\/blog\/wp-json\/wp\/v2\/comments?post=2251"}],"version-history":[{"count":7,"href":"http:\/\/www.augen-blicke-afrika.de\/blog\/wp-json\/wp\/v2\/pages\/2251\/revisions"}],"predecessor-version":[{"id":2781,"href":"http:\/\/www.augen-blicke-afrika.de\/blog\/wp-json\/wp\/v2\/pages\/2251\/revisions\/2781"}],"up":[{"embeddable":true,"href":"http:\/\/www.augen-blicke-afrika.de\/blog\/wp-json\/wp\/v2\/pages\/2076"}],"wp:attachment":[{"href":"http:\/\/www.augen-blicke-afrika.de\/blog\/wp-json\/wp\/v2\/media?parent=2251"}],"curies":[{"name":"wp","href":"https:\/\/api.w.org\/{rel}","templated":true}]}}