{"id":2246,"date":"2015-09-23T17:27:25","date_gmt":"2015-09-23T15:27:25","guid":{"rendered":"http:\/\/www.augen-blicke-afrika.de\/blog\/?page_id=2246"},"modified":"2018-10-10T13:17:44","modified_gmt":"2018-10-10T11:17:44","slug":"ouaga-saga","status":"publish","type":"page","link":"http:\/\/www.augen-blicke-afrika.de\/blog\/archiv\/archiv-2015\/filme-2015\/ouaga-saga\/","title":{"rendered":"Ouaga Saga"},"content":{"rendered":"<table style=\"height: 356px;\" width=\"756\">\n<thead>\n<tr>\n<td>\n<p class=\"hide-if-no-js\"><a href=\"http:\/\/www.augen-blicke-afrika.de\/blog\/wp-content\/uploads\/2015\/09\/ouaga.jpg\"><img loading=\"lazy\" decoding=\"async\" class=\"alignnone size-full wp-image-2183\" src=\"http:\/\/www.augen-blicke-afrika.de\/blog\/wp-content\/uploads\/2015\/09\/ouaga.jpg\" alt=\"ouaga\" width=\"500\" height=\"332\" srcset=\"http:\/\/www.augen-blicke-afrika.de\/blog\/wp-content\/uploads\/2015\/09\/ouaga.jpg 500w, http:\/\/www.augen-blicke-afrika.de\/blog\/wp-content\/uploads\/2015\/09\/ouaga-300x199.jpg 300w, http:\/\/www.augen-blicke-afrika.de\/blog\/wp-content\/uploads\/2015\/09\/ouaga-452x300.jpg 452w\" sizes=\"auto, (max-width: 500px) 100vw, 500px\" \/><\/a><\/p>\n<h1>Ouaga Saga<\/h1>\n<h3>Burkina Faso 2005, R.: Dani Kouyat\u00e9, 96 Min., OF, dt. UT<\/h3>\n<\/td>\n<\/tr>\n<\/thead>\n<tbody>\n<tr>\n<td>Die Filmkom\u00f6die erz\u00e4hlt die abenteuerliche Geschichte von Jugendlichen in Ouagadougou \u2013 kurz Ouaga genannt. Sie wachsen auf in einem heruntergekommenen Viertel der Hauptstadt von Burkina Faso. Jeder muss sich hier durchschlagen, um zu \u00fcberleben. Das Geld fehlt, nicht aber der Ideenreichtum. Und so l\u00e4sst sich die Gang allerhand einfallen, um dem Alltag zu entrinnen. Das Kino ist f\u00fcr sie ein Ort der Tr\u00e4ume, ein Paradies und ein Fluchtpunkt zugleich. Filme und Musik f\u00f6rdern ihre Kreativit\u00e4t, ihrer Phantasie sind scheinbar keine Grenzen gesetzt.<\/td>\n<\/tr>\n<tr>\n<td style=\"border-bottom: none;\">\n<p class=\"hide-if-no-js\"><a href=\"http:\/\/www.augen-blicke-afrika.de\/blog\/wp-content\/uploads\/2015\/09\/ouaga_poster.jpg\"><img loading=\"lazy\" decoding=\"async\" class=\"size-full wp-image-2182 alignleft\" src=\"http:\/\/www.augen-blicke-afrika.de\/blog\/wp-content\/uploads\/2015\/09\/ouaga_poster.jpg\" alt=\"ouaga_poster\" width=\"117\" height=\"169\" \/><\/a><\/p>\n<p><strong>Dani Kouyat\u00e9<\/strong>, geb. 1961 in Obervolta, heute Burkina Faso, absolvierte eine Filmausbildung in Ouagadougo und Paris. Ab 1989 drehte er zun\u00e4chst Kurzfilme, 1995 folgte der mehrfach ausgezeichnete Spielfilm \u201eDas Erbe des Griots\u201c. Sein beeindruckender neuer Spielfilm \u201eSoleils\u201c l\u00e4uft im Hauptprogramm.<\/td>\n<\/tr>\n<\/tbody>\n<\/table>\n<p><\/p>\n","protected":false},"excerpt":{"rendered":"<p>Ouaga Saga Burkina Faso 2005, R.: Dani Kouyat\u00e9, 96 Min., OF, dt. UT Die Filmkom\u00f6die erz\u00e4hlt die abenteuerliche Geschichte von Jugendlichen in Ouagadougou \u2013 kurz Ouaga genannt. Sie wachsen auf in einem heruntergekommenen Viertel der Hauptstadt von Burkina Faso. Jeder &hellip; <a href=\"http:\/\/www.augen-blicke-afrika.de\/blog\/archiv\/archiv-2015\/filme-2015\/ouaga-saga\/\">Weiterlesen <span class=\"meta-nav\">&rarr;<\/span><\/a><\/p>\n","protected":false},"author":3,"featured_media":0,"parent":2076,"menu_order":0,"comment_status":"closed","ping_status":"closed","template":"afrika2015_oh.php","meta":{"footnotes":""},"class_list":["post-2246","page","type-page","status-publish","hentry"],"_links":{"self":[{"href":"http:\/\/www.augen-blicke-afrika.de\/blog\/wp-json\/wp\/v2\/pages\/2246","targetHints":{"allow":["GET"]}}],"collection":[{"href":"http:\/\/www.augen-blicke-afrika.de\/blog\/wp-json\/wp\/v2\/pages"}],"about":[{"href":"http:\/\/www.augen-blicke-afrika.de\/blog\/wp-json\/wp\/v2\/types\/page"}],"author":[{"embeddable":true,"href":"http:\/\/www.augen-blicke-afrika.de\/blog\/wp-json\/wp\/v2\/users\/3"}],"replies":[{"embeddable":true,"href":"http:\/\/www.augen-blicke-afrika.de\/blog\/wp-json\/wp\/v2\/comments?post=2246"}],"version-history":[{"count":3,"href":"http:\/\/www.augen-blicke-afrika.de\/blog\/wp-json\/wp\/v2\/pages\/2246\/revisions"}],"predecessor-version":[{"id":2777,"href":"http:\/\/www.augen-blicke-afrika.de\/blog\/wp-json\/wp\/v2\/pages\/2246\/revisions\/2777"}],"up":[{"embeddable":true,"href":"http:\/\/www.augen-blicke-afrika.de\/blog\/wp-json\/wp\/v2\/pages\/2076"}],"wp:attachment":[{"href":"http:\/\/www.augen-blicke-afrika.de\/blog\/wp-json\/wp\/v2\/media?parent=2246"}],"curies":[{"name":"wp","href":"https:\/\/api.w.org\/{rel}","templated":true}]}}