{"id":2244,"date":"2015-09-23T17:24:54","date_gmt":"2015-09-23T15:24:54","guid":{"rendered":"http:\/\/www.augen-blicke-afrika.de\/blog\/?page_id=2244"},"modified":"2018-10-10T13:13:10","modified_gmt":"2018-10-10T11:13:10","slug":"entre-le-marteau-et-lenclume","status":"publish","type":"page","link":"http:\/\/www.augen-blicke-afrika.de\/blog\/archiv\/archiv-2015\/filme-2015\/entre-le-marteau-et-lenclume\/","title":{"rendered":"Entre le Marteau et L\u2019enclume"},"content":{"rendered":"<table style=\"height: 356px;\" width=\"756\">\n<thead>\n<tr>\n<td>\n<p class=\"hide-if-no-js\"><a href=\"http:\/\/www.augen-blicke-afrika.de\/blog\/wp-content\/uploads\/2015\/09\/entre.jpg\"><img loading=\"lazy\" decoding=\"async\" class=\"alignnone size-full wp-image-2184\" src=\"http:\/\/www.augen-blicke-afrika.de\/blog\/wp-content\/uploads\/2015\/09\/entre.jpg\" alt=\"entre\" width=\"500\" height=\"260\" srcset=\"http:\/\/www.augen-blicke-afrika.de\/blog\/wp-content\/uploads\/2015\/09\/entre.jpg 500w, http:\/\/www.augen-blicke-afrika.de\/blog\/wp-content\/uploads\/2015\/09\/entre-300x156.jpg 300w\" sizes=\"auto, (max-width: 500px) 100vw, 500px\" \/><\/a><\/p>\n<h1>Entre le marteau et l\u2019enclume<\/h1>\n<h3>Republik Kongo 2013, Amog Lemra, 109 Min., OF frz., keine UT<\/h3>\n<\/td>\n<\/tr>\n<\/thead>\n<tbody>\n<tr>\n<td>Der Film ist ein Abbild der kongolesischen Gesellschaft in der Hauptstadt Brazzaville. Er erz\u00e4hlt mehre ineinander verwobene Geschichten \u00fcber bittere Armut und extremen Reichtum.<br \/>\nWir begegnen dem Unternehmer Pascal, der mit seinem Geld r\u00fccksichtslos Macht aus\u00fcbt, um seine Begierden zu stillen, einem depressiven M\u00e4dchen, deren Vater im Alkohol versinkt, einem Verk\u00e4ufer, der potenzsteigernde Mittel verkauft. Der gro\u00dfe gesellschaftliche Stellenwert der Kirche spiegelt sich wider in der Geschichte einer sehr religi\u00f6sen Frau, die ihren Mann liebt, aber nicht wei\u00df, wem sie glauben soll &#8211; den Worten ihres Mannes oder denen des Pastors.<\/td>\n<\/tr>\n<tr>\n<td style=\"border-bottom: none;\"><strong>Amog Lemra<\/strong> wurde im Kongo Brazzaville geboren.<br \/>\nNach mehreren Filmassistenzen realisierte er 2007 seinen ersten Kurzfilm \u201eLa tombe d\u2019un r\u00eave\u201c, der 2009 im Wettbewerb beim FESPACO lief. \u201eEntre le marteau et l\u2019enclume\u201c ist sein zweiter Langfilm und lief im Wettbewerb beim FESPACO 2015 in Quagadougou.<\/td>\n<\/tr>\n<\/tbody>\n<\/table>\n<p>&nbsp;<\/p>\n","protected":false},"excerpt":{"rendered":"<p>Entre le marteau et l\u2019enclume Republik Kongo 2013, Amog Lemra, 109 Min., OF frz., keine UT Der Film ist ein Abbild der kongolesischen Gesellschaft in der Hauptstadt Brazzaville. Er erz\u00e4hlt mehre ineinander verwobene Geschichten \u00fcber bittere Armut und extremen Reichtum. &hellip; <a href=\"http:\/\/www.augen-blicke-afrika.de\/blog\/archiv\/archiv-2015\/filme-2015\/entre-le-marteau-et-lenclume\/\">Weiterlesen <span class=\"meta-nav\">&rarr;<\/span><\/a><\/p>\n","protected":false},"author":3,"featured_media":0,"parent":2076,"menu_order":0,"comment_status":"closed","ping_status":"closed","template":"afrika2015_oh.php","meta":{"footnotes":""},"class_list":["post-2244","page","type-page","status-publish","hentry"],"_links":{"self":[{"href":"http:\/\/www.augen-blicke-afrika.de\/blog\/wp-json\/wp\/v2\/pages\/2244","targetHints":{"allow":["GET"]}}],"collection":[{"href":"http:\/\/www.augen-blicke-afrika.de\/blog\/wp-json\/wp\/v2\/pages"}],"about":[{"href":"http:\/\/www.augen-blicke-afrika.de\/blog\/wp-json\/wp\/v2\/types\/page"}],"author":[{"embeddable":true,"href":"http:\/\/www.augen-blicke-afrika.de\/blog\/wp-json\/wp\/v2\/users\/3"}],"replies":[{"embeddable":true,"href":"http:\/\/www.augen-blicke-afrika.de\/blog\/wp-json\/wp\/v2\/comments?post=2244"}],"version-history":[{"count":4,"href":"http:\/\/www.augen-blicke-afrika.de\/blog\/wp-json\/wp\/v2\/pages\/2244\/revisions"}],"predecessor-version":[{"id":2565,"href":"http:\/\/www.augen-blicke-afrika.de\/blog\/wp-json\/wp\/v2\/pages\/2244\/revisions\/2565"}],"up":[{"embeddable":true,"href":"http:\/\/www.augen-blicke-afrika.de\/blog\/wp-json\/wp\/v2\/pages\/2076"}],"wp:attachment":[{"href":"http:\/\/www.augen-blicke-afrika.de\/blog\/wp-json\/wp\/v2\/media?parent=2244"}],"curies":[{"name":"wp","href":"https:\/\/api.w.org\/{rel}","templated":true}]}}