{"id":2242,"date":"2015-09-23T17:22:27","date_gmt":"2015-09-23T15:22:27","guid":{"rendered":"http:\/\/www.augen-blicke-afrika.de\/blog\/?page_id=2242"},"modified":"2018-10-10T13:14:44","modified_gmt":"2018-10-10T11:14:44","slug":"hope","status":"publish","type":"page","link":"http:\/\/www.augen-blicke-afrika.de\/blog\/archiv\/archiv-2015\/filme-2015\/hope\/","title":{"rendered":"Hope"},"content":{"rendered":"<table style=\"height: 356px;\" width=\"756\">\n<thead>\n<tr>\n<td>\n<p class=\"hide-if-no-js\"><a href=\"http:\/\/www.augen-blicke-afrika.de\/blog\/wp-content\/uploads\/2015\/09\/Hope.jpg\"><img loading=\"lazy\" decoding=\"async\" class=\"alignnone size-full wp-image-2186\" src=\"http:\/\/www.augen-blicke-afrika.de\/blog\/wp-content\/uploads\/2015\/09\/Hope.jpg\" alt=\"Hope\" width=\"500\" height=\"336\" srcset=\"http:\/\/www.augen-blicke-afrika.de\/blog\/wp-content\/uploads\/2015\/09\/Hope.jpg 500w, http:\/\/www.augen-blicke-afrika.de\/blog\/wp-content\/uploads\/2015\/09\/Hope-300x202.jpg 300w, http:\/\/www.augen-blicke-afrika.de\/blog\/wp-content\/uploads\/2015\/09\/Hope-446x300.jpg 446w\" sizes=\"auto, (max-width: 500px) 100vw, 500px\" \/><\/a><\/p>\n<h1>Hope<\/h1>\n<h3>Frankreich 2014, R.: Boris Lojkine, 91 Min., OF, engl. UT<\/h3>\n<\/td>\n<\/tr>\n<\/thead>\n<tbody>\n<tr>\n<td>Mitten in der algerischen Sahara hocken einige M\u00e4nner zusammen auf dem Weg nach Europa, darunter auch L\u00e9onard aus Kamerun. Und dann entdecken sie, dass unter ihnen eine durch M\u00e4nnerkleidung getarnte Frau ist, \u201eHope\u201c aus Nigeria. So beginnt der spannende und dramatische Spielfilm, der die von afrikanischen Schlepperbanden organisierte Migration in Richtung Europa nachzeichnet. Der Weg ist lang und gef\u00e4hrlich. Hope klammert sich an L\u00e9onard, denn sie ahnt, dass sie als Frau keine Chance hat, diese Reise allein zu \u00fcberleben. In dieser Zwangsgemeinschaft, die sich unter widrigsten Umst\u00e4nden ganz vorsichtig zu einer Liebesbeziehung entwickelt, treiben sie wie Schiffbr\u00fcchige der spanischen Exklave Melilla entgegen &#8211; in der Hoffnung, dann nur noch den riesigen Zaun und das Mittelmeer \u00fcberwinden zu m\u00fcssen bis zu ihrem Ziel Europa.<\/td>\n<\/tr>\n<tr>\n<td style=\"border-bottom: none;\">\n<p class=\"hide-if-no-js\"><a href=\"http:\/\/www.augen-blicke-afrika.de\/blog\/wp-content\/uploads\/2015\/09\/Hope_poster.jpg\"><img loading=\"lazy\" decoding=\"async\" class=\"size-full wp-image-2185 alignleft\" src=\"http:\/\/www.augen-blicke-afrika.de\/blog\/wp-content\/uploads\/2015\/09\/Hope_poster.jpg\" alt=\"Hope_poster\" width=\"117\" height=\"156\" \/><\/a><\/p>\n<p><strong>Boris Lojkine<\/strong>, geb. 1969 in Frankreich, studierte zun\u00e4chst Philosophie. Er ist Dokumentarfilmer und Regisseur. Hope ist sein erster Spielfilm. Er hat ihn nach eingehenden Recherchen entlang einer der meist genutzten Migrationsrouten Afrikas gedreht. Seine beeindruckenden Hauptdarsteller sind alles Laien, die er in den straff nach Nationalit\u00e4ten organisierten Fl\u00fcchtlingscamps in den Bergen von Nord-Marokko gefunden hat.<br \/>\nDer Film wurde 2014 in Cannes uraufgef\u00fchrt und erhielt den Kritikerpreis.<\/td>\n<\/tr>\n<\/tbody>\n<\/table>\n<p>&nbsp;<\/p>\n","protected":false},"excerpt":{"rendered":"<p>Hope Frankreich 2014, R.: Boris Lojkine, 91 Min., OF, engl. UT Mitten in der algerischen Sahara hocken einige M\u00e4nner zusammen auf dem Weg nach Europa, darunter auch L\u00e9onard aus Kamerun. Und dann entdecken sie, dass unter ihnen eine durch M\u00e4nnerkleidung &hellip; <a href=\"http:\/\/www.augen-blicke-afrika.de\/blog\/archiv\/archiv-2015\/filme-2015\/hope\/\">Weiterlesen <span class=\"meta-nav\">&rarr;<\/span><\/a><\/p>\n","protected":false},"author":3,"featured_media":0,"parent":2076,"menu_order":0,"comment_status":"closed","ping_status":"closed","template":"afrika2015_oh.php","meta":{"footnotes":""},"class_list":["post-2242","page","type-page","status-publish","hentry"],"_links":{"self":[{"href":"http:\/\/www.augen-blicke-afrika.de\/blog\/wp-json\/wp\/v2\/pages\/2242","targetHints":{"allow":["GET"]}}],"collection":[{"href":"http:\/\/www.augen-blicke-afrika.de\/blog\/wp-json\/wp\/v2\/pages"}],"about":[{"href":"http:\/\/www.augen-blicke-afrika.de\/blog\/wp-json\/wp\/v2\/types\/page"}],"author":[{"embeddable":true,"href":"http:\/\/www.augen-blicke-afrika.de\/blog\/wp-json\/wp\/v2\/users\/3"}],"replies":[{"embeddable":true,"href":"http:\/\/www.augen-blicke-afrika.de\/blog\/wp-json\/wp\/v2\/comments?post=2242"}],"version-history":[{"count":3,"href":"http:\/\/www.augen-blicke-afrika.de\/blog\/wp-json\/wp\/v2\/pages\/2242\/revisions"}],"predecessor-version":[{"id":2776,"href":"http:\/\/www.augen-blicke-afrika.de\/blog\/wp-json\/wp\/v2\/pages\/2242\/revisions\/2776"}],"up":[{"embeddable":true,"href":"http:\/\/www.augen-blicke-afrika.de\/blog\/wp-json\/wp\/v2\/pages\/2076"}],"wp:attachment":[{"href":"http:\/\/www.augen-blicke-afrika.de\/blog\/wp-json\/wp\/v2\/media?parent=2242"}],"curies":[{"name":"wp","href":"https:\/\/api.w.org\/{rel}","templated":true}]}}