{"id":2240,"date":"2015-09-23T16:54:38","date_gmt":"2015-09-23T14:54:38","guid":{"rendered":"http:\/\/www.augen-blicke-afrika.de\/blog\/?page_id=2240"},"modified":"2018-10-10T13:11:33","modified_gmt":"2018-10-10T11:11:33","slug":"beats-of-the-antonov","status":"publish","type":"page","link":"http:\/\/www.augen-blicke-afrika.de\/blog\/archiv\/archiv-2015\/filme-2015\/beats-of-the-antonov\/","title":{"rendered":"Beats of The Antonov"},"content":{"rendered":"<table style=\"height: 356px;\" width=\"756\">\n<thead>\n<tr>\n<td>\n<p class=\"hide-if-no-js\"><a href=\"http:\/\/www.augen-blicke-afrika.de\/blog\/wp-content\/uploads\/2015\/09\/antonov.jpg\"><img loading=\"lazy\" decoding=\"async\" class=\"alignnone size-full wp-image-2188\" src=\"http:\/\/www.augen-blicke-afrika.de\/blog\/wp-content\/uploads\/2015\/09\/antonov.jpg\" alt=\"antonov\" width=\"500\" height=\"281\" srcset=\"http:\/\/www.augen-blicke-afrika.de\/blog\/wp-content\/uploads\/2015\/09\/antonov.jpg 500w, http:\/\/www.augen-blicke-afrika.de\/blog\/wp-content\/uploads\/2015\/09\/antonov-300x169.jpg 300w\" sizes=\"auto, (max-width: 500px) 100vw, 500px\" \/><\/a><\/p>\n<h1>Beats of The Antonov<\/h1>\n<h3>Dokumentarfilm, Sudan \/ S\u00fcdafrika 2014, R.: Hajooj Kuka, 68 Min., OF, engl. UT<\/h3>\n<\/td>\n<\/tr>\n<\/thead>\n<tbody>\n<tr>\n<td>Der Film zeigt auf beeindruckende Weise das \u00dcberleben der Menschen w\u00e4hrend des B\u00fcrgerkriegs in der Region Blauer Nil und in den Nuba\u2013Bergen. Der l\u00e4ngste Zivilkrieg in Afrika, der im Sudan auch nach der Zwei-Staaten-L\u00f6sung 2011 bis heute anh\u00e4lt, zwingt die Menschen seit langem in Fl\u00fcchtlingslagern zu leben. Die Frauen nehmen in den Camps eine wichtige Rolle ein durch ihre spezielle \u201eM\u00e4dchen-Musik\u201c.<br \/>\nTraditionelle Musik hat in dieser Region schon immer eine gro\u00dfe Rolle im Alltag gespielt, aber nun bekommt sie einen neuen Stellenwert, denn es geht ums \u00dcberleben, um den Erhalt der kulturellen Identit\u00e4t, um Widerstand und politische Partizipation. Das dr\u00fcckt sich in vielf\u00e4ltiger Weise in den neuen Liedern aus, Situationen aus dem Alltag werden textlich verarbeitet und musikalisch umgesetzt.<\/td>\n<\/tr>\n<tr>\n<td style=\"border-bottom: none;\">\n<p class=\"hide-if-no-js\"><a href=\"http:\/\/www.augen-blicke-afrika.de\/blog\/wp-content\/uploads\/2015\/09\/antonov_poster.jpg\"><img loading=\"lazy\" decoding=\"async\" class=\"size-full wp-image-2187 alignleft\" src=\"http:\/\/www.augen-blicke-afrika.de\/blog\/wp-content\/uploads\/2015\/09\/antonov_poster.jpg\" alt=\"antonov_poster\" width=\"117\" height=\"165\" \/><\/a><\/p>\n<p><strong>Hajooj Kuba<\/strong>, geb. im Sudan, absolvierte zun\u00e4chst ein Ingenieur-Studium im Libanon, studierte dann an der Filmhochschule in New York. Er arbeitet als Reporter und Dokumentarfilmer, setzt sich aktiv f\u00fcr die Menschenrechte in seinem Heimatland Sudan ein. F\u00fcr die Dreharbeiten zu \u201eBeats of The Antonov\u201c hielt er sich fast zwei Jahre in den Fl\u00fcchtlingslagern auf. 2014 erhielt er beim Internationalen Filmfestival in Toronto den Publikumspreis f\u00fcr die beste Dokumentation, au\u00dferdem wurde der Film mit dem \u201eHuman Rights Watch\u201c beim gleichnamigen Festival in London ausgezeichnet.<\/td>\n<\/tr>\n<\/tbody>\n<\/table>\n<h6><a href=\"http:\/\/www.augen-blicke-afrika.de\/blog\/wp-content\/uploads\/2014\/10\/AILogo_Kombi_S_HG.jpg\"><img loading=\"lazy\" decoding=\"async\" class=\"alignnone wp-image-1503\" style=\"border: none; padding: 0px;\" src=\"http:\/\/www.augen-blicke-afrika.de\/blog\/wp-content\/uploads\/2014\/10\/AILogo_Kombi_S_HG.jpg\" alt=\"AILogo_Kombi_S_HG\" width=\"167\" height=\"61\" \/><br \/>\n<\/a><br \/>\nIn Zusammenarbeit mit AMNESTY INTERNATIONAL, Bezirk Hamburg<\/h6>\n","protected":false},"excerpt":{"rendered":"<p>Beats of The Antonov Dokumentarfilm, Sudan \/ S\u00fcdafrika 2014, R.: Hajooj Kuka, 68 Min., OF, engl. UT Der Film zeigt auf beeindruckende Weise das \u00dcberleben der Menschen w\u00e4hrend des B\u00fcrgerkriegs in der Region Blauer Nil und in den Nuba\u2013Bergen. Der &hellip; <a href=\"http:\/\/www.augen-blicke-afrika.de\/blog\/archiv\/archiv-2015\/filme-2015\/beats-of-the-antonov\/\">Weiterlesen <span class=\"meta-nav\">&rarr;<\/span><\/a><\/p>\n","protected":false},"author":3,"featured_media":0,"parent":2076,"menu_order":0,"comment_status":"closed","ping_status":"closed","template":"afrika2015_oh.php","meta":{"footnotes":""},"class_list":["post-2240","page","type-page","status-publish","hentry"],"_links":{"self":[{"href":"http:\/\/www.augen-blicke-afrika.de\/blog\/wp-json\/wp\/v2\/pages\/2240","targetHints":{"allow":["GET"]}}],"collection":[{"href":"http:\/\/www.augen-blicke-afrika.de\/blog\/wp-json\/wp\/v2\/pages"}],"about":[{"href":"http:\/\/www.augen-blicke-afrika.de\/blog\/wp-json\/wp\/v2\/types\/page"}],"author":[{"embeddable":true,"href":"http:\/\/www.augen-blicke-afrika.de\/blog\/wp-json\/wp\/v2\/users\/3"}],"replies":[{"embeddable":true,"href":"http:\/\/www.augen-blicke-afrika.de\/blog\/wp-json\/wp\/v2\/comments?post=2240"}],"version-history":[{"count":6,"href":"http:\/\/www.augen-blicke-afrika.de\/blog\/wp-json\/wp\/v2\/pages\/2240\/revisions"}],"predecessor-version":[{"id":2805,"href":"http:\/\/www.augen-blicke-afrika.de\/blog\/wp-json\/wp\/v2\/pages\/2240\/revisions\/2805"}],"up":[{"embeddable":true,"href":"http:\/\/www.augen-blicke-afrika.de\/blog\/wp-json\/wp\/v2\/pages\/2076"}],"wp:attachment":[{"href":"http:\/\/www.augen-blicke-afrika.de\/blog\/wp-json\/wp\/v2\/media?parent=2240"}],"curies":[{"name":"wp","href":"https:\/\/api.w.org\/{rel}","templated":true}]}}