{"id":224,"date":"2012-09-13T14:32:45","date_gmt":"2012-09-13T12:32:45","guid":{"rendered":"http:\/\/www.augen-blicke-afrika.de\/blog\/?page_id=224"},"modified":"2022-09-18T15:38:14","modified_gmt":"2022-09-18T13:38:14","slug":"perfect-guy","status":"publish","type":"page","link":"http:\/\/www.augen-blicke-afrika.de\/blog\/archiv\/archiv-2012\/filme\/perfect-guy\/","title":{"rendered":"Le mec id\u00e9al \u2013 The Perfect Guy"},"content":{"rendered":"<h2><a href=\"#francais\"><img loading=\"lazy\" decoding=\"async\" class=\"alignright  wp-image-576\" style=\"border: 0px none; margin: 0px;\" title=\"version francaise\" src=\"http:\/\/www.augen-blicke-afrika.de\/blog\/wp-content\/uploads\/2012\/09\/france-schrift.gif\" alt=\"franz\u00f6sische Fahne\" width=\"60\" height=\"34\"><\/a><\/h2>\n<h2><a name=\"perfect-guy\"><\/a>Le mec id\u00e9al \u2013 The Perfect Guy<\/h2>\n<p><em>(Elfenbeink\u00fcste 2010, R.: Owell A. Brown, 110 Min., <em><em><em>Original mit englischen Untertiteln<\/em><\/em><\/em>. Mit Mike Danon, Emma Lohoues, Serge Abessolo, Marie-Louise Asseue, Bienvenue Neba)<\/em><\/p>\n<p><strong>Bei der Vorstellung am 19.10. wird Fanta Camara zur Diskussion anwesend sein.<\/strong><\/p>\n<p><a href=\"http:\/\/www.augen-blicke-afrika.de\/blog\/wp-content\/uploads\/2012\/09\/le-mec-ideal_filmplakat.jpg\"><img loading=\"lazy\" decoding=\"async\" class=\"alignleft size-full wp-image-227\" title=\"Le Mec Ideal - The Perfect Guy\" src=\"http:\/\/www.augen-blicke-afrika.de\/blog\/wp-content\/uploads\/2012\/09\/le-mec-ideal_filmplakat.jpg\" alt=\"Le Mec Ideal - The Perfect Guy\" width=\"200\" height=\"283\"><\/a>Estelle geh\u00f6rt mit ihrem Hairstyle-Salon zur jungen und erfolgreichen Gesch\u00e4ftswelt von Abidjan, der Hauptstadt der Elfenbeink\u00fcste. Ihre Eltern \u2013 eher der Tradition verbunden \u2013 sind von ihrem Engagement wenig begeistert und setzen auf die Hochzeit mit einem reichen Mann. Da hat der unscheinbare Marcus, der eine kleine W\u00e4scherei betreibt, scheinbar keine Chance bei der attraktiven Estelle. Mit Hilfe eines Freundes versucht er trickreich trotzdem sein Gl\u00fcck. In der mit viel Witz und Selbstironie gedrehten Kom\u00f6die gelingt dem Filmemacher Owell A. Brown ein faszinierendes Bild der modernen afrikanischen Stadtkultur.<\/p>\n<p>Owell A. Brown lebt und arbeitet in der C\u00f4te d\u2019Ivoire und gilt als eines der dortigen jungen Talente. Er realisierte zun\u00e4chst einige Kurzfilme und 2008 seinen ersten langen Spielfilm <em>\u201eNo Way\u201c<\/em>, mit dem Rapper Passi in der Hauptrolle, der mit gro\u00dfem Erfolg in die ivorischen Kinos kam. <em>\u201eLe mec id\u00e9al\u201c<\/em> erhielt den <em>Etalon de bronze<\/em> (3. Preis) beim <em>FESPACO<\/em> 2011.<\/p>\n<p>Trailer des Films (franz.): <a title=\"Zum Trailer des Films &quot;Le mec id\u00e9al - The Perfect Guy&quot; (franz\u00f6sisch)\" href=\"http:\/\/tinyurl.com\/9w59p63\" target=\"_blank\" rel=\"noopener\">http:\/\/tinyurl.com\/9w59p63<\/a><strong><\/strong><\/p>\n<div id=\"attachment_228\" style=\"width: 510px\" class=\"wp-caption alignnone\"><a href=\"http:\/\/www.augen-blicke-afrika.de\/blog\/wp-content\/uploads\/2012\/09\/le-mec-ideal.jpg\"><img loading=\"lazy\" decoding=\"async\" aria-describedby=\"caption-attachment-228\" class=\"size-full wp-image-228\" title=\"Le Mec Ideal - The Perfect Guy\" src=\"http:\/\/www.augen-blicke-afrika.de\/blog\/wp-content\/uploads\/2012\/09\/le-mec-ideal.jpg\" alt=\"Le Mec Ideal - The Perfect Guy\" width=\"500\" height=\"336\" srcset=\"http:\/\/www.augen-blicke-afrika.de\/blog\/wp-content\/uploads\/2012\/09\/le-mec-ideal.jpg 500w, http:\/\/www.augen-blicke-afrika.de\/blog\/wp-content\/uploads\/2012\/09\/le-mec-ideal-300x201.jpg 300w, http:\/\/www.augen-blicke-afrika.de\/blog\/wp-content\/uploads\/2012\/09\/le-mec-ideal-446x300.jpg 446w\" sizes=\"auto, (max-width: 500px) 100vw, 500px\" \/><\/a><p id=\"caption-attachment-228\" class=\"wp-caption-text\">Filmfoto &#8220;Le Mec Ideal &#8211; The Perfect Guy&#8221;<\/p><\/div>\n<p><a name=\"francais\"><\/a><\/p>\n<h2>Le mec id\u00e9al<\/h2>\n<p><em>(C\u00f4te-d&#8217;Ivoire 2010, R. owell A. Brown, 110 min, OmenglU)<\/em><\/p>\n<p><em><\/em>Estelle appartient avec son salon de coiffure aux jeunes entreprises \u00e0 succ\u00e8s et r\u00e9ussite \u00e0 Abidjan, la capitale de la C\u00f4te d&#8217;Ivoire. Le discr\u00e8t Marcus, qui dirige une petite buanderie, reste l&#8217;attractivit\u00e9 d&#8217;Estelle pas cach\u00e9e.Mais il n&#8217;a aucune chance dans un premier temps. Avec l&#8217;aide d&#8217;un ami, il tenta sa chance encore d\u00e9licatement. Avec l&#8217;esprit et la com\u00e9die ironique le cin\u00e9aste owell A. Brown r\u00e9ussi le coup d&#8217;une image fascinante de la culture urbaine moderne africaine.<\/p>\n<p>Owell A. Brown a v\u00e9cu et travaill\u00e9 en C\u00f4te d&#8217;Ivoire et est consid\u00e9r\u00e9 comme l&#8217;un des jeunes talents locaux. Il a d&#8217;abord r\u00e9alis\u00e9 plusieurs courts m\u00e9trages et en 2008 son premier long m\u00e9trage &#8220;No Way&#8221;, avec le rappeur Passi dans le r\u00f4le principal, qui est venu avec beaucoup de succ\u00e8s dans le cin\u00e9ma ivoirien. Le mec id\u00e9al remport\u00e9 l&#8217;Etalon de bronze (3e prix) \u00e0 la 2011 e FESPACO<\/p>\n<p><a title=\"Programm\u00fcbersicht\" href=\"http:\/\/www.augen-blicke-afrika.de\/blog\/programm\/\">Zur\u00fcck zur Programm\u00fcbersicht<\/a><br \/>\n<a title=\"Programm\u00fcbersicht\" href=\"http:\/\/www.augen-blicke-afrika.de\/blog\/filme\/\">Zur\u00fcck zum Filmverzeichnis<\/a><\/p>\n","protected":false},"excerpt":{"rendered":"<p>Le mec id\u00e9al \u2013 The Perfect Guy (Elfenbeink\u00fcste 2010, R.: Owell A. Brown, 110 Min., Original mit englischen Untertiteln. Mit Mike Danon, Emma Lohoues, Serge Abessolo, Marie-Louise Asseue, Bienvenue Neba) Bei der Vorstellung am 19.10. wird Fanta Camara zur Diskussion &hellip; <a href=\"http:\/\/www.augen-blicke-afrika.de\/blog\/archiv\/archiv-2012\/filme\/perfect-guy\/\">Weiterlesen <span class=\"meta-nav\">&rarr;<\/span><\/a><\/p>\n","protected":false},"author":1,"featured_media":357,"parent":89,"menu_order":0,"comment_status":"closed","ping_status":"closed","template":"afrika2012.php","meta":{"footnotes":""},"class_list":["post-224","page","type-page","status-publish","has-post-thumbnail","hentry"],"_links":{"self":[{"href":"http:\/\/www.augen-blicke-afrika.de\/blog\/wp-json\/wp\/v2\/pages\/224","targetHints":{"allow":["GET"]}}],"collection":[{"href":"http:\/\/www.augen-blicke-afrika.de\/blog\/wp-json\/wp\/v2\/pages"}],"about":[{"href":"http:\/\/www.augen-blicke-afrika.de\/blog\/wp-json\/wp\/v2\/types\/page"}],"author":[{"embeddable":true,"href":"http:\/\/www.augen-blicke-afrika.de\/blog\/wp-json\/wp\/v2\/users\/1"}],"replies":[{"embeddable":true,"href":"http:\/\/www.augen-blicke-afrika.de\/blog\/wp-json\/wp\/v2\/comments?post=224"}],"version-history":[{"count":17,"href":"http:\/\/www.augen-blicke-afrika.de\/blog\/wp-json\/wp\/v2\/pages\/224\/revisions"}],"predecessor-version":[{"id":6789,"href":"http:\/\/www.augen-blicke-afrika.de\/blog\/wp-json\/wp\/v2\/pages\/224\/revisions\/6789"}],"up":[{"embeddable":true,"href":"http:\/\/www.augen-blicke-afrika.de\/blog\/wp-json\/wp\/v2\/pages\/89"}],"wp:featuredmedia":[{"embeddable":true,"href":"http:\/\/www.augen-blicke-afrika.de\/blog\/wp-json\/wp\/v2\/media\/357"}],"wp:attachment":[{"href":"http:\/\/www.augen-blicke-afrika.de\/blog\/wp-json\/wp\/v2\/media?parent=224"}],"curies":[{"name":"wp","href":"https:\/\/api.w.org\/{rel}","templated":true}]}}