{"id":2238,"date":"2015-09-23T16:52:52","date_gmt":"2015-09-23T14:52:52","guid":{"rendered":"http:\/\/www.augen-blicke-afrika.de\/blog\/?page_id=2238"},"modified":"2018-10-10T13:16:06","modified_gmt":"2018-10-10T11:16:06","slug":"making-of-kamikaze","status":"publish","type":"page","link":"http:\/\/www.augen-blicke-afrika.de\/blog\/archiv\/archiv-2015\/filme-2015\/making-of-kamikaze\/","title":{"rendered":"Making of &#8211; Kamikaze"},"content":{"rendered":"<table style=\"height: 356px;\" width=\"756\">\n<thead>\n<tr>\n<td>\n<p class=\"hide-if-no-js\"><a href=\"http:\/\/www.augen-blicke-afrika.de\/blog\/wp-content\/uploads\/2015\/09\/MAKING.jpg\"><img loading=\"lazy\" decoding=\"async\" class=\"alignnone size-full wp-image-2190\" src=\"http:\/\/www.augen-blicke-afrika.de\/blog\/wp-content\/uploads\/2015\/09\/MAKING.jpg\" alt=\"MAKING\" width=\"500\" height=\"331\" srcset=\"http:\/\/www.augen-blicke-afrika.de\/blog\/wp-content\/uploads\/2015\/09\/MAKING.jpg 500w, http:\/\/www.augen-blicke-afrika.de\/blog\/wp-content\/uploads\/2015\/09\/MAKING-300x199.jpg 300w, http:\/\/www.augen-blicke-afrika.de\/blog\/wp-content\/uploads\/2015\/09\/MAKING-453x300.jpg 453w\" sizes=\"auto, (max-width: 500px) 100vw, 500px\" \/><\/a><\/p>\n<h1>Making of &#8211; Kamikaze<\/h1>\n<h3>Tunesien \/ Frankreich \/ Deutschland 2006, R.: Nouri Bouzid, 115 Min., OF, dt. UT<\/h3>\n<\/td>\n<\/tr>\n<\/thead>\n<tbody>\n<tr>\n<td>Bahta, ein junger Tunesier, tr\u00e4umt von einer Karriere als Breakdancer in Italien. Doch die Realit\u00e4t sieht anders aus, denn er hat keine Ausbildung, keinen Job und Probleme mit seiner Freundin. Auch eine Auswanderung nach Europa erscheint wegen der milit\u00e4risch gesicherten europ\u00e4ischen Au\u00dfengrenzen aussichtslos. In Tunesien ist Breakdancing nicht gerne gesehen, weshalb Bahta und seine Freunde immer wieder in Konflikte mit der Polizei geraten. Eine Gruppe islamistischer Fundamentalisten registriert Bahtas Frustration und versucht, ihn f\u00fcr ihre Zwecke zu gewinnen und zu einem der ihren zu machen.<br \/>\nDer Film tritt f\u00fcr arabisch-islamische Werte ein, wendet sich aber zugleich gegen deren Missbrauch und spricht sich f\u00fcr eine Trennung von Religion und Politik aus.<\/td>\n<\/tr>\n<tr>\n<td style=\"border-bottom: none;\">\n<p class=\"hide-if-no-js\"><a href=\"http:\/\/www.augen-blicke-afrika.de\/blog\/wp-content\/uploads\/2015\/09\/MAKING_poster.jpg\"><img loading=\"lazy\" decoding=\"async\" class=\"size-full wp-image-2189 alignleft\" src=\"http:\/\/www.augen-blicke-afrika.de\/blog\/wp-content\/uploads\/2015\/09\/MAKING_poster.jpg\" alt=\"MAKING_poster\" width=\"117\" height=\"165\" \/><\/a><\/p>\n<p><strong>Nouri Bouzid<\/strong>, geb. 1945 in Tunesien, studierte am INSAS in Br\u00fcssel und schloss sein Studium 1972 mit dem Kurzfilm \u201eDuel\u201c ab. Zur\u00fcck in Tunesien arbeitete er ein Jahr beim Fernsehen, wurde dann wegen politischer Aktivit\u00e4ten verurteilt und sa\u00df \u00fcber f\u00fcnf Jahre im Gef\u00e4ngnis. Wieder in Freiheit arbeitete er ab 1979 bei zahlreichen in- und ausl\u00e4ndischen Filmproduktionen mit. Sein erster eigener Spielfilm \u201eL&#8217;homme de cendres\u201c 1986, der in Cannes gezeigt wurde und diverse Preise auf Festivals erhielt, verschaffte ihm den Durchbruch. Heute gilt er als einer der wichtigsten Drehbuchschreiber und Filmregisseure des Maghreb-Kinos.<\/td>\n<\/tr>\n<\/tbody>\n<\/table>\n<p>&nbsp;<\/p>\n","protected":false},"excerpt":{"rendered":"<p>Making of &#8211; Kamikaze Tunesien \/ Frankreich \/ Deutschland 2006, R.: Nouri Bouzid, 115 Min., OF, dt. UT Bahta, ein junger Tunesier, tr\u00e4umt von einer Karriere als Breakdancer in Italien. Doch die Realit\u00e4t sieht anders aus, denn er hat keine &hellip; <a href=\"http:\/\/www.augen-blicke-afrika.de\/blog\/archiv\/archiv-2015\/filme-2015\/making-of-kamikaze\/\">Weiterlesen <span class=\"meta-nav\">&rarr;<\/span><\/a><\/p>\n","protected":false},"author":3,"featured_media":0,"parent":2076,"menu_order":0,"comment_status":"closed","ping_status":"closed","template":"afrika2015_oh.php","meta":{"footnotes":""},"class_list":["post-2238","page","type-page","status-publish","hentry"],"_links":{"self":[{"href":"http:\/\/www.augen-blicke-afrika.de\/blog\/wp-json\/wp\/v2\/pages\/2238","targetHints":{"allow":["GET"]}}],"collection":[{"href":"http:\/\/www.augen-blicke-afrika.de\/blog\/wp-json\/wp\/v2\/pages"}],"about":[{"href":"http:\/\/www.augen-blicke-afrika.de\/blog\/wp-json\/wp\/v2\/types\/page"}],"author":[{"embeddable":true,"href":"http:\/\/www.augen-blicke-afrika.de\/blog\/wp-json\/wp\/v2\/users\/3"}],"replies":[{"embeddable":true,"href":"http:\/\/www.augen-blicke-afrika.de\/blog\/wp-json\/wp\/v2\/comments?post=2238"}],"version-history":[{"count":3,"href":"http:\/\/www.augen-blicke-afrika.de\/blog\/wp-json\/wp\/v2\/pages\/2238\/revisions"}],"predecessor-version":[{"id":2772,"href":"http:\/\/www.augen-blicke-afrika.de\/blog\/wp-json\/wp\/v2\/pages\/2238\/revisions\/2772"}],"up":[{"embeddable":true,"href":"http:\/\/www.augen-blicke-afrika.de\/blog\/wp-json\/wp\/v2\/pages\/2076"}],"wp:attachment":[{"href":"http:\/\/www.augen-blicke-afrika.de\/blog\/wp-json\/wp\/v2\/media?parent=2238"}],"curies":[{"name":"wp","href":"https:\/\/api.w.org\/{rel}","templated":true}]}}