{"id":2230,"date":"2015-09-23T16:45:19","date_gmt":"2015-09-23T14:45:19","guid":{"rendered":"http:\/\/www.augen-blicke-afrika.de\/blog\/?page_id=2230"},"modified":"2018-10-10T13:20:16","modified_gmt":"2018-10-10T11:20:16","slug":"taxi-sisters","status":"publish","type":"page","link":"http:\/\/www.augen-blicke-afrika.de\/blog\/archiv\/archiv-2015\/filme-2015\/taxi-sisters\/","title":{"rendered":"Taxi Sisters"},"content":{"rendered":"<table style=\"height: 356px;\" width=\"756\">\n<thead>\n<tr>\n<td>\n<h1>Taxi sisters<\/h1>\n<h3>Dokumentarfilm, Senegal 2011, R.: Theresa Traore Dahlberg, 28 Min., OF, engl. UT<\/h3>\n<\/td>\n<\/tr>\n<\/thead>\n<tbody>\n<tr>\n<td>Im Mittelpunkt des Films steht Boury, eine allein erziehende Mutter, die sich in der senegalesischen Hauptstadt Dakar als Taxifahrerin t\u00e4glich gegen ihre chauvinistischen Konkurrenten behaupten muss. Ein Unterfangen, das Selbstbewusstsein und Durch\u00adsetzungsverm\u00f6gen voraussetzt f\u00fcr 15 Taxi Sisters, denen eine \u00dcbermacht von 15.000 m\u00e4nnlichen Kollegen gegen\u00fcbersteht. Der Konkurrenzkampf unter den Taxifahrern ist entsprechend gro\u00df und es fehlt bei den M\u00e4nnern die Einsicht, dass Frauen dieser Aufgabe gewachsen sind und sich durch F\u00f6rderung der Regierung seit 2007 als Unternehmerinnen beweisen k\u00f6nnen.<\/td>\n<\/tr>\n<tr>\n<td style=\"border-bottom: none;\"><strong>Theresa Traore Dahlberg<\/strong>, geb.1983 in Schweden, wuchs in Schweden und Burkina Faso auf. Sie studierte zun\u00e4chst \u00d6konomie und Politikwissenschaften in Schweden, danach absolvierte sie eine Regie- und Produzentin-Ausbildung in New York. Seit 2003 ist sie an diversen Dreharbeiten speziell in Burkina Faso beteiligt. \u201eTaxi Sisters\u201c ist ihr Abschlussfilm an der Stockholmer Akademie \u201eDramatic Arts\u201c.<\/td>\n<\/tr>\n<\/tbody>\n<\/table>\n<p><\/p>\n","protected":false},"excerpt":{"rendered":"<p>Taxi sisters Dokumentarfilm, Senegal 2011, R.: Theresa Traore Dahlberg, 28 Min., OF, engl. UT Im Mittelpunkt des Films steht Boury, eine allein erziehende Mutter, die sich in der senegalesischen Hauptstadt Dakar als Taxifahrerin t\u00e4glich gegen ihre chauvinistischen Konkurrenten behaupten muss. &hellip; <a href=\"http:\/\/www.augen-blicke-afrika.de\/blog\/archiv\/archiv-2015\/filme-2015\/taxi-sisters\/\">Weiterlesen <span class=\"meta-nav\">&rarr;<\/span><\/a><\/p>\n","protected":false},"author":3,"featured_media":0,"parent":2076,"menu_order":0,"comment_status":"closed","ping_status":"closed","template":"afrika2015_oh.php","meta":{"footnotes":""},"class_list":["post-2230","page","type-page","status-publish","hentry"],"_links":{"self":[{"href":"http:\/\/www.augen-blicke-afrika.de\/blog\/wp-json\/wp\/v2\/pages\/2230","targetHints":{"allow":["GET"]}}],"collection":[{"href":"http:\/\/www.augen-blicke-afrika.de\/blog\/wp-json\/wp\/v2\/pages"}],"about":[{"href":"http:\/\/www.augen-blicke-afrika.de\/blog\/wp-json\/wp\/v2\/types\/page"}],"author":[{"embeddable":true,"href":"http:\/\/www.augen-blicke-afrika.de\/blog\/wp-json\/wp\/v2\/users\/3"}],"replies":[{"embeddable":true,"href":"http:\/\/www.augen-blicke-afrika.de\/blog\/wp-json\/wp\/v2\/comments?post=2230"}],"version-history":[{"count":7,"href":"http:\/\/www.augen-blicke-afrika.de\/blog\/wp-json\/wp\/v2\/pages\/2230\/revisions"}],"predecessor-version":[{"id":2767,"href":"http:\/\/www.augen-blicke-afrika.de\/blog\/wp-json\/wp\/v2\/pages\/2230\/revisions\/2767"}],"up":[{"embeddable":true,"href":"http:\/\/www.augen-blicke-afrika.de\/blog\/wp-json\/wp\/v2\/pages\/2076"}],"wp:attachment":[{"href":"http:\/\/www.augen-blicke-afrika.de\/blog\/wp-json\/wp\/v2\/media?parent=2230"}],"curies":[{"name":"wp","href":"https:\/\/api.w.org\/{rel}","templated":true}]}}