{"id":2212,"date":"2015-09-23T16:28:49","date_gmt":"2015-09-23T14:28:49","guid":{"rendered":"http:\/\/www.augen-blicke-afrika.de\/blog\/?page_id=2212"},"modified":"2018-10-10T13:14:32","modified_gmt":"2018-10-10T11:14:32","slug":"heremakono-waiting-for-happiness","status":"publish","type":"page","link":"http:\/\/www.augen-blicke-afrika.de\/blog\/archiv\/archiv-2015\/filme-2015\/heremakono-waiting-for-happiness\/","title":{"rendered":"Heremakono &#8211;  Waiting for Happiness"},"content":{"rendered":"<table style=\"height: 356px;\" width=\"756\">\n<thead>\n<tr>\n<td>\n<p class=\"hide-if-no-js\"><a href=\"http:\/\/www.augen-blicke-afrika.de\/blog\/wp-content\/uploads\/2015\/09\/Heremakono.jpg\"><img loading=\"lazy\" decoding=\"async\" class=\"alignnone size-full wp-image-2199\" src=\"http:\/\/www.augen-blicke-afrika.de\/blog\/wp-content\/uploads\/2015\/09\/Heremakono.jpg\" alt=\"Heremakono\" width=\"500\" height=\"347\" srcset=\"http:\/\/www.augen-blicke-afrika.de\/blog\/wp-content\/uploads\/2015\/09\/Heremakono.jpg 500w, http:\/\/www.augen-blicke-afrika.de\/blog\/wp-content\/uploads\/2015\/09\/Heremakono-300x208.jpg 300w, http:\/\/www.augen-blicke-afrika.de\/blog\/wp-content\/uploads\/2015\/09\/Heremakono-432x300.jpg 432w\" sizes=\"auto, (max-width: 500px) 100vw, 500px\" \/><\/a><\/p>\n<h1>Heremakono &#8211;\u00a0 Waiting for Happiness<\/h1>\n<h3>Mauretanien 2002, R.: Abderrahmane Sissako, 95 Min., OF, dt. UT<\/h3>\n<\/td>\n<\/tr>\n<\/thead>\n<tbody>\n<tr>\n<td>Abdallah, ein junger Mann, ist arbeitslos, hat keine Zukunft, wie so viele in seinem Land.<br \/>\nSo steigt er eines Tages in ein Sammeltaxi, \u00fcberquert die Grenze nach Mauretanien und landet bei Verwandten in der K\u00fcstenstadt Nouadhibou. Die Stadt ist umgeben von W\u00fcste, nur auf einer Seite er\u00f6ffnet sich ein weiter Blick aufs Meer, gro\u00dfe Schiffe ziehen auf dem Weg in unbekannte H\u00e4fen vorbei.<br \/>\nDer Film erz\u00e4hlt in ruhigen, bestechend sch\u00f6nen Bildern von wartenden Menschen, die fortgehen wollen, und von jungen und alten Menschen, die im Bleiben eine Zukunft sehen.<\/td>\n<\/tr>\n<tr>\n<td style=\"border-bottom: none;\">\n<p class=\"hide-if-no-js\"><a href=\"http:\/\/www.augen-blicke-afrika.de\/blog\/wp-content\/uploads\/2015\/09\/Heremakono_poster.jpg\"><img loading=\"lazy\" decoding=\"async\" class=\"size-full wp-image-2198 alignleft\" src=\"http:\/\/www.augen-blicke-afrika.de\/blog\/wp-content\/uploads\/2015\/09\/Heremakono_poster.jpg\" alt=\"Heremakono_poster\" width=\"117\" height=\"165\" \/><\/a><\/p>\n<p><strong>Abderrahmane Sissako<\/strong>, geb.1961 in Mauretanien, wuchs in Mali auf, dem Herkunftsland seines Vaters. In den 1980er Jahren studierte er in Moskau am Gerassimow-Institut f\u00fcr Kinematographie. Anfang der 1990er Jahre zog er nach Paris. Als Regisseur und Produzent realisierte er zahlreiche Spielfilme, u. a. 2006 \u201eBamako\u201c, ein Filmdrama \u00fcber einen fiktiven Prozess der afrikanischen Zivilgesellschaft gegen Weltbank und IWF. 2003 war er Jury-Mitglied der Berlinale, au\u00dferdem mehrmals in der Jury der Filmfestspiele in Cannes. Sein Film \u201eTimbuktu\u201c erhielt 2014 in Cannes den \u201ePreis der \u00f6kumenischen Jury\u201c.<br \/>\n\u201eHeremakono\u201d wurde ausgezeichnet mit dem gro\u00dfen Preis als bester Film beim wichtigsten afrikanischen Festival von Ougadougou und mit dem Preis der internationalen Filmkritik in Cannes.<\/td>\n<\/tr>\n<\/tbody>\n<\/table>\n<p>&nbsp;<\/p>\n","protected":false},"excerpt":{"rendered":"<p>Heremakono &#8211;\u00a0 Waiting for Happiness Mauretanien 2002, R.: Abderrahmane Sissako, 95 Min., OF, dt. UT Abdallah, ein junger Mann, ist arbeitslos, hat keine Zukunft, wie so viele in seinem Land. So steigt er eines Tages in ein Sammeltaxi, \u00fcberquert die &hellip; <a href=\"http:\/\/www.augen-blicke-afrika.de\/blog\/archiv\/archiv-2015\/filme-2015\/heremakono-waiting-for-happiness\/\">Weiterlesen <span class=\"meta-nav\">&rarr;<\/span><\/a><\/p>\n","protected":false},"author":3,"featured_media":0,"parent":2076,"menu_order":0,"comment_status":"closed","ping_status":"closed","template":"afrika2015_oh.php","meta":{"footnotes":""},"class_list":["post-2212","page","type-page","status-publish","hentry"],"_links":{"self":[{"href":"http:\/\/www.augen-blicke-afrika.de\/blog\/wp-json\/wp\/v2\/pages\/2212","targetHints":{"allow":["GET"]}}],"collection":[{"href":"http:\/\/www.augen-blicke-afrika.de\/blog\/wp-json\/wp\/v2\/pages"}],"about":[{"href":"http:\/\/www.augen-blicke-afrika.de\/blog\/wp-json\/wp\/v2\/types\/page"}],"author":[{"embeddable":true,"href":"http:\/\/www.augen-blicke-afrika.de\/blog\/wp-json\/wp\/v2\/users\/3"}],"replies":[{"embeddable":true,"href":"http:\/\/www.augen-blicke-afrika.de\/blog\/wp-json\/wp\/v2\/comments?post=2212"}],"version-history":[{"count":6,"href":"http:\/\/www.augen-blicke-afrika.de\/blog\/wp-json\/wp\/v2\/pages\/2212\/revisions"}],"predecessor-version":[{"id":2753,"href":"http:\/\/www.augen-blicke-afrika.de\/blog\/wp-json\/wp\/v2\/pages\/2212\/revisions\/2753"}],"up":[{"embeddable":true,"href":"http:\/\/www.augen-blicke-afrika.de\/blog\/wp-json\/wp\/v2\/pages\/2076"}],"wp:attachment":[{"href":"http:\/\/www.augen-blicke-afrika.de\/blog\/wp-json\/wp\/v2\/media?parent=2212"}],"curies":[{"name":"wp","href":"https:\/\/api.w.org\/{rel}","templated":true}]}}