{"id":2204,"date":"2015-09-23T16:22:59","date_gmt":"2015-09-23T14:22:59","guid":{"rendered":"http:\/\/www.augen-blicke-afrika.de\/blog\/?page_id=2204"},"modified":"2022-09-18T18:05:43","modified_gmt":"2022-09-18T16:05:43","slug":"african-metropolis","status":"publish","type":"page","link":"http:\/\/www.augen-blicke-afrika.de\/blog\/archiv\/archiv-2015\/filme-2015\/african-metropolis\/","title":{"rendered":"African Metropolis"},"content":{"rendered":"<table style=\"height: 356px;\" width=\"756\">\n<thead>\n<tr>\n<td>\n<h1>African Metropolis<\/h1>\n<h3>92 Min., OF, dt. UT<\/h3>\n<p>&nbsp;<\/p>\n<h2>HOMECOMING<\/h2>\n<h3>R.: Jim Chuchu; Kenia 2013, 11 Min.<\/h3>\n<h2>THE CAVE<\/h2>\n<h3>R.: Ahmed Ghoneimy; \u00c4gypten 2013, 23 Min.<\/h3>\n<h2>THE LINE-UP<\/h2>\n<h3>R.: Folasakin Iwajomo; Nigeria 2013, 13 Min.<\/h3>\n<h2>L`AUTRE FEMME<\/h2>\n<h3>R.: Marie KA; Senegal 2013, 12 Min.<\/h3>\n<h2>TO REPEL GHOSTS<\/h2>\n<h3>R.: Philippe Lac\u00f4te; Elfenbeink\u00fcste 2013, 20 Min.<\/h3>\n<h2>BEREA<\/h2>\n<h3>R.: Vincent Moloi; S\u00fcdafrika 2013, 13 Min.<\/h3>\n<\/td>\n<\/tr>\n<\/thead>\n<tbody>\n<tr>\n<td>\u201eAfrican Metropolis\u201c zeichnet inhaltlich wie formal ein facettenreiches Bild afrikanischen Filmschaffens. Die Kurzfilme spielen in sechs Metropolen Afrikas. Auf dem ganzen Kontinent lebt inzwischen 50% der Bev\u00f6lkerung in St\u00e4dten. Die Verst\u00e4dterung ver\u00e4ndert die Kultur und die Werte einer Gesellschaft sehr schnell und wird immer komplexer in ihren Auswirkungen. Die Filme, gedreht in Nairobi, Kairo, Lagos, Dakar, Abidjan und Johannesburg, wenden sich daher bewusst ab von den eher traditionellen, l\u00e4ndlichen Themen der Vergangenheit hin zu den urbanen Geschichten des heutigen Afrikas.<br \/>\nDie Filme sind Ergebnis eines vom Goethe-Institut S\u00fcdafrika ausgeschriebenen Filmprojektes zur Nachwuchsf\u00f6rderung.<\/td>\n<\/tr>\n<tr>\n<td style=\"border-bottom: none;\">\n<p class=\"hide-if-no-js\"><a href=\"http:\/\/www.augen-blicke-afrika.de\/blog\/wp-content\/uploads\/2015\/09\/metropolis_poster.jpg\"><img loading=\"lazy\" decoding=\"async\" class=\"alignnone size-full wp-image-2200\" src=\"http:\/\/www.augen-blicke-afrika.de\/blog\/wp-content\/uploads\/2015\/09\/metropolis_poster.jpg\" alt=\"metropolis_poster\" width=\"334\" height=\"222\" srcset=\"http:\/\/www.augen-blicke-afrika.de\/blog\/wp-content\/uploads\/2015\/09\/metropolis_poster.jpg 334w, http:\/\/www.augen-blicke-afrika.de\/blog\/wp-content\/uploads\/2015\/09\/metropolis_poster-300x199.jpg 300w\" sizes=\"auto, (max-width: 334px) 100vw, 334px\" \/><\/a><\/p>\n<\/td>\n<\/tr>\n<\/tbody>\n<\/table>\n<p>&nbsp;<\/p>\n","protected":false},"excerpt":{"rendered":"<p>African Metropolis 92 Min., OF, dt. UT &nbsp; HOMECOMING R.: Jim Chuchu; Kenia 2013, 11 Min. THE CAVE R.: Ahmed Ghoneimy; \u00c4gypten 2013, 23 Min. THE LINE-UP R.: Folasakin Iwajomo; Nigeria 2013, 13 Min. L`AUTRE FEMME R.: Marie KA; Senegal &hellip; <a href=\"http:\/\/www.augen-blicke-afrika.de\/blog\/archiv\/archiv-2015\/filme-2015\/african-metropolis\/\">Weiterlesen <span class=\"meta-nav\">&rarr;<\/span><\/a><\/p>\n","protected":false},"author":3,"featured_media":2073,"parent":2076,"menu_order":0,"comment_status":"closed","ping_status":"closed","template":"afrika2015_oh.php","meta":{"footnotes":""},"class_list":["post-2204","page","type-page","status-publish","has-post-thumbnail","hentry"],"_links":{"self":[{"href":"http:\/\/www.augen-blicke-afrika.de\/blog\/wp-json\/wp\/v2\/pages\/2204","targetHints":{"allow":["GET"]}}],"collection":[{"href":"http:\/\/www.augen-blicke-afrika.de\/blog\/wp-json\/wp\/v2\/pages"}],"about":[{"href":"http:\/\/www.augen-blicke-afrika.de\/blog\/wp-json\/wp\/v2\/types\/page"}],"author":[{"embeddable":true,"href":"http:\/\/www.augen-blicke-afrika.de\/blog\/wp-json\/wp\/v2\/users\/3"}],"replies":[{"embeddable":true,"href":"http:\/\/www.augen-blicke-afrika.de\/blog\/wp-json\/wp\/v2\/comments?post=2204"}],"version-history":[{"count":7,"href":"http:\/\/www.augen-blicke-afrika.de\/blog\/wp-json\/wp\/v2\/pages\/2204\/revisions"}],"predecessor-version":[{"id":6913,"href":"http:\/\/www.augen-blicke-afrika.de\/blog\/wp-json\/wp\/v2\/pages\/2204\/revisions\/6913"}],"up":[{"embeddable":true,"href":"http:\/\/www.augen-blicke-afrika.de\/blog\/wp-json\/wp\/v2\/pages\/2076"}],"wp:featuredmedia":[{"embeddable":true,"href":"http:\/\/www.augen-blicke-afrika.de\/blog\/wp-json\/wp\/v2\/media\/2073"}],"wp:attachment":[{"href":"http:\/\/www.augen-blicke-afrika.de\/blog\/wp-json\/wp\/v2\/media?parent=2204"}],"curies":[{"name":"wp","href":"https:\/\/api.w.org\/{rel}","templated":true}]}}