{"id":2161,"date":"2015-09-23T16:20:46","date_gmt":"2015-09-23T14:20:46","guid":{"rendered":"http:\/\/www.augen-blicke-afrika.de\/blog\/?page_id=2161"},"modified":"2018-10-10T14:07:15","modified_gmt":"2018-10-10T12:07:15","slug":"run","status":"publish","type":"page","link":"http:\/\/www.augen-blicke-afrika.de\/blog\/archiv\/archiv-2015\/filme-2015\/run\/","title":{"rendered":"Run"},"content":{"rendered":"<table style=\"height: 356px;\" width=\"756\">\n<thead>\n<tr>\n<td>\n<p class=\"hide-if-no-js\"><a href=\"http:\/\/www.augen-blicke-afrika.de\/blog\/wp-content\/uploads\/2015\/09\/RUN.jpg\"><img loading=\"lazy\" decoding=\"async\" class=\"alignnone size-full wp-image-2202\" src=\"http:\/\/www.augen-blicke-afrika.de\/blog\/wp-content\/uploads\/2015\/09\/RUN.jpg\" alt=\"RUN\" width=\"500\" height=\"281\" srcset=\"http:\/\/www.augen-blicke-afrika.de\/blog\/wp-content\/uploads\/2015\/09\/RUN.jpg 500w, http:\/\/www.augen-blicke-afrika.de\/blog\/wp-content\/uploads\/2015\/09\/RUN-300x169.jpg 300w\" sizes=\"auto, (max-width: 500px) 100vw, 500px\" \/><\/a><\/p>\n<h1>Run<\/h1>\n<h3>Elfenbeink\u00fcste \/ Frankreich 2014, R.: Philippe Lac\u00d4te, 100 Min. OF, engl. UT<\/h3>\n<\/td>\n<\/tr>\n<\/thead>\n<tbody>\n<tr>\n<td>Run, so nennt sich ein junger Mann selbst, weil er immer in Situationen ger\u00e4t, in denen er von anderen abh\u00e4ngig ist und aus denen er nur durch Flucht heil herauskommt. Nun hat er gerade den Premierminister seines Landes get\u00f6tet. In R\u00fcckblenden erz\u00e4hlt der Film von seinem Traum als kleiner Junge, ein Regenmacher zu werden und \u00fcber seine Abenteuer mit der skurrilen Gladys, einer Frau, die als Vielfra\u00df auftritt und damit gute Gesch\u00e4fte macht. Diese Zeit endet abrupt, als sie nicht mehr essen kann. Die Zuschauermenge f\u00fchlt sich betrogen. Der Volkszorn richtet sich auch gegen Run und treibt ihn in die sch\u00fctzenden H\u00e4nde junger Patrioten &#8211; eine Anlehnung an die militante Jugendbewegung der Elfenbeink\u00fcste, die w\u00e4hrend des B\u00fcrgerkriegs zwischen 2002 und 2007 die Regierung unterst\u00fctzte. Run schl\u00fcpft schlie\u00dflich in die Figur eines \u201eVerr\u00fcckten\u201c, um seine chaotische Reise zu Ende zu f\u00fchren &#8211; chaotisch, wie sich auch die Entwicklung der Elfenbeink\u00fcste f\u00fcr den Regisseur darstellt.<\/td>\n<\/tr>\n<tr>\n<td style=\"border-bottom: none;\">\n<p class=\"hide-if-no-js\"><a href=\"http:\/\/www.augen-blicke-afrika.de\/blog\/wp-content\/uploads\/2015\/09\/RUN_poster.jpg\"><img loading=\"lazy\" decoding=\"async\" class=\"size-full wp-image-2201 alignleft\" src=\"http:\/\/www.augen-blicke-afrika.de\/blog\/wp-content\/uploads\/2015\/09\/RUN_poster.jpg\" alt=\"RUN_poster\" width=\"117\" height=\"156\" \/><\/a><\/p>\n<p><strong>Philippe Lac\u00f4te<\/strong>, geb. 1972 in der Elfenbeink\u00fcste, ist Regisseur, Drehbuchautor und Produzent. Er realisierte zun\u00e4chst Kurz- und Dokumentarfilme. \u201eRun\u201d ist sein erster langer Spielfilm, f\u00fcr dessen Produktion er auch eine gr\u00f6\u00dfere Summe vom Filmfonds der Elfenbeink\u00fcste erhalten hat. F\u00fcr den Regisseur ist das ein erfreuliches Zeichen daf\u00fcr, dass sein Land aufstrebt nach 10 Jahren B\u00fcrgerkrieg. \u201eRun\u201d wurde 2014 als erster Filmbeitrag aus der Elfenbeink\u00fcste f\u00fcr das Filmfestival in Cannes ausgew\u00e4hlt.<\/td>\n<\/tr>\n<\/tbody>\n<\/table>\n<p>&nbsp;<\/p>\n","protected":false},"excerpt":{"rendered":"<p>Run Elfenbeink\u00fcste \/ Frankreich 2014, R.: Philippe Lac\u00d4te, 100 Min. OF, engl. UT Run, so nennt sich ein junger Mann selbst, weil er immer in Situationen ger\u00e4t, in denen er von anderen abh\u00e4ngig ist und aus denen er nur durch &hellip; <a href=\"http:\/\/www.augen-blicke-afrika.de\/blog\/archiv\/archiv-2015\/filme-2015\/run\/\">Weiterlesen <span class=\"meta-nav\">&rarr;<\/span><\/a><\/p>\n","protected":false},"author":3,"featured_media":0,"parent":2076,"menu_order":0,"comment_status":"closed","ping_status":"closed","template":"afrika2015_oh.php","meta":{"footnotes":""},"class_list":["post-2161","page","type-page","status-publish","hentry"],"_links":{"self":[{"href":"http:\/\/www.augen-blicke-afrika.de\/blog\/wp-json\/wp\/v2\/pages\/2161","targetHints":{"allow":["GET"]}}],"collection":[{"href":"http:\/\/www.augen-blicke-afrika.de\/blog\/wp-json\/wp\/v2\/pages"}],"about":[{"href":"http:\/\/www.augen-blicke-afrika.de\/blog\/wp-json\/wp\/v2\/types\/page"}],"author":[{"embeddable":true,"href":"http:\/\/www.augen-blicke-afrika.de\/blog\/wp-json\/wp\/v2\/users\/3"}],"replies":[{"embeddable":true,"href":"http:\/\/www.augen-blicke-afrika.de\/blog\/wp-json\/wp\/v2\/comments?post=2161"}],"version-history":[{"count":7,"href":"http:\/\/www.augen-blicke-afrika.de\/blog\/wp-json\/wp\/v2\/pages\/2161\/revisions"}],"predecessor-version":[{"id":2748,"href":"http:\/\/www.augen-blicke-afrika.de\/blog\/wp-json\/wp\/v2\/pages\/2161\/revisions\/2748"}],"up":[{"embeddable":true,"href":"http:\/\/www.augen-blicke-afrika.de\/blog\/wp-json\/wp\/v2\/pages\/2076"}],"wp:attachment":[{"href":"http:\/\/www.augen-blicke-afrika.de\/blog\/wp-json\/wp\/v2\/media?parent=2161"}],"curies":[{"name":"wp","href":"https:\/\/api.w.org\/{rel}","templated":true}]}}