{"id":2152,"date":"2015-09-23T15:30:40","date_gmt":"2015-09-23T13:30:40","guid":{"rendered":"http:\/\/www.augen-blicke-afrika.de\/blog\/?page_id=2152"},"modified":"2018-10-10T13:19:58","modified_gmt":"2018-10-10T11:19:58","slug":"soleils","status":"publish","type":"page","link":"http:\/\/www.augen-blicke-afrika.de\/blog\/archiv\/archiv-2015\/filme-2015\/soleils\/","title":{"rendered":"Soleils"},"content":{"rendered":"<table style=\"height: 356px;\" width=\"756\">\n<thead>\n<tr>\n<td>\n<p class=\"hide-if-no-js\"><a href=\"http:\/\/www.augen-blicke-afrika.de\/blog\/wp-content\/uploads\/2015\/09\/soleils.png\"><img loading=\"lazy\" decoding=\"async\" class=\"alignnone wp-image-2158\" src=\"http:\/\/www.augen-blicke-afrika.de\/blog\/wp-content\/uploads\/2015\/09\/soleils.png\" alt=\"soleils\" width=\"500\" height=\"275\" \/><\/a><\/p>\n<h1>Soleils<\/h1>\n<h3>Frankreich \/ Burkina Faso 2013, R.: Dani Kouyat\u00e9, Olivier Delahaye, 95 Min., OF, dt. UT<\/h3>\n<\/td>\n<\/tr>\n<\/thead>\n<tbody>\n<tr>\n<td>Ein Griot, wie die Bewahrer von Geschichte und Geschichten in Westafrika genannt werden, erh\u00e4lt den Auftrag, eine junge Frau zu heilen, die ihr Ged\u00e4chtnis verloren hat.<br \/>\nDer Alte nimmt sie mit auf eine ungew\u00f6hnliche Reise durch Zeit und Raum, durch historische Epochen und verschiedene L\u00e4nder. Die beiden folgen Spuren der afrikanischen Geschichte vom Gro\u00dfreich Mali im 13. Jahrhundert bis zum Anti-Apartheid-Kampf Mandelas in S\u00fcdafrika. In Europa begegnen sie Denkern wie Hegel und Voltaire, die Afrika als geschichtslosen Kontinent denunzierten, ohne jemals dort gewesen zu sein.<br \/>\nWarum, so die zentrale Frage des Films, wird bis heute nicht wahrgenommen, dass uns Afrika etwas zu erz\u00e4hlen hat?<\/td>\n<\/tr>\n<tr>\n<td style=\"border-bottom: none;\">\n<p class=\"hide-if-no-js\"><a href=\"http:\/\/www.augen-blicke-afrika.de\/blog\/wp-content\/uploads\/2015\/09\/soleils_poster.jpg\"><img loading=\"lazy\" decoding=\"async\" class=\"size-full wp-image-2157 alignleft\" src=\"http:\/\/www.augen-blicke-afrika.de\/blog\/wp-content\/uploads\/2015\/09\/soleils_poster.jpg\" alt=\"soleils_poster\" width=\"117\" height=\"161\" \/><\/a><\/p>\n<p><strong>Dani Kouyat\u00e9<\/strong>, geb. 1961 in Obervolta, heute Burkina Faso, absolvierte eine Filmausbildung in Ouagadougo und Paris. Ab 1989 drehte er zun\u00e4chst Kurzfilme, 1995 folgte der mehrfach ausgezeichnete Spielfilm \u201eDas Erbe des Griots\u201c. Der Hauptdarsteller war sein Vater Sotigui Kouyat\u00e9, verstorben 2010, ein sehr bekannter Schauspieler, der aus einer Griot-Familie stammte. Nach ihm ist deshalb auch der Protagonist des neuen Films benannt.<br \/>\nDani Kouyat\u00e9 setzt sich in seinen Filmen immer wieder mit der oralen Erz\u00e4hlkunst West-Afrikas und der Geschichte des Kontinents auseinander.<br \/>\nOlivier Delahaye ist franz\u00f6sischer Filmproduzent.<\/td>\n<\/tr>\n<\/tbody>\n<\/table>\n<p>&nbsp;<\/p>\n","protected":false},"excerpt":{"rendered":"<p>Soleils Frankreich \/ Burkina Faso 2013, R.: Dani Kouyat\u00e9, Olivier Delahaye, 95 Min., OF, dt. UT Ein Griot, wie die Bewahrer von Geschichte und Geschichten in Westafrika genannt werden, erh\u00e4lt den Auftrag, eine junge Frau zu heilen, die ihr Ged\u00e4chtnis &hellip; <a href=\"http:\/\/www.augen-blicke-afrika.de\/blog\/archiv\/archiv-2015\/filme-2015\/soleils\/\">Weiterlesen <span class=\"meta-nav\">&rarr;<\/span><\/a><\/p>\n","protected":false},"author":3,"featured_media":0,"parent":2076,"menu_order":0,"comment_status":"closed","ping_status":"closed","template":"afrika2015_oh.php","meta":{"footnotes":""},"class_list":["post-2152","page","type-page","status-publish","hentry"],"_links":{"self":[{"href":"http:\/\/www.augen-blicke-afrika.de\/blog\/wp-json\/wp\/v2\/pages\/2152","targetHints":{"allow":["GET"]}}],"collection":[{"href":"http:\/\/www.augen-blicke-afrika.de\/blog\/wp-json\/wp\/v2\/pages"}],"about":[{"href":"http:\/\/www.augen-blicke-afrika.de\/blog\/wp-json\/wp\/v2\/types\/page"}],"author":[{"embeddable":true,"href":"http:\/\/www.augen-blicke-afrika.de\/blog\/wp-json\/wp\/v2\/users\/3"}],"replies":[{"embeddable":true,"href":"http:\/\/www.augen-blicke-afrika.de\/blog\/wp-json\/wp\/v2\/comments?post=2152"}],"version-history":[{"count":7,"href":"http:\/\/www.augen-blicke-afrika.de\/blog\/wp-json\/wp\/v2\/pages\/2152\/revisions"}],"predecessor-version":[{"id":2724,"href":"http:\/\/www.augen-blicke-afrika.de\/blog\/wp-json\/wp\/v2\/pages\/2152\/revisions\/2724"}],"up":[{"embeddable":true,"href":"http:\/\/www.augen-blicke-afrika.de\/blog\/wp-json\/wp\/v2\/pages\/2076"}],"wp:attachment":[{"href":"http:\/\/www.augen-blicke-afrika.de\/blog\/wp-json\/wp\/v2\/media?parent=2152"}],"curies":[{"name":"wp","href":"https:\/\/api.w.org\/{rel}","templated":true}]}}