{"id":214,"date":"2012-09-13T14:18:16","date_gmt":"2012-09-13T12:18:16","guid":{"rendered":"http:\/\/www.augen-blicke-afrika.de\/blog\/?page_id=214"},"modified":"2022-09-18T15:37:54","modified_gmt":"2022-09-18T13:37:54","slug":"ithemba","status":"publish","type":"page","link":"http:\/\/www.augen-blicke-afrika.de\/blog\/archiv\/archiv-2012\/filme\/ithemba\/","title":{"rendered":"iThemba &#8211; Hope"},"content":{"rendered":"<h2><a href=\"#francais\"><img loading=\"lazy\" decoding=\"async\" class=\"alignright  wp-image-576\" style=\"border: 0px none; margin: 0px;\" title=\"version francaise\" src=\"http:\/\/www.augen-blicke-afrika.de\/blog\/wp-content\/uploads\/2012\/09\/france-schrift.gif\" alt=\"franz\u00f6sische Fahne\" width=\"60\" height=\"34\"><\/a><\/h2>\n<h2>iThemba \u2013 Hope<\/h2>\n<p><em>(Dokumentarfilm, Zimbabwe 2010, R.: Elinor Burkett, 74 Min., <em><em>Original mit englischen Untertiteln<\/em><\/em>)<\/em><\/p>\n<p><strong>Bei der Vorstellung am 19.10. wird Stefanie K\u00f6nnecke (Leben mit Behinderung Elternverein e.V.) anwesend sein.<\/strong><\/p>\n<p><a href=\"http:\/\/www.augen-blicke-afrika.de\/blog\/wp-content\/uploads\/2012\/09\/iThemba-filmplakat.jpg\"><img loading=\"lazy\" decoding=\"async\" class=\"alignleft size-full wp-image-215\" title=\"iThemba-Hope\" src=\"http:\/\/www.augen-blicke-afrika.de\/blog\/wp-content\/uploads\/2012\/09\/iThemba-filmplakat.jpg\" alt=\"iThemba-Hope\" width=\"200\" height=\"304\" srcset=\"http:\/\/www.augen-blicke-afrika.de\/blog\/wp-content\/uploads\/2012\/09\/iThemba-filmplakat.jpg 200w, http:\/\/www.augen-blicke-afrika.de\/blog\/wp-content\/uploads\/2012\/09\/iThemba-filmplakat-197x300.jpg 197w\" sizes=\"auto, (max-width: 200px) 100vw, 200px\" \/><\/a>\u201eIch m\u00f6chte so singen, dass man vergisst, dass ich behindert bin\u201c, meint Prudence, S\u00e4ngerin aus Zimbabwe. Die Musiker ihrer Band Liyana haben es schwer in einem Land, in dem man Behinderte f\u00fcr verhext h\u00e4lt. S\u00e4nger Marvelous witzelt: \u201eWas kostet ein Anruf aus der H\u00f6lle nach Zimbabwe? \u2013 5 Cent, es ist ein Ortsgespr\u00e4ch.\u201c Tats\u00e4chlich faszinieren uns die Musiker im Laufe des Films immer weniger wegen ihres Schicksals, sondern durch Witz, Talent und Charisma. Die Bandmitglieder von Liyana nehmen das Leben mit Humor und singen von \u201eithemba\u201c \u2013 der Hoffnung, sich \u00fcber die Musik Freiheit zu erobern. <em>\u201eWenn andere im Leben scheitern, haben sie immer noch Arme und Beine.<br \/>\nWir haben nur die Musik\u201c<\/em>, meint Fronts\u00e4ngerin Prudence ohne Wehleidigkeit.<\/p>\n<p>Webseite des Films mit Trailer: <a title=\"Zur Webseite des Films &quot;iThemba - Hope&quot; mit Trailer\" href=\"http:\/\/www.loliandrex.com\/\" target=\"_blank\" rel=\"noopener\">http:\/\/www.loliandrex.com\/<\/a><\/p>\n<div id=\"attachment_216\" style=\"width: 510px\" class=\"wp-caption alignnone\"><a href=\"http:\/\/www.augen-blicke-afrika.de\/blog\/wp-content\/uploads\/2012\/09\/ithemba1.jpg\"><img loading=\"lazy\" decoding=\"async\" aria-describedby=\"caption-attachment-216\" class=\"size-full wp-image-216\" title=\"iThemba-Hope\" src=\"http:\/\/www.augen-blicke-afrika.de\/blog\/wp-content\/uploads\/2012\/09\/ithemba1.jpg\" alt=\"iThemba-Hope\" width=\"500\" height=\"333\" srcset=\"http:\/\/www.augen-blicke-afrika.de\/blog\/wp-content\/uploads\/2012\/09\/ithemba1.jpg 500w, http:\/\/www.augen-blicke-afrika.de\/blog\/wp-content\/uploads\/2012\/09\/ithemba1-300x199.jpg 300w, http:\/\/www.augen-blicke-afrika.de\/blog\/wp-content\/uploads\/2012\/09\/ithemba1-450x300.jpg 450w\" sizes=\"auto, (max-width: 500px) 100vw, 500px\" \/><\/a><p id=\"caption-attachment-216\" class=\"wp-caption-text\">Filmfotos &#8220;iThemba-Hope&#8221;<\/p><\/div>\n<p><a name=\"francais\"><\/a><\/p>\n<h2>ITHEMBA<\/h2>\n<p><em>(Documentaire, Zimbabwe 2010, R.: Elinor Burkett, 74 Min, OmenglU)<\/em><\/p>\n<p>&#8220;Je veux chanter pour que vous oubliez que je suis handicap\u00e9\u00bb, dit Prudence, le chanteur du groupe de Liyana Zimbawe. Et en effet, les musiciens nous fascinent dans le cadre du film de moins en moins \u00e0 cause de leur sort, pour leur esprit, le talent et le charisme.<\/p>\n<p>&#8220;Qu&#8217;est-ce- co\u00fbte un appel de l&#8217;enfer au Zimbabwe? &#8211; 5 cents, c&#8217;est un appel local &#8220;, a plaisant\u00e9 le chanteur Marvelous. Sa facture de t\u00e9l\u00e9phone mobile, cependant, est dans les millions. Taux d&#8217;inflation: 231 millions pour cent. Il a doublement de difficult\u00e9s dans un pays o\u00f9 les personnes handicap\u00e9es sont consid\u00e9r\u00e9es comme ensorcel\u00e9es. Son groupe Liyana prend cela avec humour et chante &#8220;Ithemba&#8221; &#8211; de l&#8217;espoir. Esp\u00e8re aussi conqu\u00e9rir la libert\u00e9 avec la musique &#8220;Lorsque d&#8217;autres \u00e9chouent dans la vie, ils ont encore les bras et les jambes, nous avons seulement la musique.&#8221; Dit Prudence chanteur sans apitoiement sur soi.<\/p>\n<div id=\"attachment_217\" style=\"width: 510px\" class=\"wp-caption alignnone\"><a href=\"http:\/\/www.augen-blicke-afrika.de\/blog\/wp-content\/uploads\/2012\/09\/iThemba_b.jpg\"><img loading=\"lazy\" decoding=\"async\" aria-describedby=\"caption-attachment-217\" class=\"size-full wp-image-217\" title=\"iThemba-Hope\" src=\"http:\/\/www.augen-blicke-afrika.de\/blog\/wp-content\/uploads\/2012\/09\/iThemba_b.jpg\" alt=\"iThemba-Hope\" width=\"500\" height=\"750\" srcset=\"http:\/\/www.augen-blicke-afrika.de\/blog\/wp-content\/uploads\/2012\/09\/iThemba_b.jpg 500w, http:\/\/www.augen-blicke-afrika.de\/blog\/wp-content\/uploads\/2012\/09\/iThemba_b-200x300.jpg 200w\" sizes=\"auto, (max-width: 500px) 100vw, 500px\" \/><\/a><p id=\"caption-attachment-217\" class=\"wp-caption-text\">Filmfotos &#8220;iThemba-Hope&#8221;<\/p><\/div>\n<p><a title=\"Programm\u00fcbersicht\" href=\"http:\/\/www.augen-blicke-afrika.de\/blog\/programm\/\">Zur\u00fcck zur Programm\u00fcbersicht<\/a><br \/>\n<a title=\"Programm\u00fcbersicht\" href=\"http:\/\/www.augen-blicke-afrika.de\/blog\/filme\/\">Zur\u00fcck zum Filmverzeichnis<\/a><\/p>\n","protected":false},"excerpt":{"rendered":"<p>iThemba \u2013 Hope (Dokumentarfilm, Zimbabwe 2010, R.: Elinor Burkett, 74 Min., Original mit englischen Untertiteln) Bei der Vorstellung am 19.10. wird Stefanie K\u00f6nnecke (Leben mit Behinderung Elternverein e.V.) anwesend sein. \u201eIch m\u00f6chte so singen, dass man vergisst, dass ich behindert &hellip; <a href=\"http:\/\/www.augen-blicke-afrika.de\/blog\/archiv\/archiv-2012\/filme\/ithemba\/\">Weiterlesen <span class=\"meta-nav\">&rarr;<\/span><\/a><\/p>\n","protected":false},"author":1,"featured_media":357,"parent":89,"menu_order":0,"comment_status":"closed","ping_status":"closed","template":"afrika2012.php","meta":{"footnotes":""},"class_list":["post-214","page","type-page","status-publish","has-post-thumbnail","hentry"],"_links":{"self":[{"href":"http:\/\/www.augen-blicke-afrika.de\/blog\/wp-json\/wp\/v2\/pages\/214","targetHints":{"allow":["GET"]}}],"collection":[{"href":"http:\/\/www.augen-blicke-afrika.de\/blog\/wp-json\/wp\/v2\/pages"}],"about":[{"href":"http:\/\/www.augen-blicke-afrika.de\/blog\/wp-json\/wp\/v2\/types\/page"}],"author":[{"embeddable":true,"href":"http:\/\/www.augen-blicke-afrika.de\/blog\/wp-json\/wp\/v2\/users\/1"}],"replies":[{"embeddable":true,"href":"http:\/\/www.augen-blicke-afrika.de\/blog\/wp-json\/wp\/v2\/comments?post=214"}],"version-history":[{"count":19,"href":"http:\/\/www.augen-blicke-afrika.de\/blog\/wp-json\/wp\/v2\/pages\/214\/revisions"}],"predecessor-version":[{"id":6788,"href":"http:\/\/www.augen-blicke-afrika.de\/blog\/wp-json\/wp\/v2\/pages\/214\/revisions\/6788"}],"up":[{"embeddable":true,"href":"http:\/\/www.augen-blicke-afrika.de\/blog\/wp-json\/wp\/v2\/pages\/89"}],"wp:featuredmedia":[{"embeddable":true,"href":"http:\/\/www.augen-blicke-afrika.de\/blog\/wp-json\/wp\/v2\/media\/357"}],"wp:attachment":[{"href":"http:\/\/www.augen-blicke-afrika.de\/blog\/wp-json\/wp\/v2\/media?parent=214"}],"curies":[{"name":"wp","href":"https:\/\/api.w.org\/{rel}","templated":true}]}}