{"id":192,"date":"2012-09-13T14:00:32","date_gmt":"2012-09-13T12:00:32","guid":{"rendered":"http:\/\/www.augen-blicke-afrika.de\/blog\/?page_id=192"},"modified":"2022-09-18T15:43:59","modified_gmt":"2022-09-18T13:43:59","slug":"african","status":"publish","type":"page","link":"http:\/\/www.augen-blicke-afrika.de\/blog\/archiv\/archiv-2012\/filme\/african\/","title":{"rendered":"An African Election"},"content":{"rendered":"<h2><a href=\"#francais\"><img loading=\"lazy\" decoding=\"async\" class=\"alignright  wp-image-576\" style=\"border: 0px none; margin: 0px;\" title=\"version francaise\" src=\"http:\/\/www.augen-blicke-afrika.de\/blog\/wp-content\/uploads\/2012\/09\/france-schrift.gif\" alt=\"Zum franz\u00f6sischen Text\" width=\"60\" height=\"34\"><\/a><\/h2>\n<h2>An African Election<\/h2>\n<p><em>(Dokumentarfilm, Schweiz, USA 2010, R.: Jarreth Merz, Kevin Merz, 89 Min., <em><em>Original mit deutschen Untertiteln<\/em><\/em>)<\/em><\/p>\n<p><strong>Der Politologe Frank Kwaw Codjo steht im Anschluss an die Vorf\u00fchrung f\u00fcr Fragen und Diskussion zur Verf\u00fcgung.<\/strong><\/p>\n<p>Ghana im Jahr 2008, noch drei Monate bis zur Pr\u00e4sidentschaftswahl. Es steht viel auf dem Spiel. Ghana gilt als Musterstaat Afrikas mit einer relativ stabilen Demokratie und Wirtschaft. Der faire und friedliche Verlauf der Wahlen ist wichtig f\u00fcr das Land. Die Hauptkonkurrenten um die Macht sind die Spitzenkandidaten der beiden gro\u00dfen Parteien. Ihr Schlagabtausch ist hitzig und hoch emotional. Der Film folgt den Kontrahenten bei ihren Kampagnen und erz\u00e4hlt einen Wahlkrimi voller Wendepunkte. Kurz vor der Ausz\u00e4hlung wird die Stimmung im Land immer brisanter und es drohen gewaltt\u00e4tige Auseinandersetzungen.<\/p>\n<p>Zur Webseite des Films mit Trailer:<a title=\"Zur Webseite des Films &quot;An African Election&quot; mit Trailer\" href=\"http:\/\/anafricanelection.com\/\" target=\"_blank\" rel=\"noopener\"> http:\/\/anafricanelection.com\/<\/a><\/p>\n<div id=\"attachment_194\" style=\"width: 510px\" class=\"wp-caption alignnone\"><a href=\"http:\/\/www.augen-blicke-afrika.de\/blog\/wp-content\/uploads\/2012\/09\/african.jpg\"><img loading=\"lazy\" decoding=\"async\" aria-describedby=\"caption-attachment-194\" class=\"size-full wp-image-194\" title=\"An African Election\" src=\"http:\/\/www.augen-blicke-afrika.de\/blog\/wp-content\/uploads\/2012\/09\/african.jpg\" alt=\"An African Election\" width=\"500\" height=\"275\" srcset=\"http:\/\/www.augen-blicke-afrika.de\/blog\/wp-content\/uploads\/2012\/09\/african.jpg 500w, http:\/\/www.augen-blicke-afrika.de\/blog\/wp-content\/uploads\/2012\/09\/african-300x165.jpg 300w\" sizes=\"auto, (max-width: 500px) 100vw, 500px\" \/><\/a><p id=\"caption-attachment-194\" class=\"wp-caption-text\">Filmfotos &#8220;An African Election&#8221;<\/p><\/div>\n<p><a name=\"francais\"><\/a><\/p>\n<h2>UNE ELECTION EN AFRIQUE<\/h2>\n<p><em>(Suisse, USA 2010, dir: Jarreth Merz, Kevin Merz, 89 min, OmdtU) <\/em><\/p>\n<p>Ghana en 2008, trois mois avant l&#8217;\u00e9lection pr\u00e9sidentielle. Beaucoup est en jeu. Le Ghana est un pays mod\u00e8le en Afrique, avec une d\u00e9mocratie relativement stable et l&#8217;\u00e9conomie. Le d\u00e9roulement \u00e9quitable et pacifique des \u00e9lections est important pour le pays. Les principaux pr\u00e9tendants pour le pouvoir sont les principaux candidats des deux grands partis. Leures confrontations verbales sont \u00e9chauff\u00e9es et tr\u00e8s \u00e9motionnelles. Le film suit les adversaires dans leurs campagnes et raconte un thriller \u00e9lectorale plein de points de retournement. Peu de temps avant le d\u00e9compte, la situation menace de se d\u00e9rober enti\u00e8rement.<\/p>\n<div id=\"attachment_195\" style=\"width: 510px\" class=\"wp-caption alignnone\"><a href=\"http:\/\/www.augen-blicke-afrika.de\/blog\/wp-content\/uploads\/2012\/09\/african02.jpg\"><img loading=\"lazy\" decoding=\"async\" aria-describedby=\"caption-attachment-195\" class=\"size-full wp-image-195\" title=\"An African Election\" src=\"http:\/\/www.augen-blicke-afrika.de\/blog\/wp-content\/uploads\/2012\/09\/african02.jpg\" alt=\"An African Election\" width=\"500\" height=\"375\" srcset=\"http:\/\/www.augen-blicke-afrika.de\/blog\/wp-content\/uploads\/2012\/09\/african02.jpg 500w, http:\/\/www.augen-blicke-afrika.de\/blog\/wp-content\/uploads\/2012\/09\/african02-300x225.jpg 300w, http:\/\/www.augen-blicke-afrika.de\/blog\/wp-content\/uploads\/2012\/09\/african02-400x300.jpg 400w\" sizes=\"auto, (max-width: 500px) 100vw, 500px\" \/><\/a><p id=\"caption-attachment-195\" class=\"wp-caption-text\">Filmfotos &#8220;An African Election&#8221;<\/p><\/div>\n<p><a title=\"Programm\u00fcbersicht\" href=\"http:\/\/www.augen-blicke-afrika.de\/blog\/programm\/\">Zur\u00fcck zur Programm\u00fcbersicht<\/a><br \/>\n<a title=\"Programm\u00fcbersicht\" href=\"http:\/\/www.augen-blicke-afrika.de\/blog\/filme\/\">Zur\u00fcck zum Filmverzeichnis<\/a><\/p>\n","protected":false},"excerpt":{"rendered":"<p>An African Election (Dokumentarfilm, Schweiz, USA 2010, R.: Jarreth Merz, Kevin Merz, 89 Min., Original mit deutschen Untertiteln) Der Politologe Frank Kwaw Codjo steht im Anschluss an die Vorf\u00fchrung f\u00fcr Fragen und Diskussion zur Verf\u00fcgung. Ghana im Jahr 2008, noch &hellip; <a href=\"http:\/\/www.augen-blicke-afrika.de\/blog\/archiv\/archiv-2012\/filme\/african\/\">Weiterlesen <span class=\"meta-nav\">&rarr;<\/span><\/a><\/p>\n","protected":false},"author":1,"featured_media":357,"parent":89,"menu_order":0,"comment_status":"closed","ping_status":"closed","template":"afrika2012.php","meta":{"footnotes":""},"class_list":["post-192","page","type-page","status-publish","has-post-thumbnail","hentry"],"_links":{"self":[{"href":"http:\/\/www.augen-blicke-afrika.de\/blog\/wp-json\/wp\/v2\/pages\/192","targetHints":{"allow":["GET"]}}],"collection":[{"href":"http:\/\/www.augen-blicke-afrika.de\/blog\/wp-json\/wp\/v2\/pages"}],"about":[{"href":"http:\/\/www.augen-blicke-afrika.de\/blog\/wp-json\/wp\/v2\/types\/page"}],"author":[{"embeddable":true,"href":"http:\/\/www.augen-blicke-afrika.de\/blog\/wp-json\/wp\/v2\/users\/1"}],"replies":[{"embeddable":true,"href":"http:\/\/www.augen-blicke-afrika.de\/blog\/wp-json\/wp\/v2\/comments?post=192"}],"version-history":[{"count":20,"href":"http:\/\/www.augen-blicke-afrika.de\/blog\/wp-json\/wp\/v2\/pages\/192\/revisions"}],"predecessor-version":[{"id":6799,"href":"http:\/\/www.augen-blicke-afrika.de\/blog\/wp-json\/wp\/v2\/pages\/192\/revisions\/6799"}],"up":[{"embeddable":true,"href":"http:\/\/www.augen-blicke-afrika.de\/blog\/wp-json\/wp\/v2\/pages\/89"}],"wp:featuredmedia":[{"embeddable":true,"href":"http:\/\/www.augen-blicke-afrika.de\/blog\/wp-json\/wp\/v2\/media\/357"}],"wp:attachment":[{"href":"http:\/\/www.augen-blicke-afrika.de\/blog\/wp-json\/wp\/v2\/media?parent=192"}],"curies":[{"name":"wp","href":"https:\/\/api.w.org\/{rel}","templated":true}]}}