{"id":171,"date":"2012-09-13T12:50:05","date_gmt":"2012-09-13T10:50:05","guid":{"rendered":"http:\/\/www.augen-blicke-afrika.de\/blog\/?page_id=171"},"modified":"2022-09-18T15:34:27","modified_gmt":"2022-09-18T13:34:27","slug":"symposium","status":"publish","type":"page","link":"http:\/\/www.augen-blicke-afrika.de\/blog\/archiv\/symposium\/","title":{"rendered":"Symposium 2012"},"content":{"rendered":"<p><strong>Symposium zum afrikanischen Filmfestival<br \/>\n\u201eAugen Blicke Afrika\u201c <\/strong><\/p>\n<p><strong>Ort<\/strong> : Studio-Kino Hamburg<br \/>\nBernstorffstr. 93-95<br \/>\n22767 Hamburg<\/p>\n<p><strong>Datum<\/strong>: Fr. 26.10.2012<br \/>\n<strong>Zeit<\/strong>: 18 Uhr<\/p>\n<p><strong>G\u00e4ste\/ Referenten:<\/strong><\/p>\n<ul>\n<li>Frau Dorylia Meredith Calmel<br \/>\n(Hauptdarstellerin des Films \u201cNotre \u00e9trang\u00e8re\u201c, Paris)<\/li>\n<li>Prof. Dr. Louis Henri Seukwa<br \/>\n(Erziehungswissenschaftler an der HAW Hamburg)<\/li>\n<li>Frau Luisa Natiwi<br \/>\n(Schriftstellerin und Schirmherrin des Filmfestivals \u201eAugen Blicke Afrika\u201c, Hamburg)<\/li>\n<\/ul>\n<p><strong>Moderation<\/strong>: Doudou Cond\u00e9 (Partnerschaft mit Guinea e.V., <a title=\"Zur Webseite des Vereins Partnerschaft mit Guinea e.V.\" href=\"http:\/\/www.guineapartners.com\" target=\"_blank\" rel=\"noopener\">www.guineapartners.com<\/a>)<\/p>\n<p>In Kooperation mit <em>umdenken<\/em> Heinrich-B\u00f6ll-Stiftung Hamburg e.V.<strong><br \/>\n<\/strong><a title=\"Zur Webseite von umdenken Heinrich-B\u00f6ll-Stiftung Hamburg e.V.\" href=\"http:\/\/www.umdenken-boell.de\/\" target=\"_blank\" rel=\"noopener\">www.umdenken-boell.de<\/a><br \/>\n<em>Gef\u00f6rdert von der Landeszentrale f\u00fcr politische Bildung<\/em><br \/>\n<a title=\"Zur Webseite von umdenken Heinrich-B\u00f6ll-Stiftung Hamburg e.V.\" href=\"http:\/\/www.umdenken-boell.de\/\" target=\"_blank\" rel=\"noopener\"><img loading=\"lazy\" decoding=\"async\" class=\"size-full wp-image-263\" title=\"Umdenken Heinrich-B\u00f6ll-Stiftung Hamburg e.V.\" src=\"http:\/\/www.augen-blicke-afrika.de\/blog\/wp-content\/uploads\/2012\/09\/umdenken.gif\" alt=\"Umdenken Heinrich-B\u00f6ll-Stiftung Hamburg e.V.\" width=\"200\" height=\"91\"><\/a><\/p>\n<p><strong>Zum Inhalt des Symposiums<\/strong><\/p>\n<p>Das Bild Afrikas ist in der hiesigen \u00d6ffentlichkeit gepr\u00e4gt von den drei K\u2019s: Kriege, Krankheiten und Katastrophen. Wird doch einmal in den Medien positiv \u00fcber den Kontinent und seine Bewohner berichtet, werden Bilder von naturverbundenen, musikalischen Dorfbewohnern reproduziert. Mit dem Alltag in den Metropolen und in den D\u00f6rfern afrikanischer L\u00e4nder und den Problemen, mit denen sich reale Menschen dort herumschlagen, haben diese Klischees nur wenig zu tun.<\/p>\n<p>Diese Bilder von Afrika haben auch Auswirkungen auf das Verh\u00e4ltnis der deutschen Mehrheitsbev\u00f6lkerung zu den hier lebenden afrikanischen Migranten und den schwarzen Deutschen.<\/p>\n<p>Der Blick durch die Augen afrikanischer Filmemacher er\u00f6ffnet neue Perspektiven auf den Kontinent. Auf dem Symposium soll \u00fcber die Afrika- Bilder in deutschen Medien diskutiert werden, ebenso \u00fcber die Alltagsrealit\u00e4t hier lebender Afrikaner.<\/p>\n<p>Zur Diskussion sind G\u00e4ste eingeladen, die sich aus sehr unterschiedlichen Perspektiven mit dieser Thematik befassen. Afrikaner, die in Deutschland leben, und die Schauspielerin Dorylia Meredith Calmel aus Paris \u2013 Hauptdarstellerin des Festivalfilms \u201eNotre \u00e9trang\u00e8re\u201c \u2013 er\u00f6rtern, wie sich AfrikanerInnen in Deutschland wahrgenommen f\u00fchlen und welche Konsequenzen dies f\u00fcr ihr Leben und ihren Alltag in der Diaspora hat. Wie unterscheidet sich der \u201eafrikanische Blick\u201c auf den Kontinent&nbsp; von dem Bild, das durch die Medien gepr\u00e4gt ist? Wie ist es m\u00f6glich, diesen Stereotypen und Rassismen wirksam zu begegnen und ihnen eine realistischere Sichtweise entgegenzusetzen?<\/p>\n<p>Frau Calmel wird ihre Motivation schildern, an einem Film wie \u201eNotre \u00e9trang\u00e8re\u201c mitzuarbeiten. Luisa Natiwi, die auch als Schirmfrau des gesamten Festivals fungiert, berichtet \u00fcber ihr Engagement in Schulen und Kinderg\u00e4rten, um schon fr\u00fchzeitig mit dem Abbau von Vorurteilen zu beginnen, und Prof. Louis Henri Seukwa schildert aus wissenschaftlicher Sicht, welche Konsequenzen die fortdauernde Konfrontation mit Stereotypen auf hier lebende Afrikaner hat.<\/p>\n<p>Die Moderation \u00fcbernimmt Doudou Cond\u00e9, Vorsitzender des deutsch-afrikanischen&nbsp; Vereins \u201e<a title=\"Zur Webseite des Vereins Partnerschaft mit Guinea e.V.\" href=\"http:\/\/guineapartners.com\">Partnerschaft mit Guinea e.V<\/a>.\u201c mit Sitz in Hamburg. <a title=\"Zur Webseite des Vereins &quot;Partnerschaft mit Guinea e.V.&quot;\" href=\"http:\/\/www.guineapartners.com\">(www.guineapartners.com)<\/a><\/p>\n<p>Im Anschluss wird ab 20 Uhr der Film <a title=\"Notre \u00e9trang\u00e8re \u2013 The Place In Between\" href=\"http:\/\/www.augen-blicke-afrika.de\/blog\/notre\/\">\u201eNotre \u00e9trang\u00e8re\u201c<\/a> aufgef\u00fchrt. Die Hauptdarstellerin Frau Calmel wird anschlie\u00dfend f\u00fcr Fragen und Gespr\u00e4che zur Verf\u00fcgung stehen.<\/p>\n<p>&nbsp;<\/p>\n","protected":false},"excerpt":{"rendered":"<p>Symposium zum afrikanischen Filmfestival \u201eAugen Blicke Afrika\u201c Ort : Studio-Kino Hamburg Bernstorffstr. 93-95 22767 Hamburg Datum: Fr. 26.10.2012 Zeit: 18 Uhr G\u00e4ste\/ Referenten: Frau Dorylia Meredith Calmel (Hauptdarstellerin des Films \u201cNotre \u00e9trang\u00e8re\u201c, Paris) Prof. Dr. Louis Henri Seukwa (Erziehungswissenschaftler an &hellip; <a href=\"http:\/\/www.augen-blicke-afrika.de\/blog\/archiv\/symposium\/\">Weiterlesen <span class=\"meta-nav\">&rarr;<\/span><\/a><\/p>\n","protected":false},"author":1,"featured_media":357,"parent":718,"menu_order":0,"comment_status":"closed","ping_status":"closed","template":"afrika2012.php","meta":{"footnotes":""},"class_list":["post-171","page","type-page","status-publish","has-post-thumbnail","hentry"],"_links":{"self":[{"href":"http:\/\/www.augen-blicke-afrika.de\/blog\/wp-json\/wp\/v2\/pages\/171","targetHints":{"allow":["GET"]}}],"collection":[{"href":"http:\/\/www.augen-blicke-afrika.de\/blog\/wp-json\/wp\/v2\/pages"}],"about":[{"href":"http:\/\/www.augen-blicke-afrika.de\/blog\/wp-json\/wp\/v2\/types\/page"}],"author":[{"embeddable":true,"href":"http:\/\/www.augen-blicke-afrika.de\/blog\/wp-json\/wp\/v2\/users\/1"}],"replies":[{"embeddable":true,"href":"http:\/\/www.augen-blicke-afrika.de\/blog\/wp-json\/wp\/v2\/comments?post=171"}],"version-history":[{"count":36,"href":"http:\/\/www.augen-blicke-afrika.de\/blog\/wp-json\/wp\/v2\/pages\/171\/revisions"}],"predecessor-version":[{"id":6784,"href":"http:\/\/www.augen-blicke-afrika.de\/blog\/wp-json\/wp\/v2\/pages\/171\/revisions\/6784"}],"up":[{"embeddable":true,"href":"http:\/\/www.augen-blicke-afrika.de\/blog\/wp-json\/wp\/v2\/pages\/718"}],"wp:featuredmedia":[{"embeddable":true,"href":"http:\/\/www.augen-blicke-afrika.de\/blog\/wp-json\/wp\/v2\/media\/357"}],"wp:attachment":[{"href":"http:\/\/www.augen-blicke-afrika.de\/blog\/wp-json\/wp\/v2\/media?parent=171"}],"curies":[{"name":"wp","href":"https:\/\/api.w.org\/{rel}","templated":true}]}}