{"id":1556,"date":"2014-10-10T14:03:09","date_gmt":"2014-10-10T12:03:09","guid":{"rendered":"http:\/\/www.augen-blicke-afrika.de\/blog\/?page_id=1556"},"modified":"2022-09-18T16:56:39","modified_gmt":"2022-09-18T14:56:39","slug":"schirmherrschaft","status":"publish","type":"page","link":"http:\/\/www.augen-blicke-afrika.de\/blog\/archiv\/archiv-2014\/schirmherrschaft\/","title":{"rendered":"Schirmherrschaft 2014"},"content":{"rendered":"<p>&nbsp;<\/p>\n<h1>Liebe Filminteressierte,<\/h1>\n<p>&nbsp;<\/p>\n<p><a href=\"http:\/\/www.augen-blicke-afrika.de\/blog\/wp-content\/uploads\/2014\/10\/bettina_gaus.jpg\"><img loading=\"lazy\" decoding=\"async\" class=\"alignleft wp-image-1567 \" src=\"http:\/\/www.augen-blicke-afrika.de\/blog\/wp-content\/uploads\/2014\/10\/bettina_gaus-221x300.jpg\" alt=\"bettina_gaus\" width=\"231\" height=\"310\"><\/a>seit 32 Jahren bereise ich Afrika, sieben Jahre habe ich als Journalistin mit Sitz in Nairobi \u00fcber Ost- und Zentralafrika berichtet. Die gr\u00f6\u00dfte \u00dcberraschung bei meinem ersten Besuch 1982 und ein Eindruck, der sich seither immer weiter vertieft hat: wie gro\u00df nicht etwa die Unterschiede, sondern wie gro\u00df in vielfacher Hinsicht die Gemeinsamkeiten zwischen Europa und Afrika sind.<br \/>\nEs ist wahr, dass der Kontinent immer wieder Schauplatz humanit\u00e4rer Katastrophen ist, \u00fcber die informiert werden muss.&nbsp; Die Opfer haben einen Anspruch darauf, dass der Rest der Welt ihr Leid wenigstens zur Kenntnis nimmt. Aber dar\u00fcber ger\u00e4t aus dem Blickfeld, dass UN-Erhebungen zufolge nur f\u00fcnf Prozent der Bev\u00f6lkerung s\u00fcdlich der Sahara in einem Kriegsgebiet oder in einer Krisenregion leben. Anders ausgedr\u00fcckt: 95 Prozent tun das nicht. Sie leben ihren Alltag.<br \/>\nVon diesen 95 Prozent ist hierzulande nur selten die Rede. Wenn man das \u00e4ndern will, dann muss man ein Angebot bieten, das Leute interessiert. Appelle allein nutzen nichts. Die Veranstalter des Filmfestivals \u201eAugen Blicke Afrika\u201c tun genau das. Deshalb habe ich mich sehr dar\u00fcber gefreut, in diesem Jahr die Schirmherrschaft daf\u00fcr \u00fcbernehmen zu d\u00fcrfen. Ich f\u00fchle mich geehrt. Und ich w\u00fcnsche Ihnen allen eine gute Zeit!<br \/>\n<a id=\"sponsor\" href=\"http:\/\/www.augen-blicke-afrika.de\/blog\/wp-content\/uploads\/2014\/10\/bg1u.png\"><img loading=\"lazy\" decoding=\"async\" style=\"border:none\" size-full=\"\" wp-image-1690\"=\"\" src=\"http:\/\/www.augen-blicke-afrika.de\/blog\/wp-content\/uploads\/2014\/10\/bg1u.png\" alt=\"bg1u\" width=\"237\" height=\"101\"><\/a><\/p>\n<p>Bettina Gaus<em><br \/>\n<\/em><br \/>\n<em>Bettina Gaus, Jahrgang 1956, ist politische Korrespondentin der \u201etageszeitung\u201c, besser bekannt als&nbsp; \u201etaz\u201c. Von 1989 bis 1996 lebte sie in der kenianischen Hauptstadt Nairobi und berichtete von dort f\u00fcr verschiedene Medien \u00fcber Ost- und Zentralafrika.<br \/>\n2011 ver\u00f6ffentlichte sie bei Eichborn den politischen Reisebericht \u201eDer untersch\u00e4tzte Kontinent. Reise zur Mittelschicht Afrikas.\u201c<\/em><\/p>\n","protected":false},"excerpt":{"rendered":"<p>&nbsp; Liebe Filminteressierte, &nbsp; seit 32 Jahren bereise ich Afrika, sieben Jahre habe ich als Journalistin mit Sitz in Nairobi \u00fcber Ost- und Zentralafrika berichtet. Die gr\u00f6\u00dfte \u00dcberraschung bei meinem ersten Besuch 1982 und ein Eindruck, der sich seither immer &hellip; <a href=\"http:\/\/www.augen-blicke-afrika.de\/blog\/archiv\/archiv-2014\/schirmherrschaft\/\">Weiterlesen <span class=\"meta-nav\">&rarr;<\/span><\/a><\/p>\n","protected":false},"author":3,"featured_media":6824,"parent":4186,"menu_order":0,"comment_status":"closed","ping_status":"closed","template":"afrika2014.php","meta":{"footnotes":""},"class_list":["post-1556","page","type-page","status-publish","has-post-thumbnail","hentry"],"_links":{"self":[{"href":"http:\/\/www.augen-blicke-afrika.de\/blog\/wp-json\/wp\/v2\/pages\/1556","targetHints":{"allow":["GET"]}}],"collection":[{"href":"http:\/\/www.augen-blicke-afrika.de\/blog\/wp-json\/wp\/v2\/pages"}],"about":[{"href":"http:\/\/www.augen-blicke-afrika.de\/blog\/wp-json\/wp\/v2\/types\/page"}],"author":[{"embeddable":true,"href":"http:\/\/www.augen-blicke-afrika.de\/blog\/wp-json\/wp\/v2\/users\/3"}],"replies":[{"embeddable":true,"href":"http:\/\/www.augen-blicke-afrika.de\/blog\/wp-json\/wp\/v2\/comments?post=1556"}],"version-history":[{"count":18,"href":"http:\/\/www.augen-blicke-afrika.de\/blog\/wp-json\/wp\/v2\/pages\/1556\/revisions"}],"predecessor-version":[{"id":6852,"href":"http:\/\/www.augen-blicke-afrika.de\/blog\/wp-json\/wp\/v2\/pages\/1556\/revisions\/6852"}],"up":[{"embeddable":true,"href":"http:\/\/www.augen-blicke-afrika.de\/blog\/wp-json\/wp\/v2\/pages\/4186"}],"wp:featuredmedia":[{"embeddable":true,"href":"http:\/\/www.augen-blicke-afrika.de\/blog\/wp-json\/wp\/v2\/media\/6824"}],"wp:attachment":[{"href":"http:\/\/www.augen-blicke-afrika.de\/blog\/wp-json\/wp\/v2\/media?parent=1556"}],"curies":[{"name":"wp","href":"https:\/\/api.w.org\/{rel}","templated":true}]}}