{"id":1496,"date":"2014-10-09T16:14:17","date_gmt":"2014-10-09T14:14:17","guid":{"rendered":"http:\/\/www.augen-blicke-afrika.de\/blog\/?page_id=1496"},"modified":"2022-09-18T16:41:31","modified_gmt":"2022-09-18T14:41:31","slug":"europas-fluechtlingspolitik-und-die-folgen-fuer-hamburg","status":"publish","type":"page","link":"http:\/\/www.augen-blicke-afrika.de\/blog\/archiv\/archiv-2014\/filme-2014\/europas-fluechtlingspolitik-und-die-folgen-fuer-hamburg\/","title":{"rendered":"Europas Fl\u00fcchtlingspolitik und die Folgen f\u00fcr Hamburg"},"content":{"rendered":"<table style=\"height: 356px;\" width=\"756\">\n<thead>\n<tr>\n<td>\n<h1 class=\"hide-if-no-js\"><a title=\"Europe\u2019s Policy On Refugees\" href=\"http:\/\/www.augen-blicke-afrika.de\/blog\/europes-policy-on-refugees\/\"><img loading=\"lazy\" decoding=\"async\" class=\"alignright\" style=\"border: 0px none; margin: 0px;\" title=\"english\" src=\"http:\/\/www.augen-blicke-afrika.de\/blog\/wp-content\/uploads\/2013\/09\/engl-schrift-e1379972389153.gif\" alt=\"english\" width=\"60\" height=\"33\"><\/a>Europas Fl\u00fcchtlingspolitik<br \/>\nund die Folgen f\u00fcr Hamburg<\/h1>\n<h3>Film- und Diskussionsveranstaltung mit David Fedele (\u201eThe Land Between\u201c)<br \/>\nund Wolfgang Grenz (Amnesty International)<\/h3>\n<p class=\"hide-if-no-js\"><a id=\"set-post-thumbnail\" class=\"thickbox\" title=\"Beitragsbild festlegen\" href=\"http:\/\/www.augen-blicke-afrika.de\/blog\/wp-admin\/media-upload.php?post_id=1496&amp;type=image&amp;TB_iframe=1\"><img loading=\"lazy\" decoding=\"async\" class=\"attachment-post-thumbnail\" src=\"http:\/\/www.augen-blicke-afrika.de\/blog\/wp-content\/uploads\/2014\/10\/LandBetween1.jpg\" alt=\"LandBetween1\" width=\"519\" height=\"370\"><\/a><\/p>\n<p>&nbsp;<\/p>\n<h1>The Land Between<\/h1>\n<h3>Dokumentarfilm, Australien \/ Marokko 2014, R.: D. Fedele, 78 Min., frz. OF, engl. UT<\/h3>\n<\/td>\n<\/tr>\n<\/thead>\n<tbody>\n<tr>\n<td>In seinem Dokumentarfilm gibt Fedele einen Einblick in das allt\u00e4gliche Leben der subsaharischen Fl\u00fcchtlinge in den Bergen Nord-Marokkos, die st\u00e4ndig der extremen Gewalt spanischer und marokkanischer Autorit\u00e4ten ausgesetzt sind. Hier, an der Au\u00dfengrenze Europas, riskieren die Fl\u00fcchtlinge ihr Leben auf der Suche nach einem besseren Leben. Die menschenunw\u00fcrdigen Lebensumst\u00e4nde und die vielen Todesf\u00e4lle werden von allen EU-Mitgliedsstaaten billigend in Kauf genommen.<\/td>\n<\/tr>\n<tr>\n<td style=\"border-bottom: none;\">\n<p>&nbsp;<\/p>\n<p><strong>Der australische Regisseur David Fedele<\/strong>, der seine Unabh\u00e4ngigkeit dadurch<br \/>\nerh\u00e4lt, dass er seine Filme in Eigenregie produziert und vertreibt, diskutiert mit dem <strong>ehemaligen Amnesty-Generalsekret\u00e4r Wolfgang Grenz<\/strong> die Fl\u00fcchtlingspolitik der EU. Deren Folgen sind auch in Hamburg zu sp\u00fcren. Bei der Veranstaltung wird es auch darum gehen, Wege aufzuzeigen, die wir hier in Hamburg beschreiten k\u00f6nnen, um die Lage zu ver\u00e4ndern.<\/p>\n<p class=\"hide-if-no-js\">In Zusammenarbeit mit AMNESTY INTERNATIONAL, Bezirk Hamburg,<br \/>\nund der Rosa Luxemburg Stiftung Hamburg<\/p>\n<p class=\"hide-if-no-js\"><a id=\"sponsor\" class=\"thickbox\" title=\"Beitragsbild festlegen\" href=\"http:\/\/www.augen-blicke-afrika.de\/blog\/wp-admin\/media-upload.php?post_id=1496&amp;type=image&amp;TB_iframe=1\"><img loading=\"lazy\" decoding=\"async\" class=\"attachment-post-thumbnail alignleft\" src=\"http:\/\/www.augen-blicke-afrika.de\/blog\/wp-content\/uploads\/2014\/10\/AILogo_Kombi_S_HG.jpg\" alt=\"AILogo_Kombi_S_HG\" width=\"149\" height=\"58\"><\/a><a id=\"sponsor\" class=\"thickbox\" title=\"Beitragsbild festlegen\" href=\"http:\/\/www.augen-blicke-afrika.de\/blog\/wp-admin\/media-upload.php?post_id=1496&amp;type=image&amp;TB_iframe=1\"><img loading=\"lazy\" decoding=\"async\" class=\"attachment-post-thumbnail\" src=\"http:\/\/www.augen-blicke-afrika.de\/blog\/wp-content\/uploads\/2014\/10\/LogoRLSHamburg.jpg\" alt=\"LogoRLSHamburg\" width=\"76\" height=\"76\"><\/a><\/p>\n<\/td>\n<\/tr>\n<\/tbody>\n<\/table>\n<p>&nbsp;<\/p>\n<p>&nbsp;<\/p>\n","protected":false},"excerpt":{"rendered":"<p>Europas Fl\u00fcchtlingspolitik und die Folgen f\u00fcr Hamburg Film- und Diskussionsveranstaltung mit David Fedele (\u201eThe Land Between\u201c) und Wolfgang Grenz (Amnesty International) &nbsp; The Land Between Dokumentarfilm, Australien \/ Marokko 2014, R.: D. Fedele, 78 Min., frz. OF, engl. UT In &hellip; <a href=\"http:\/\/www.augen-blicke-afrika.de\/blog\/archiv\/archiv-2014\/filme-2014\/europas-fluechtlingspolitik-und-die-folgen-fuer-hamburg\/\">Weiterlesen <span class=\"meta-nav\">&rarr;<\/span><\/a><\/p>\n","protected":false},"author":3,"featured_media":6824,"parent":4184,"menu_order":0,"comment_status":"closed","ping_status":"closed","template":"afrika2014_oh.php","meta":{"footnotes":""},"class_list":["post-1496","page","type-page","status-publish","has-post-thumbnail","hentry"],"_links":{"self":[{"href":"http:\/\/www.augen-blicke-afrika.de\/blog\/wp-json\/wp\/v2\/pages\/1496","targetHints":{"allow":["GET"]}}],"collection":[{"href":"http:\/\/www.augen-blicke-afrika.de\/blog\/wp-json\/wp\/v2\/pages"}],"about":[{"href":"http:\/\/www.augen-blicke-afrika.de\/blog\/wp-json\/wp\/v2\/types\/page"}],"author":[{"embeddable":true,"href":"http:\/\/www.augen-blicke-afrika.de\/blog\/wp-json\/wp\/v2\/users\/3"}],"replies":[{"embeddable":true,"href":"http:\/\/www.augen-blicke-afrika.de\/blog\/wp-json\/wp\/v2\/comments?post=1496"}],"version-history":[{"count":24,"href":"http:\/\/www.augen-blicke-afrika.de\/blog\/wp-json\/wp\/v2\/pages\/1496\/revisions"}],"predecessor-version":[{"id":6833,"href":"http:\/\/www.augen-blicke-afrika.de\/blog\/wp-json\/wp\/v2\/pages\/1496\/revisions\/6833"}],"up":[{"embeddable":true,"href":"http:\/\/www.augen-blicke-afrika.de\/blog\/wp-json\/wp\/v2\/pages\/4184"}],"wp:featuredmedia":[{"embeddable":true,"href":"http:\/\/www.augen-blicke-afrika.de\/blog\/wp-json\/wp\/v2\/media\/6824"}],"wp:attachment":[{"href":"http:\/\/www.augen-blicke-afrika.de\/blog\/wp-json\/wp\/v2\/media?parent=1496"}],"curies":[{"name":"wp","href":"https:\/\/api.w.org\/{rel}","templated":true}]}}