{"id":1467,"date":"2014-10-09T15:24:53","date_gmt":"2014-10-09T13:24:53","guid":{"rendered":"http:\/\/www.augen-blicke-afrika.de\/blog\/?page_id=1467"},"modified":"2022-09-18T16:43:44","modified_gmt":"2022-09-18T14:43:44","slug":"ni-sisi-its-us","status":"publish","type":"page","link":"http:\/\/www.augen-blicke-afrika.de\/blog\/archiv\/archiv-2014\/filme-2014\/ni-sisi-its-us\/","title":{"rendered":"Ni Sisi &#8211; It&#8217;s Us"},"content":{"rendered":"<table style=\"height: 356px;\" width=\"756\">\n<thead>\n<tr>\n<td>\n<p class=\"hide-if-no-js\"><a id=\"set-post-thumbnail\" class=\"thickbox\" title=\"Beitragsbild festlegen\" href=\"http:\/\/www.augen-blicke-afrika.de\/blog\/wp-admin\/media-upload.php?post_id=1467&amp;type=image&amp;TB_iframe=1\"><img loading=\"lazy\" decoding=\"async\" class=\"attachment-post-thumbnail\" src=\"http:\/\/www.augen-blicke-afrika.de\/blog\/wp-content\/uploads\/2014\/10\/ItsUs_NiSisi_Still.jpg\" alt=\"I't'sUs_NiSisi_Still\" width=\"574\" height=\"374\"><\/a><\/p>\n<p>&nbsp;<\/p>\n<h1>Ni Sisi &#8211; It&#8217;s Us<\/h1>\n<h3>Kenia 2013, R.: Nick Reding, 92 Min., Swahili OF, engl. UT<\/h3>\n<\/td>\n<\/tr>\n<\/thead>\n<tbody>\n<tr>\n<td>Eine typische Kleinstadt in Kenia, die Bewohner leben friedlich im allt\u00e4glichen Chaos miteinander. Doch w\u00e4hrend des Wahlkampfs kippt die Stimmung, gezielt werden Ger\u00fcchte gestreut, die sich gegen eine bestimmte Ethnie richten. Der allt\u00e4gliche Klatsch und Tratsch schl\u00e4gt um in Intrigen und Missgunst, die schlie\u00dflich zu Gewaltausbr\u00fcchen f\u00fchren.<br \/>\nDer Film ist angelehnt an die Ereignisse w\u00e4hrend der Wahlen 2008.<br \/>\nAls Comedy-Drama inszeniert, zeigt der Spielfilm, wie Aberglauben und soziale Missst\u00e4nde von Politikern missbraucht werden k\u00f6nnen. Die Menschen haben es aber selbst in der Hand, dem etwas entgegen zu setzen.<\/td>\n<\/tr>\n<tr>\n<td style=\"border-bottom: none;\">&nbsp;<\/p>\n<p class=\"hide-if-no-js\"><a id=\"set-post-thumbnail\" class=\"thickbox\" title=\"Beitragsbild festlegen\" href=\"http:\/\/www.augen-blicke-afrika.de\/blog\/wp-admin\/media-upload.php?post_id=1467&amp;type=image&amp;TB_iframe=1\"><img loading=\"lazy\" decoding=\"async\" class=\"attachment-post-thumbnail alignleft\" src=\"http:\/\/www.augen-blicke-afrika.de\/blog\/wp-content\/uploads\/2014\/10\/ItsUs_NiSisi_Cover.jpg\" alt=\"I't'sUs_NiSisi_Cover\" width=\"145\" height=\"210\"><\/a><\/p>\n<p><strong>Nick Reding<\/strong>, geb. 1962 in London, ist ein bekannter englischer Schauspieler und Regisseur. Nach zahlreichen Filmarbeiten in England lebt er heute in Nairobi\/Kenia als Leiter der Organisation S.A.F.E., ein Projekt, das Kunst und Theater f\u00f6rdert als Mittel der Aufkl\u00e4rung und Bildung.<\/td>\n<\/tr>\n<\/tbody>\n<\/table>\n<p>&nbsp;<\/p>\n<p>&nbsp;<\/p>\n","protected":false},"excerpt":{"rendered":"<p>&nbsp; Ni Sisi &#8211; It&#8217;s Us Kenia 2013, R.: Nick Reding, 92 Min., Swahili OF, engl. UT Eine typische Kleinstadt in Kenia, die Bewohner leben friedlich im allt\u00e4glichen Chaos miteinander. Doch w\u00e4hrend des Wahlkampfs kippt die Stimmung, gezielt werden Ger\u00fcchte &hellip; <a href=\"http:\/\/www.augen-blicke-afrika.de\/blog\/archiv\/archiv-2014\/filme-2014\/ni-sisi-its-us\/\">Weiterlesen <span class=\"meta-nav\">&rarr;<\/span><\/a><\/p>\n","protected":false},"author":3,"featured_media":6824,"parent":4184,"menu_order":0,"comment_status":"closed","ping_status":"closed","template":"afrika2014_oh.php","meta":{"footnotes":""},"class_list":["post-1467","page","type-page","status-publish","has-post-thumbnail","hentry"],"_links":{"self":[{"href":"http:\/\/www.augen-blicke-afrika.de\/blog\/wp-json\/wp\/v2\/pages\/1467","targetHints":{"allow":["GET"]}}],"collection":[{"href":"http:\/\/www.augen-blicke-afrika.de\/blog\/wp-json\/wp\/v2\/pages"}],"about":[{"href":"http:\/\/www.augen-blicke-afrika.de\/blog\/wp-json\/wp\/v2\/types\/page"}],"author":[{"embeddable":true,"href":"http:\/\/www.augen-blicke-afrika.de\/blog\/wp-json\/wp\/v2\/users\/3"}],"replies":[{"embeddable":true,"href":"http:\/\/www.augen-blicke-afrika.de\/blog\/wp-json\/wp\/v2\/comments?post=1467"}],"version-history":[{"count":5,"href":"http:\/\/www.augen-blicke-afrika.de\/blog\/wp-json\/wp\/v2\/pages\/1467\/revisions"}],"predecessor-version":[{"id":6839,"href":"http:\/\/www.augen-blicke-afrika.de\/blog\/wp-json\/wp\/v2\/pages\/1467\/revisions\/6839"}],"up":[{"embeddable":true,"href":"http:\/\/www.augen-blicke-afrika.de\/blog\/wp-json\/wp\/v2\/pages\/4184"}],"wp:featuredmedia":[{"embeddable":true,"href":"http:\/\/www.augen-blicke-afrika.de\/blog\/wp-json\/wp\/v2\/media\/6824"}],"wp:attachment":[{"href":"http:\/\/www.augen-blicke-afrika.de\/blog\/wp-json\/wp\/v2\/media?parent=1467"}],"curies":[{"name":"wp","href":"https:\/\/api.w.org\/{rel}","templated":true}]}}