{"id":1463,"date":"2014-10-09T15:18:59","date_gmt":"2014-10-09T13:18:59","guid":{"rendered":"http:\/\/www.augen-blicke-afrika.de\/blog\/?page_id=1463"},"modified":"2022-09-18T16:40:25","modified_gmt":"2022-09-18T14:40:25","slug":"empire-of-dust","status":"publish","type":"page","link":"http:\/\/www.augen-blicke-afrika.de\/blog\/archiv\/archiv-2014\/filme-2014\/empire-of-dust\/","title":{"rendered":"Empire of Dust"},"content":{"rendered":"<table style=\"height: 356px;\" width=\"756\">\n<thead>\n<tr>\n<td>\n<p class=\"hide-if-no-js\"><a id=\"set-post-thumbnail\" class=\"thickbox\" title=\"Beitragsbild festlegen\" href=\"http:\/\/www.augen-blicke-afrika.de\/blog\/wp-admin\/media-upload.php?post_id=1463&amp;type=image&amp;TB_iframe=1\"><img loading=\"lazy\" decoding=\"async\" class=\"attachment-post-thumbnail\" src=\"http:\/\/www.augen-blicke-afrika.de\/blog\/wp-content\/uploads\/2014\/10\/empire_of_dust.jpg\" alt=\"empire_of_dust\" width=\"570\" height=\"330\"><\/a><\/p>\n<p>&nbsp;<\/p>\n<h1>Empire of Dust<\/h1>\n<h3>Dokumentarfilm, Belgien \/ Kongo 2011, R.: Bram Van Paesschen, 77 Min.,<br \/>\nfrz. \/ chin. OF, engl. UT<\/h3>\n<\/td>\n<\/tr>\n<\/thead>\n<tbody>\n<tr>\n<td>Der Film \u201eEmpire of Dust\u201c begleitet Lao Yang, einen Bauleiter aus China, und Eddy, seinen \u00dcbersetzer aus Kinshasa, durch die M\u00fchen des afrikanischen Alltags.&nbsp; Beide arbeiten f\u00fcr eine chinesische Firma, die im Kongo 300 km Stra\u00dfe instand setzen soll. Yang findet das angeforderte Baumaterial nicht vor und so beginnt ein hartn\u00e4ckiger Kampf gegen lokale Unternehmer, gegen Schwund auf der Baustelle, unwillige Arbeiter und \u2013 gegen Eddy. Der ist seinerseits immer bem\u00fcht, Yangs ruppige Anspr\u00fcche zu ertragen, verliert aber mehr und mehr die Lust an dem Unternehmen.<\/td>\n<\/tr>\n<tr>\n<td style=\"border-bottom: none;\">&nbsp;<\/p>\n<p class=\"hide-if-no-js\"><a id=\"set-post-thumbnail\" class=\"thickbox\" title=\"Beitragsbild festlegen\" href=\"http:\/\/www.augen-blicke-afrika.de\/blog\/wp-admin\/media-upload.php?post_id=1463&amp;type=image&amp;TB_iframe=1\"><img loading=\"lazy\" decoding=\"async\" class=\"attachment-post-thumbnail alignleft\" src=\"http:\/\/www.augen-blicke-afrika.de\/blog\/wp-content\/uploads\/2014\/10\/plakat_dust.jpg\" alt=\"plakat_dust\" width=\"143\" height=\"198\"><\/a><\/p>\n<p><strong>Bram Van Paesschen<\/strong>, geb. 1979 in Belgien, studierte Film &#8211; Schnitt und Regie &#8211; und realisierte als Abschlussarbeit 2002 seinen ersten Dokumentarfilm. Seine Filme wurden auf vielen europ\u00e4ischen und auch afrikanischen Filmfestivals gezeigt.<\/td>\n<\/tr>\n<\/tbody>\n<\/table>\n<p>&nbsp;<\/p>\n<p>&nbsp;<\/p>\n","protected":false},"excerpt":{"rendered":"<p>&nbsp; Empire of Dust Dokumentarfilm, Belgien \/ Kongo 2011, R.: Bram Van Paesschen, 77 Min., frz. \/ chin. OF, engl. UT Der Film \u201eEmpire of Dust\u201c begleitet Lao Yang, einen Bauleiter aus China, und Eddy, seinen \u00dcbersetzer aus Kinshasa, durch &hellip; <a href=\"http:\/\/www.augen-blicke-afrika.de\/blog\/archiv\/archiv-2014\/filme-2014\/empire-of-dust\/\">Weiterlesen <span class=\"meta-nav\">&rarr;<\/span><\/a><\/p>\n","protected":false},"author":3,"featured_media":6824,"parent":4184,"menu_order":0,"comment_status":"closed","ping_status":"closed","template":"afrika2014_oh.php","meta":{"footnotes":""},"class_list":["post-1463","page","type-page","status-publish","has-post-thumbnail","hentry"],"_links":{"self":[{"href":"http:\/\/www.augen-blicke-afrika.de\/blog\/wp-json\/wp\/v2\/pages\/1463","targetHints":{"allow":["GET"]}}],"collection":[{"href":"http:\/\/www.augen-blicke-afrika.de\/blog\/wp-json\/wp\/v2\/pages"}],"about":[{"href":"http:\/\/www.augen-blicke-afrika.de\/blog\/wp-json\/wp\/v2\/types\/page"}],"author":[{"embeddable":true,"href":"http:\/\/www.augen-blicke-afrika.de\/blog\/wp-json\/wp\/v2\/users\/3"}],"replies":[{"embeddable":true,"href":"http:\/\/www.augen-blicke-afrika.de\/blog\/wp-json\/wp\/v2\/comments?post=1463"}],"version-history":[{"count":5,"href":"http:\/\/www.augen-blicke-afrika.de\/blog\/wp-json\/wp\/v2\/pages\/1463\/revisions"}],"predecessor-version":[{"id":6831,"href":"http:\/\/www.augen-blicke-afrika.de\/blog\/wp-json\/wp\/v2\/pages\/1463\/revisions\/6831"}],"up":[{"embeddable":true,"href":"http:\/\/www.augen-blicke-afrika.de\/blog\/wp-json\/wp\/v2\/pages\/4184"}],"wp:featuredmedia":[{"embeddable":true,"href":"http:\/\/www.augen-blicke-afrika.de\/blog\/wp-json\/wp\/v2\/media\/6824"}],"wp:attachment":[{"href":"http:\/\/www.augen-blicke-afrika.de\/blog\/wp-json\/wp\/v2\/media?parent=1463"}],"curies":[{"name":"wp","href":"https:\/\/api.w.org\/{rel}","templated":true}]}}