{"id":1451,"date":"2014-10-09T12:57:56","date_gmt":"2014-10-09T10:57:56","guid":{"rendered":"http:\/\/www.augen-blicke-afrika.de\/blog\/?page_id=1451"},"modified":"2022-09-18T16:42:43","modified_gmt":"2022-09-18T14:42:43","slug":"le-president","status":"publish","type":"page","link":"http:\/\/www.augen-blicke-afrika.de\/blog\/archiv\/archiv-2014\/filme-2014\/le-president\/","title":{"rendered":"Le Pr\u00e9sident"},"content":{"rendered":"<table style=\"height: 356px;\" width=\"756\">\n<thead>\n<tr>\n<td>\n<p class=\"hide-if-no-js\"><a href=\"http:\/\/www.augen-blicke-afrika.de\/blog\/wp-content\/uploads\/2014\/10\/president.jpg\"><img loading=\"lazy\" decoding=\"async\" class=\"alignnone size-full wp-image-1453\" src=\"http:\/\/www.augen-blicke-afrika.de\/blog\/wp-content\/uploads\/2014\/10\/president.jpg\" alt=\"president\" width=\"700\" height=\"359\"><\/a><\/p>\n<p>&nbsp;<\/p>\n<h1>Le Pr\u00e9sident<\/h1>\n<h3>Kamerun \/ Deutschland 2013, R.: Jean-Pierre Bekolo, 62 Min., frz. OF, engl. UT<\/h3>\n<\/td>\n<\/tr>\n<\/thead>\n<tbody>\n<tr>\n<td>In dem experimentellen Spielfilm \u201eLe Pr\u00e9sident\u201c erz\u00e4hlt Jean-Pierre Bekolo die fiktive Geschichte eines amtsm\u00fcden Regierungschefs in einem Land, in dem das Leben stagniert. \u00c4hnlichkeiten mit lebenden Personen sind beabsichtigt: \u201eLe Pr\u00e9sident\u201c ist eine politische Parabel auf die Verh\u00e4ltnisse in Kamerun, das seit 1982 ununterbrochen von Paul Biya regiert wird.<br \/>\nDer Film wurde in Kamerun verboten, da er ein Tabu-Thema aufgreift: die Vorstellung, dass der Tag kommen wird, an dem das Regime seine Macht verliert. Bekolo in einem Interview: \u201eMan muss verstehen, dass der Pr\u00e4sident in Kamerun der Anfang und das Ende von allem ist, der Fixpunkt der Macht, und zwar seit \u00fcber 30 Jahren.\u201c<\/td>\n<\/tr>\n<tr>\n<td style=\"border-bottom: none;\">&nbsp;<\/p>\n<p class=\"hide-if-no-js\"><a id=\"set-post-thumbnail\" class=\"thickbox\" title=\"Beitragsbild festlegen\" href=\"http:\/\/www.augen-blicke-afrika.de\/blog\/wp-admin\/media-upload.php?post_id=1451&amp;type=image&amp;TB_iframe=1\"><img loading=\"lazy\" decoding=\"async\" class=\"attachment-post-thumbnail alignleft\" src=\"http:\/\/www.augen-blicke-afrika.de\/blog\/wp-content\/uploads\/2014\/10\/poster.jpg\" alt=\"poster\" width=\"179\" height=\"251\"><\/a><\/p>\n<p><strong>Jean Pierre Bekolo<\/strong>, geb. 1966 in Kamerun, geh\u00f6rt zu den bekanntesten Filmemachern Kameruns. Schon mit seinem Deb\u00fctfilm \u201eQuartier Mozart\u201c (1992) sorgte er in Cannes f\u00fcr Aufsehen und wurde zum Vertreter einer neuen Generation, die sich den eng gesteckten Erwartungen an afrikanisches Kino widersetzte, die Genres mixte und Pop mit Politik verkn\u00fcpfte. Neben seiner Regiearbeit unterrichtet Bekolo Film und ist in verschiedenen Netzwerken afrikanischer Filmemacher aktiv.<\/td>\n<\/tr>\n<\/tbody>\n<\/table>\n<p>&nbsp;<\/p>\n<p>&nbsp;<\/p>\n","protected":false},"excerpt":{"rendered":"<p>&nbsp; Le Pr\u00e9sident Kamerun \/ Deutschland 2013, R.: Jean-Pierre Bekolo, 62 Min., frz. OF, engl. UT In dem experimentellen Spielfilm \u201eLe Pr\u00e9sident\u201c erz\u00e4hlt Jean-Pierre Bekolo die fiktive Geschichte eines amtsm\u00fcden Regierungschefs in einem Land, in dem das Leben stagniert. \u00c4hnlichkeiten &hellip; <a href=\"http:\/\/www.augen-blicke-afrika.de\/blog\/archiv\/archiv-2014\/filme-2014\/le-president\/\">Weiterlesen <span class=\"meta-nav\">&rarr;<\/span><\/a><\/p>\n","protected":false},"author":3,"featured_media":6824,"parent":4184,"menu_order":0,"comment_status":"closed","ping_status":"closed","template":"afrika2014_oh.php","meta":{"footnotes":""},"class_list":["post-1451","page","type-page","status-publish","has-post-thumbnail","hentry"],"_links":{"self":[{"href":"http:\/\/www.augen-blicke-afrika.de\/blog\/wp-json\/wp\/v2\/pages\/1451","targetHints":{"allow":["GET"]}}],"collection":[{"href":"http:\/\/www.augen-blicke-afrika.de\/blog\/wp-json\/wp\/v2\/pages"}],"about":[{"href":"http:\/\/www.augen-blicke-afrika.de\/blog\/wp-json\/wp\/v2\/types\/page"}],"author":[{"embeddable":true,"href":"http:\/\/www.augen-blicke-afrika.de\/blog\/wp-json\/wp\/v2\/users\/3"}],"replies":[{"embeddable":true,"href":"http:\/\/www.augen-blicke-afrika.de\/blog\/wp-json\/wp\/v2\/comments?post=1451"}],"version-history":[{"count":5,"href":"http:\/\/www.augen-blicke-afrika.de\/blog\/wp-json\/wp\/v2\/pages\/1451\/revisions"}],"predecessor-version":[{"id":6836,"href":"http:\/\/www.augen-blicke-afrika.de\/blog\/wp-json\/wp\/v2\/pages\/1451\/revisions\/6836"}],"up":[{"embeddable":true,"href":"http:\/\/www.augen-blicke-afrika.de\/blog\/wp-json\/wp\/v2\/pages\/4184"}],"wp:featuredmedia":[{"embeddable":true,"href":"http:\/\/www.augen-blicke-afrika.de\/blog\/wp-json\/wp\/v2\/media\/6824"}],"wp:attachment":[{"href":"http:\/\/www.augen-blicke-afrika.de\/blog\/wp-json\/wp\/v2\/media?parent=1451"}],"curies":[{"name":"wp","href":"https:\/\/api.w.org\/{rel}","templated":true}]}}