{"id":1423,"date":"2014-10-09T11:49:48","date_gmt":"2014-10-09T09:49:48","guid":{"rendered":"http:\/\/www.augen-blicke-afrika.de\/blog\/?page_id=1423"},"modified":"2022-09-18T16:41:00","modified_gmt":"2022-09-18T14:41:00","slug":"espoir-voyage","status":"publish","type":"page","link":"http:\/\/www.augen-blicke-afrika.de\/blog\/archiv\/archiv-2014\/filme-2014\/espoir-voyage\/","title":{"rendered":"Espoir Voyage"},"content":{"rendered":"<table style=\"height: 356px;\" width=\"756\">\n<thead>\n<tr>\n<td>\n<p class=\"hide-if-no-js\"><a id=\"set-post-thumbnail\" class=\"thickbox\" title=\"Beitragsbild festlegen\" href=\"http:\/\/www.augen-blicke-afrika.de\/blog\/wp-admin\/media-upload.php?post_id=1423&amp;type=image&amp;TB_iframe=1\"><img loading=\"lazy\" decoding=\"async\" class=\"attachment-post-thumbnail\" src=\"http:\/\/www.augen-blicke-afrika.de\/blog\/wp-content\/uploads\/2014\/10\/z22_10espoir-voyage.jpg.4669065.jpg\" alt=\"z22_10espoir voyage.jpg.4669065\" width=\"571\" height=\"431\"><\/a><\/p>\n<p>&nbsp;<\/p>\n<h1>Espoir Voyage<\/h1>\n<h3>Dokumentarfilm, Burkina Faso \/ Frankreich 2011, R.: Michel K. Zongo,<br \/>\n81 Min., M\u00f2or\u00e9 \/ frz. OF, engl. UT<\/h3>\n<\/td>\n<\/tr>\n<\/thead>\n<tbody>\n<tr>\n<td>Der burkinische Regisseur Michel Zongo begibt sich auf eine pers\u00f6nliche Spurensuche nach seinem \u00e4lteren Bruder Joanny, der sein Heimatdorf mit nur 14 Jahren verlie\u00df, um, wie viele andere auch, in der Elfenbeink\u00fcste als Plantagenarbeiter Geld f\u00fcr sich und die Familie zu verdienen. Seitdem hatte niemand mehr von Joanny geh\u00f6rt. Nach vielen Jahren erreichte die Nachricht von seinem Tod die Familie. Wie lebte Joanny? Warum starb er?<br \/>\nMit der Geschichte seines Bruders erz\u00e4hlt Zongo auch die Geschichte innerafrikanischer Arbeitsmigration und reflektiert dabei die Folgen: den Zusammenhalt sowie die Konflikte der Wanderarbeiter und die Sorgen der zur\u00fcckgelassenen Familien, die oft monatelang keine Nachricht vom Verbleib ihrer N\u00e4chsten erhalten.<\/td>\n<\/tr>\n<tr>\n<td style=\"border-bottom: none;\">&nbsp;<\/p>\n<p class=\"hide-if-no-js\"><a id=\"set-post-thumbnail\" class=\"thickbox\" title=\"Beitragsbild festlegen\" href=\"http:\/\/www.augen-blicke-afrika.de\/blog\/wp-admin\/media-upload.php?post_id=1423&amp;type=image&amp;TB_iframe=1\"><img loading=\"lazy\" decoding=\"async\" class=\"attachment-post-thumbnail alignleft\" src=\"http:\/\/www.augen-blicke-afrika.de\/blog\/wp-content\/uploads\/2014\/10\/Grafikclip.jpg\" alt=\"Grafikclip\" width=\"204\" height=\"288\"><\/a><\/p>\n<p><strong>Michel K. Zongo<\/strong>, geb. 1974 in Burkina Faso, begann als Regie- und Kameraassistent in seinem Heimatland. Heute schreibt er Drehb\u00fccher, arbeitet als Regisseur und Kameramann. Der Film \u201eEspoir Voyage\u201c ist sein erster langer Dokumentarfilm und lief bei der Berlinale 2012 beim Internationalen Forum des Jungen Films.<\/p>\n<p class=\"hide-if-no-js\">\n<\/td>\n<\/tr>\n<\/tbody>\n<\/table>\n<p>&nbsp;<\/p>\n<p>&nbsp;<\/p>\n","protected":false},"excerpt":{"rendered":"<p>&nbsp; Espoir Voyage Dokumentarfilm, Burkina Faso \/ Frankreich 2011, R.: Michel K. Zongo, 81 Min., M\u00f2or\u00e9 \/ frz. OF, engl. UT Der burkinische Regisseur Michel Zongo begibt sich auf eine pers\u00f6nliche Spurensuche nach seinem \u00e4lteren Bruder Joanny, der sein Heimatdorf &hellip; <a href=\"http:\/\/www.augen-blicke-afrika.de\/blog\/archiv\/archiv-2014\/filme-2014\/espoir-voyage\/\">Weiterlesen <span class=\"meta-nav\">&rarr;<\/span><\/a><\/p>\n","protected":false},"author":3,"featured_media":6824,"parent":4184,"menu_order":0,"comment_status":"closed","ping_status":"closed","template":"afrika2014_oh.php","meta":{"footnotes":""},"class_list":["post-1423","page","type-page","status-publish","has-post-thumbnail","hentry"],"_links":{"self":[{"href":"http:\/\/www.augen-blicke-afrika.de\/blog\/wp-json\/wp\/v2\/pages\/1423","targetHints":{"allow":["GET"]}}],"collection":[{"href":"http:\/\/www.augen-blicke-afrika.de\/blog\/wp-json\/wp\/v2\/pages"}],"about":[{"href":"http:\/\/www.augen-blicke-afrika.de\/blog\/wp-json\/wp\/v2\/types\/page"}],"author":[{"embeddable":true,"href":"http:\/\/www.augen-blicke-afrika.de\/blog\/wp-json\/wp\/v2\/users\/3"}],"replies":[{"embeddable":true,"href":"http:\/\/www.augen-blicke-afrika.de\/blog\/wp-json\/wp\/v2\/comments?post=1423"}],"version-history":[{"count":6,"href":"http:\/\/www.augen-blicke-afrika.de\/blog\/wp-json\/wp\/v2\/pages\/1423\/revisions"}],"predecessor-version":[{"id":6832,"href":"http:\/\/www.augen-blicke-afrika.de\/blog\/wp-json\/wp\/v2\/pages\/1423\/revisions\/6832"}],"up":[{"embeddable":true,"href":"http:\/\/www.augen-blicke-afrika.de\/blog\/wp-json\/wp\/v2\/pages\/4184"}],"wp:featuredmedia":[{"embeddable":true,"href":"http:\/\/www.augen-blicke-afrika.de\/blog\/wp-json\/wp\/v2\/media\/6824"}],"wp:attachment":[{"href":"http:\/\/www.augen-blicke-afrika.de\/blog\/wp-json\/wp\/v2\/media?parent=1423"}],"curies":[{"name":"wp","href":"https:\/\/api.w.org\/{rel}","templated":true}]}}