{"id":1414,"date":"2014-10-09T11:39:09","date_gmt":"2014-10-09T09:39:09","guid":{"rendered":"http:\/\/www.augen-blicke-afrika.de\/blog\/?page_id=1414"},"modified":"2022-09-18T16:44:29","modified_gmt":"2022-09-18T14:44:29","slug":"punk-in-africa","status":"publish","type":"page","link":"http:\/\/www.augen-blicke-afrika.de\/blog\/archiv\/archiv-2014\/filme-2014\/punk-in-africa\/","title":{"rendered":"Punk in Africa"},"content":{"rendered":"<p>&nbsp;<\/p>\n<table style=\"height: 356px;\" width=\"756\">\n<thead>\n<tr>\n<td>\n<p class=\"hide-if-no-js\"><a id=\"set-post-thumbnail\" class=\"thickbox\" title=\"Beitragsbild festlegen\" href=\"http:\/\/www.augen-blicke-afrika.de\/blog\/wp-admin\/media-upload.php?post_id=1414&amp;type=image&amp;TB_iframe=1\"><img loading=\"lazy\" decoding=\"async\" class=\"attachment-post-thumbnail\" src=\"http:\/\/www.augen-blicke-afrika.de\/blog\/wp-content\/uploads\/2014\/10\/PunkInAfrica.jpg\" alt=\"PunkInAfrica\" width=\"574\" height=\"291\"><\/a><\/p>\n<p>&nbsp;<\/p>\n<h1>Punk in Africa<\/h1>\n<h3>Dokumentarfilm, S\u00fcdafrika \/Tschechien 2011, R.: Keith Jones, Deon Maas, 80 Min.,<br \/>\nengl. OF, dt. UT<\/h3>\n<\/td>\n<\/tr>\n<\/thead>\n<tbody>\n<tr>\n<td>Drei Akkorde, drei L\u00e4nder, eine Revolution&#8230; Der Dokumentarfilm zeigt, dass die Punkbewegung in S\u00fcdafrika, Mosambik und Simbabwe Ausdruck von sozialem und politischem Widerstand ist, ohne Unterscheidung nach Hautfarben. Punk steht hier f\u00fcr einen radikalen Aufbruch. Die Bewegung muss sich vor dem Hintergrund politischer Unterdr\u00fcckung, wirtschaftlicher N\u00f6te und b\u00fcrgerkriegs\u00e4hnlicher Zust\u00e4nde behaupten.<br \/>\nDie Regisseure zu ihrem Film: \u201eAls wir die Idee f\u00fcr Punk in Africa entwickelten, wollten wir der Frage nachgehen, wie die eurozentristische soziale Revolution des Punk zu einer ernst zu nehmenden politischen Bewegung in S\u00fcdafrika werden konnte und wie sich die Idee der Revolution in anderen afrikanischen L\u00e4ndern ausbreitete, deren politische Verh\u00e4ltnisse h\u00e4rtere Proteste erforderten.\u201c<\/td>\n<\/tr>\n<tr>\n<td style=\"border-bottom: none;\">\n<p>&nbsp;<\/p>\n<p><a id=\"sponsor\" href=\"http:\/\/www.augen-blicke-afrika.de\/blog\/wp-content\/uploads\/2014\/10\/punk.png\"><img loading=\"lazy\" decoding=\"async\" class=\"alignleft wp-image-1708 \" src=\"http:\/\/www.augen-blicke-afrika.de\/blog\/wp-content\/uploads\/2014\/10\/punk-277x300.png\" alt=\"punk\" width=\"206\" height=\"242\"><\/a><\/p>\n<p><strong>Deon Maas<\/strong> kommt selbst aus der s\u00fcdafrikanischen Punker-Szene. Er ist Musiker, Unternehmer und Filmemacher und ein vielfach preisgekr\u00f6nter Fernsehproduzent.<\/p>\n<p class=\"hide-if-no-js\">\n<\/td>\n<\/tr>\n<\/tbody>\n<\/table>\n<p>&nbsp;<\/p>\n<p>&nbsp;<\/p>\n","protected":false},"excerpt":{"rendered":"<p>&nbsp; &nbsp; Punk in Africa Dokumentarfilm, S\u00fcdafrika \/Tschechien 2011, R.: Keith Jones, Deon Maas, 80 Min., engl. OF, dt. UT Drei Akkorde, drei L\u00e4nder, eine Revolution&#8230; Der Dokumentarfilm zeigt, dass die Punkbewegung in S\u00fcdafrika, Mosambik und Simbabwe Ausdruck von sozialem &hellip; <a href=\"http:\/\/www.augen-blicke-afrika.de\/blog\/archiv\/archiv-2014\/filme-2014\/punk-in-africa\/\">Weiterlesen <span class=\"meta-nav\">&rarr;<\/span><\/a><\/p>\n","protected":false},"author":3,"featured_media":6824,"parent":4184,"menu_order":0,"comment_status":"closed","ping_status":"closed","template":"afrika2014_oh.php","meta":{"footnotes":""},"class_list":["post-1414","page","type-page","status-publish","has-post-thumbnail","hentry"],"_links":{"self":[{"href":"http:\/\/www.augen-blicke-afrika.de\/blog\/wp-json\/wp\/v2\/pages\/1414","targetHints":{"allow":["GET"]}}],"collection":[{"href":"http:\/\/www.augen-blicke-afrika.de\/blog\/wp-json\/wp\/v2\/pages"}],"about":[{"href":"http:\/\/www.augen-blicke-afrika.de\/blog\/wp-json\/wp\/v2\/types\/page"}],"author":[{"embeddable":true,"href":"http:\/\/www.augen-blicke-afrika.de\/blog\/wp-json\/wp\/v2\/users\/3"}],"replies":[{"embeddable":true,"href":"http:\/\/www.augen-blicke-afrika.de\/blog\/wp-json\/wp\/v2\/comments?post=1414"}],"version-history":[{"count":11,"href":"http:\/\/www.augen-blicke-afrika.de\/blog\/wp-json\/wp\/v2\/pages\/1414\/revisions"}],"predecessor-version":[{"id":6841,"href":"http:\/\/www.augen-blicke-afrika.de\/blog\/wp-json\/wp\/v2\/pages\/1414\/revisions\/6841"}],"up":[{"embeddable":true,"href":"http:\/\/www.augen-blicke-afrika.de\/blog\/wp-json\/wp\/v2\/pages\/4184"}],"wp:featuredmedia":[{"embeddable":true,"href":"http:\/\/www.augen-blicke-afrika.de\/blog\/wp-json\/wp\/v2\/media\/6824"}],"wp:attachment":[{"href":"http:\/\/www.augen-blicke-afrika.de\/blog\/wp-json\/wp\/v2\/media?parent=1414"}],"curies":[{"name":"wp","href":"https:\/\/api.w.org\/{rel}","templated":true}]}}