{"id":1404,"date":"2014-10-09T11:14:04","date_gmt":"2014-10-09T09:14:04","guid":{"rendered":"http:\/\/www.augen-blicke-afrika.de\/blog\/?page_id=1404"},"modified":"2022-09-18T16:44:46","modified_gmt":"2022-09-18T14:44:46","slug":"timbuktu","status":"publish","type":"page","link":"http:\/\/www.augen-blicke-afrika.de\/blog\/archiv\/archiv-2014\/filme-2014\/timbuktu\/","title":{"rendered":"Timbuktu"},"content":{"rendered":"<table style=\"height: 356px;\" width=\"756\">\n<thead>\n<tr>\n<td>\n<p class=\"hide-if-no-js\"><a id=\"set-post-thumbnail\" class=\"thickbox\" title=\"Beitragsbild festlegen\" href=\"http:\/\/www.augen-blicke-afrika.de\/blog\/wp-admin\/media-upload.php?post_id=1399&amp;type=image&amp;TB_iframe=1\"><img loading=\"lazy\" decoding=\"async\" class=\"attachment-post-thumbnail\" src=\"http:\/\/www.augen-blicke-afrika.de\/blog\/wp-content\/uploads\/2014\/10\/TIMBUKTU.jpg\" alt=\"TIMBUKTU\" width=\"565\" height=\"250\"><\/a><\/p>\n<p>&nbsp;<\/p>\n<h1>Timbuktu<\/h1>\n<h3>Mali \/ Frankreich 2014, R.: Abderrahmane Sissako, 115 Min.,<br \/>\nfrz.\/arab.\/Tamaschek OF, dt. UT<\/h3>\n<\/td>\n<\/tr>\n<\/thead>\n<tbody>\n<tr>\n<td>Unter der F\u00fchrung eines arabischen Dschihadisten wird das Leben der Bewohner Timbuktus durch einen bunt zusammengew\u00fcrfelten Haufen von Fanatikern unterschiedlichster Herkunft von einem Tag auf den n\u00e4chsten umgekrempelt. Pl\u00f6tzlich m\u00fcssen alle Frauen Schleier tragen, niemand darf mehr Fu\u00dfball spielen, rauchen, tanzen oder Musik machen.&nbsp; Die Bev\u00f6lkerung ist dem barbarischen Treiben hilflos ausgeliefert, die Strafaktionen der Extremisten schwanken zwischen Absurdit\u00e4t und Brutalit\u00e4t.<br \/>\nDer Film zeigt in poetischen Bildern das Schicksal Einzelner und einer Stadt, die in die F\u00e4nge islamistischer Fundamentalisten ger\u00e4t.<\/td>\n<\/tr>\n<tr>\n<td style=\"border-bottom: none;\">\n<p>&nbsp;<\/p>\n<p><a id=\"set-post-thumbnail\" class=\"thickbox\" title=\"Beitragsbild festlegen\" href=\"http:\/\/www.augen-blicke-afrika.de\/blog\/wp-admin\/media-upload.php?post_id=1399&amp;type=image&amp;TB_iframe=1\"><img loading=\"lazy\" decoding=\"async\" class=\"attachment-post-thumbnail alignleft\" src=\"http:\/\/www.augen-blicke-afrika.de\/blog\/wp-content\/uploads\/2014\/10\/flyer_4001.jpg\" alt=\"flyer_400\" width=\"154\" height=\"213\"><\/a><\/p>\n<p><strong>Abderahmane Sissako<\/strong>, geb. 1961 in Mauretanien, wuchs in Mali auf, dem Herkunftsland seines Vaters. In den 1980er Jahren studierte er in Moskau am Gerassimow-Institut f\u00fcr Kinematographie. Anfang der 1990er Jahre zog er nach Paris. Als Regisseur und Produzent realisierte er zahlreiche Spielfilme, u. a. 2006 \u201eBamako\u201c, ein Filmdrama \u00fcber einen fiktiven Prozess der afrikanischen Zivilgesellschaft gegen Weltbank und IWF.<br \/>\n2003 war er Jury-Mitglied der Berlinale und er war mehrmals in der Jury der Filmfestspiele in Cannes. Beim diesj\u00e4hrigen Filmfestival in Cannes erhielt er f\u00fcr \u201eTimbuktu\u201c den \u201ePreis der \u00f6kumenischen Jury\u201c.<\/td>\n<\/tr>\n<\/tbody>\n<\/table>\n<p>&nbsp;<\/p>\n<p>&nbsp;<\/p>\n","protected":false},"excerpt":{"rendered":"<p>&nbsp; Timbuktu Mali \/ Frankreich 2014, R.: Abderrahmane Sissako, 115 Min., frz.\/arab.\/Tamaschek OF, dt. UT Unter der F\u00fchrung eines arabischen Dschihadisten wird das Leben der Bewohner Timbuktus durch einen bunt zusammengew\u00fcrfelten Haufen von Fanatikern unterschiedlichster Herkunft von einem Tag auf &hellip; <a href=\"http:\/\/www.augen-blicke-afrika.de\/blog\/archiv\/archiv-2014\/filme-2014\/timbuktu\/\">Weiterlesen <span class=\"meta-nav\">&rarr;<\/span><\/a><\/p>\n","protected":false},"author":3,"featured_media":6824,"parent":4184,"menu_order":0,"comment_status":"closed","ping_status":"closed","template":"afrika2014_oh.php","meta":{"footnotes":""},"class_list":["post-1404","page","type-page","status-publish","has-post-thumbnail","hentry"],"_links":{"self":[{"href":"http:\/\/www.augen-blicke-afrika.de\/blog\/wp-json\/wp\/v2\/pages\/1404","targetHints":{"allow":["GET"]}}],"collection":[{"href":"http:\/\/www.augen-blicke-afrika.de\/blog\/wp-json\/wp\/v2\/pages"}],"about":[{"href":"http:\/\/www.augen-blicke-afrika.de\/blog\/wp-json\/wp\/v2\/types\/page"}],"author":[{"embeddable":true,"href":"http:\/\/www.augen-blicke-afrika.de\/blog\/wp-json\/wp\/v2\/users\/3"}],"replies":[{"embeddable":true,"href":"http:\/\/www.augen-blicke-afrika.de\/blog\/wp-json\/wp\/v2\/comments?post=1404"}],"version-history":[{"count":13,"href":"http:\/\/www.augen-blicke-afrika.de\/blog\/wp-json\/wp\/v2\/pages\/1404\/revisions"}],"predecessor-version":[{"id":6842,"href":"http:\/\/www.augen-blicke-afrika.de\/blog\/wp-json\/wp\/v2\/pages\/1404\/revisions\/6842"}],"up":[{"embeddable":true,"href":"http:\/\/www.augen-blicke-afrika.de\/blog\/wp-json\/wp\/v2\/pages\/4184"}],"wp:featuredmedia":[{"embeddable":true,"href":"http:\/\/www.augen-blicke-afrika.de\/blog\/wp-json\/wp\/v2\/media\/6824"}],"wp:attachment":[{"href":"http:\/\/www.augen-blicke-afrika.de\/blog\/wp-json\/wp\/v2\/media?parent=1404"}],"curies":[{"name":"wp","href":"https:\/\/api.w.org\/{rel}","templated":true}]}}