{"id":1384,"date":"2014-10-09T10:33:46","date_gmt":"2014-10-09T08:33:46","guid":{"rendered":"http:\/\/www.augen-blicke-afrika.de\/blog\/?page_id=1384"},"modified":"2025-11-03T01:20:04","modified_gmt":"2025-11-03T00:20:04","slug":"kamerun-autopsie-einer-unabhaengigkeit","status":"publish","type":"page","link":"http:\/\/www.augen-blicke-afrika.de\/blog\/archiv\/archiv-2014\/filme-2014\/kamerun-autopsie-einer-unabhaengigkeit\/","title":{"rendered":"Kamerun &#8211;  Autopsie einer Unabh\u00e4ngigkeit"},"content":{"rendered":"<table style=\"height: 356px;\" width=\"756\">\n<thead>\n<tr>\n<td>\n<p class=\"hide-if-no-js\"><a id=\"set-post-thumbnail\" class=\"thickbox\" title=\"Beitragsbild festlegen\" href=\"http:\/\/www.augen-blicke-afrika.de\/blog\/wp-admin\/media-upload.php?post_id=1384&amp;type=image&amp;TB_iframe=1\"><img loading=\"lazy\" decoding=\"async\" class=\"attachment-post-thumbnail\" src=\"http:\/\/www.augen-blicke-afrika.de\/blog\/wp-content\/uploads\/2014\/10\/still.jpg\" alt=\"still\" width=\"572\" height=\"325\"><\/a><\/p>\n<p>&nbsp;<\/p>\n<h1>Kamerun &#8211; Autopsie einer Unabh\u00e4ngigkeit<\/h1>\n<h3>Dokumentarfilm, Frankreich \/ Kamerun 2008, R.: Val\u00e9rie Osouf, Ga\u00eblle Le Roy, 53 Min.,<\/h3>\n<h3>frz.\/ engl. OF, dt. UT<\/h3>\n<\/td>\n<\/tr>\n<\/thead>\n<tbody>\n<tr>\n<td>Dieser Dokumentarfilm \u00fcber den \u201egeheimen\u201c Kolonialkrieg Frankreichs in Kamerun zwischen 1955 und 1971 zeigt, wie massiv Frankreich die eigenen Interessen auch nach der formalen Unabh\u00e4ngigkeit Kameruns 1960 mit Unterst\u00fctzung der kamerunischen Regierung durchsetzte. Damit sollte Frankreichs Unabh\u00e4ngigkeit im Bergbau sowie im Energiebereich gesichert werden.<br \/>\nDieser Krieg war durch eine unglaubliche Brutalit\u00e4t gekennzeichnet: Massenerschie\u00dfungen, Bombardierungen und Einsatz von Napalm kosteten einem Zehntel der kamerunischen Bev\u00f6lkerung das Leben.<br \/>\nHistoriker, Aktivisten, Politiker und \u00dcberlebende erz\u00e4hlen ihre Version dieses langen Befreiungskampfes.<br \/>\nDer Film steht stellvertretend f\u00fcr die enge Zusammenarbeit der herrschenden Klasse mit den ehemaligen Kolonialm\u00e4chten in vielen Teilen Afrikas.<\/td>\n<\/tr>\n<tr>\n<td style=\"border-bottom: none;\">&nbsp;<\/p>\n<p class=\"hide-if-no-js\"><a id=\"set-post-thumbnail\" class=\"thickbox\" title=\"Beitragsbild festlegen\" href=\"http:\/\/www.augen-blicke-afrika.de\/blog\/wp-admin\/media-upload.php?post_id=1384&amp;type=image&amp;TB_iframe=1\"><img loading=\"lazy\" decoding=\"async\" class=\"attachment-post-thumbnail alignleft\" src=\"http:\/\/www.augen-blicke-afrika.de\/blog\/wp-content\/uploads\/2014\/10\/africAvenir-kamerun-plakat_0-1.png\" alt=\"africAvenir-kamerun-plakat_0-1\" width=\"201\" height=\"284\"><\/a><\/p>\n<p><strong>Val\u00e9rie Osouf<\/strong> absolvierte zun\u00e4chst ein Geschichtsstudium in Frankreich, lebte danach f\u00fcnf Jahre in Dakar\/Senegal und studierte dort Journalismus. Als Journalistin arbeitete sie f\u00fcr Zeitungen und f\u00fcrs Radio. Zur\u00fcck in Paris begann sie, Filme zu realisieren mit dem Schwerpunkt der aktuellen Auswirkungen des Kolonialismus auf die L\u00e4nder Afrikas.<\/td>\n<\/tr>\n<\/tbody>\n<\/table>\n<p>&nbsp;<\/p>\n","protected":false},"excerpt":{"rendered":"<p>&nbsp; Kamerun &#8211; Autopsie einer Unabh\u00e4ngigkeit Dokumentarfilm, Frankreich \/ Kamerun 2008, R.: Val\u00e9rie Osouf, Ga\u00eblle Le Roy, 53 Min., frz.\/ engl. OF, dt. UT Dieser Dokumentarfilm \u00fcber den \u201egeheimen\u201c Kolonialkrieg Frankreichs in Kamerun zwischen 1955 und 1971 zeigt, wie massiv &hellip; <a href=\"http:\/\/www.augen-blicke-afrika.de\/blog\/archiv\/archiv-2014\/filme-2014\/kamerun-autopsie-einer-unabhaengigkeit\/\">Weiterlesen <span class=\"meta-nav\">&rarr;<\/span><\/a><\/p>\n","protected":false},"author":3,"featured_media":6824,"parent":4184,"menu_order":0,"comment_status":"closed","ping_status":"closed","template":"afrika2014_oh.php","meta":{"footnotes":""},"class_list":["post-1384","page","type-page","status-publish","has-post-thumbnail","hentry"],"_links":{"self":[{"href":"http:\/\/www.augen-blicke-afrika.de\/blog\/wp-json\/wp\/v2\/pages\/1384","targetHints":{"allow":["GET"]}}],"collection":[{"href":"http:\/\/www.augen-blicke-afrika.de\/blog\/wp-json\/wp\/v2\/pages"}],"about":[{"href":"http:\/\/www.augen-blicke-afrika.de\/blog\/wp-json\/wp\/v2\/types\/page"}],"author":[{"embeddable":true,"href":"http:\/\/www.augen-blicke-afrika.de\/blog\/wp-json\/wp\/v2\/users\/3"}],"replies":[{"embeddable":true,"href":"http:\/\/www.augen-blicke-afrika.de\/blog\/wp-json\/wp\/v2\/comments?post=1384"}],"version-history":[{"count":5,"href":"http:\/\/www.augen-blicke-afrika.de\/blog\/wp-json\/wp\/v2\/pages\/1384\/revisions"}],"predecessor-version":[{"id":6835,"href":"http:\/\/www.augen-blicke-afrika.de\/blog\/wp-json\/wp\/v2\/pages\/1384\/revisions\/6835"}],"up":[{"embeddable":true,"href":"http:\/\/www.augen-blicke-afrika.de\/blog\/wp-json\/wp\/v2\/pages\/4184"}],"wp:featuredmedia":[{"embeddable":true,"href":"http:\/\/www.augen-blicke-afrika.de\/blog\/wp-json\/wp\/v2\/media\/6824"}],"wp:attachment":[{"href":"http:\/\/www.augen-blicke-afrika.de\/blog\/wp-json\/wp\/v2\/media?parent=1384"}],"curies":[{"name":"wp","href":"https:\/\/api.w.org\/{rel}","templated":true}]}}