{"id":1380,"date":"2014-10-09T10:24:37","date_gmt":"2014-10-09T08:24:37","guid":{"rendered":"http:\/\/www.augen-blicke-afrika.de\/blog\/?page_id=1380"},"modified":"2022-09-18T16:44:06","modified_gmt":"2022-09-18T14:44:06","slug":"o-grande-kilapy","status":"publish","type":"page","link":"http:\/\/www.augen-blicke-afrika.de\/blog\/archiv\/archiv-2014\/filme-2014\/o-grande-kilapy\/","title":{"rendered":"O Grande Kilapy"},"content":{"rendered":"<table style=\"height: 356px;\" width=\"756\">\n<thead>\n<tr>\n<td>\n<p class=\"hide-if-no-js\"><a id=\"set-post-thumbnail\" class=\"thickbox\" title=\"Beitragsbild festlegen\" href=\"http:\/\/www.augen-blicke-afrika.de\/blog\/wp-admin\/media-upload.php?post_id=1375&amp;type=image&amp;TB_iframe=1\"><img loading=\"lazy\" decoding=\"async\" class=\"attachment-post-thumbnail\" src=\"http:\/\/www.augen-blicke-afrika.de\/blog\/wp-content\/uploads\/2014\/10\/A1.jpg\" alt=\"A1\" width=\"571\" height=\"390\"><\/a><\/p>\n<p>&nbsp;<\/p>\n<h1>O Grande Kilapy<\/h1>\n<h3>Angola 2012, R.: Z\u00e9z\u00e9 Gamboa, 101 Min., port. OF, engl. UT<\/h3>\n<\/td>\n<\/tr>\n<\/thead>\n<tbody>\n<tr>\n<td>Lissabon, Mitte der 1960er, w\u00e4hrend der Diktatur Salazars in Portugal: Jo\u00e3ozinho, einziger Sohn eines angesehenen Bankangestellten aus Luanda, kostet sein Studentenleben in Lissabon in vollen Z\u00fcgen aus. Jo\u00e3o studiert Ingenieurwissenschaften, spielt in der ersten Liga Basketball, aber vor allem ist er ein Frauenheld in ma\u00dfgeschneiderten Anz\u00fcgen. Gleichzeitig unterh\u00e4lt er Kontakte zu angolanischen Freiheitsk\u00e4mpfern und entgeht nur aufgrund seiner Beziehung zur Tochter eines Ministers der Verfolgung. Als diese Liaison endet, wird Jo\u00e3o des Landes verwiesen. Auch in Angola versucht er trotz seines bescheidenen Beamtengehalts, sein gro\u00dfspuriges Leben weiterzuf\u00fchren. Geschickt nutzt er die Geldstr\u00f6me, die Portugal zur Beruhigung der Lage in die Kolonie lenkt und wird durch seine Betr\u00fcgereien sogar zum Volksheld.<br \/>\nEin Portr\u00e4t der fiebrigen Endphase der Kolonialherrschaft mit dem authentischen 1960er-Jahre-Soundtrack der Clubs von Luanda.<\/td>\n<\/tr>\n<tr>\n<td style=\"border-bottom: none;\">\n<p>&nbsp;<\/p>\n<p><a id=\"set-post-thumbnail\" class=\"thickbox\" title=\"Beitragsbild festlegen\" href=\"http:\/\/www.augen-blicke-afrika.de\/blog\/wp-admin\/media-upload.php?post_id=1375&amp;type=image&amp;TB_iframe=1\"><img loading=\"lazy\" decoding=\"async\" class=\"attachment-post-thumbnail alignleft\" src=\"http:\/\/www.augen-blicke-afrika.de\/blog\/wp-content\/uploads\/2014\/10\/KILAPY_PK_A4_EN-1.jpg\" alt=\"KILAPY_PK_A4_EN-1\" width=\"156\" height=\"227\"><\/a><strong>Z\u00e9z\u00e9 Gamboa<\/strong>, geb. 1955 in Angola, arbeitete zun\u00e4chst beim angolanischen Fernsehen. 1991 realisierte er seinen ersten Dokumentarfilm, doch erst 2002 nach dem Ende des B\u00fcrgerkriegs in Angola konnte er weitere Filme produzieren, u. a. den Spielfilm \u201eO Her\u00f3i\u201c ( The Hero ) 2004, mit dem er internationale Anerkennung fand.<\/td>\n<\/tr>\n<\/tbody>\n<\/table>\n<p>&nbsp;<\/p>\n","protected":false},"excerpt":{"rendered":"<p>&nbsp; O Grande Kilapy Angola 2012, R.: Z\u00e9z\u00e9 Gamboa, 101 Min., port. OF, engl. UT Lissabon, Mitte der 1960er, w\u00e4hrend der Diktatur Salazars in Portugal: Jo\u00e3ozinho, einziger Sohn eines angesehenen Bankangestellten aus Luanda, kostet sein Studentenleben in Lissabon in vollen &hellip; <a href=\"http:\/\/www.augen-blicke-afrika.de\/blog\/archiv\/archiv-2014\/filme-2014\/o-grande-kilapy\/\">Weiterlesen <span class=\"meta-nav\">&rarr;<\/span><\/a><\/p>\n","protected":false},"author":3,"featured_media":6824,"parent":4184,"menu_order":0,"comment_status":"closed","ping_status":"closed","template":"afrika2014_oh.php","meta":{"footnotes":""},"class_list":["post-1380","page","type-page","status-publish","has-post-thumbnail","hentry"],"_links":{"self":[{"href":"http:\/\/www.augen-blicke-afrika.de\/blog\/wp-json\/wp\/v2\/pages\/1380","targetHints":{"allow":["GET"]}}],"collection":[{"href":"http:\/\/www.augen-blicke-afrika.de\/blog\/wp-json\/wp\/v2\/pages"}],"about":[{"href":"http:\/\/www.augen-blicke-afrika.de\/blog\/wp-json\/wp\/v2\/types\/page"}],"author":[{"embeddable":true,"href":"http:\/\/www.augen-blicke-afrika.de\/blog\/wp-json\/wp\/v2\/users\/3"}],"replies":[{"embeddable":true,"href":"http:\/\/www.augen-blicke-afrika.de\/blog\/wp-json\/wp\/v2\/comments?post=1380"}],"version-history":[{"count":7,"href":"http:\/\/www.augen-blicke-afrika.de\/blog\/wp-json\/wp\/v2\/pages\/1380\/revisions"}],"predecessor-version":[{"id":6840,"href":"http:\/\/www.augen-blicke-afrika.de\/blog\/wp-json\/wp\/v2\/pages\/1380\/revisions\/6840"}],"up":[{"embeddable":true,"href":"http:\/\/www.augen-blicke-afrika.de\/blog\/wp-json\/wp\/v2\/pages\/4184"}],"wp:featuredmedia":[{"embeddable":true,"href":"http:\/\/www.augen-blicke-afrika.de\/blog\/wp-json\/wp\/v2\/media\/6824"}],"wp:attachment":[{"href":"http:\/\/www.augen-blicke-afrika.de\/blog\/wp-json\/wp\/v2\/media?parent=1380"}],"curies":[{"name":"wp","href":"https:\/\/api.w.org\/{rel}","templated":true}]}}