{"id":1363,"date":"2014-10-09T09:34:24","date_gmt":"2014-10-09T07:34:24","guid":{"rendered":"http:\/\/www.augen-blicke-afrika.de\/blog\/?page_id=1363"},"modified":"2022-09-18T16:45:06","modified_gmt":"2022-09-18T14:45:06","slug":"xala","status":"publish","type":"page","link":"http:\/\/www.augen-blicke-afrika.de\/blog\/archiv\/archiv-2014\/filme-2014\/xala\/","title":{"rendered":"Xala"},"content":{"rendered":"<table style=\"height: 356px;\" width=\"756\">\n<thead>\n<tr>\n<td>\n<p class=\"hide-if-no-js\"><a id=\"set-post-thumbnail\" class=\"thickbox\" title=\"Beitragsbild festlegen\" href=\"http:\/\/www.augen-blicke-afrika.de\/blog\/wp-admin\/media-upload.php?post_id=1355&amp;type=image&amp;TB_iframe=1\"><img loading=\"lazy\" decoding=\"async\" class=\"attachment-post-thumbnail\" src=\"http:\/\/www.augen-blicke-afrika.de\/blog\/wp-content\/uploads\/2014\/10\/sembene_xala.jpg\" alt=\"sembene_xala\" width=\"571\" height=\"349\"><\/a><\/p>\n<p>&nbsp;<\/p>\n<h1>Xala<\/h1>\n<h3>Senegal 1975, R.: Ousmane Semb\u00e8ne, 123 Min, frz. \/ Wolof OF, engl. UT<\/h3>\n<\/td>\n<\/tr>\n<\/thead>\n<tbody>\n<tr>\n<td>Der Film \u201eXala\u201c ist eine Satire auf die moderne afrikanische Bourgeoisie. Die franz\u00f6sische Kolonialzeit ist beendet, doch f\u00fcr die Mehrzahl der Einheimischen ist mit dem politischen Wandel keine Ver\u00e4nderung ihrer Lebensumst\u00e4nde eingetreten. Lediglich die wei\u00dfe Elite ist durch eine Handvoll neuer afrikanischer Machthaber ersetzt worden.<br \/>\nEl Hadj Abdu Kader, ein selbstzufriedener neureicher senegalesischer Gesch\u00e4ftsmann, wird in der Hochzeitsnacht mit seiner dritten Ehefrau pl\u00f6tzlich von \u201eXala\u201c getroffen, einem Fluch, der ihn impotent macht. Diese \u201eSchmach\u201c spricht sich herum, er verliert Ansehen, sein Leben ist ruiniert.<br \/>\nF\u00fcr Semb\u00e8ne steht die vergebliche Suche nach einer Heilung als Metapher f\u00fcr die Entfremdung der neuen Oberschicht zu ihrer eigenen Kultur. Statt dessen imitieren sie den Lebensstil der Kolonisatoren.<\/td>\n<\/tr>\n<tr>\n<td style=\"border-bottom: none;\">\n<p>&nbsp;<\/p>\n<p>&nbsp;<\/p>\n<p><strong><a id=\"set-post-thumbnail\" class=\"thickbox\" title=\"Beitragsbild festlegen\" href=\"http:\/\/www.augen-blicke-afrika.de\/blog\/wp-admin\/media-upload.php?post_id=1355&amp;type=image&amp;TB_iframe=1\"><img loading=\"lazy\" decoding=\"async\" class=\"attachment-post-thumbnail alignleft\" src=\"http:\/\/www.augen-blicke-afrika.de\/blog\/wp-content\/uploads\/2014\/10\/Xala_Poster.jpg\" alt=\"Xala_Poster\" width=\"146\" height=\"216\"><\/a><\/strong><\/p>\n<p><strong>Ousmane Semb\u00e8ne<\/strong>, geb. 1923 im Senegal, Filmregisseur, Produzent und Schriftsteller, gilt als \u201eVater des afrikanischen Films\u201c.<br \/>\nEr kam \u00fcber Umwege zum Film: Zun\u00e4chst zog er f\u00fcr die Franzosen in den 2. Weltkrieg, arbeitete ab 1947 in Frankreich bei Citro\u00ebn und im Hafen von Marseille, war aktiv in der Gewerkschaft und in der kommuni\u00adstischen Partei Frankreichs. Er begann zu\u00adn\u00e4chst zu schreiben, 1963 folgte eine Ausbildung zum Regisseur in den Gorki-Studios in Moskau.<br \/>\nSeine Entscheidung, Filme zu machen, begr\u00fcndete er damit, dass er mit filmischen Mitteln das afrikanische Publikum besser erreichen k\u00f6nne als mit Literatur.<br \/>\nOusmane Semb\u00e8ne starb 2007 in Dakar \/ Senegal.<\/td>\n<\/tr>\n<\/tbody>\n<\/table>\n<p>&nbsp;<\/p>\n<p>&nbsp;<\/p>\n","protected":false},"excerpt":{"rendered":"<p>&nbsp; Xala Senegal 1975, R.: Ousmane Semb\u00e8ne, 123 Min, frz. \/ Wolof OF, engl. UT Der Film \u201eXala\u201c ist eine Satire auf die moderne afrikanische Bourgeoisie. Die franz\u00f6sische Kolonialzeit ist beendet, doch f\u00fcr die Mehrzahl der Einheimischen ist mit dem &hellip; <a href=\"http:\/\/www.augen-blicke-afrika.de\/blog\/archiv\/archiv-2014\/filme-2014\/xala\/\">Weiterlesen <span class=\"meta-nav\">&rarr;<\/span><\/a><\/p>\n","protected":false},"author":3,"featured_media":6824,"parent":4184,"menu_order":0,"comment_status":"closed","ping_status":"closed","template":"afrika2014_oh.php","meta":{"footnotes":""},"class_list":["post-1363","page","type-page","status-publish","has-post-thumbnail","hentry"],"_links":{"self":[{"href":"http:\/\/www.augen-blicke-afrika.de\/blog\/wp-json\/wp\/v2\/pages\/1363","targetHints":{"allow":["GET"]}}],"collection":[{"href":"http:\/\/www.augen-blicke-afrika.de\/blog\/wp-json\/wp\/v2\/pages"}],"about":[{"href":"http:\/\/www.augen-blicke-afrika.de\/blog\/wp-json\/wp\/v2\/types\/page"}],"author":[{"embeddable":true,"href":"http:\/\/www.augen-blicke-afrika.de\/blog\/wp-json\/wp\/v2\/users\/3"}],"replies":[{"embeddable":true,"href":"http:\/\/www.augen-blicke-afrika.de\/blog\/wp-json\/wp\/v2\/comments?post=1363"}],"version-history":[{"count":8,"href":"http:\/\/www.augen-blicke-afrika.de\/blog\/wp-json\/wp\/v2\/pages\/1363\/revisions"}],"predecessor-version":[{"id":6843,"href":"http:\/\/www.augen-blicke-afrika.de\/blog\/wp-json\/wp\/v2\/pages\/1363\/revisions\/6843"}],"up":[{"embeddable":true,"href":"http:\/\/www.augen-blicke-afrika.de\/blog\/wp-json\/wp\/v2\/pages\/4184"}],"wp:featuredmedia":[{"embeddable":true,"href":"http:\/\/www.augen-blicke-afrika.de\/blog\/wp-json\/wp\/v2\/media\/6824"}],"wp:attachment":[{"href":"http:\/\/www.augen-blicke-afrika.de\/blog\/wp-json\/wp\/v2\/media?parent=1363"}],"curies":[{"name":"wp","href":"https:\/\/api.w.org\/{rel}","templated":true}]}}