{"id":13405,"date":"2026-03-09T11:21:20","date_gmt":"2026-03-09T10:21:20","guid":{"rendered":"https:\/\/www.augen-blicke-afrika.de\/blog\/?page_id=13405"},"modified":"2026-03-09T11:22:40","modified_gmt":"2026-03-09T10:22:40","slug":"tickets-2026","status":"publish","type":"page","link":"http:\/\/www.augen-blicke-afrika.de\/blog\/tickets-2026\/","title":{"rendered":"Tickets 2026"},"content":{"rendered":"\n<h5 class=\"wp-block-heading\">Tickets<\/h5>\n\n\n\n<div style=\"height:29px\" aria-hidden=\"true\" class=\"wp-block-spacer\"><\/div>\n\n\n\n<p><p><strong>Vorstellung:<\/strong><br>10,50&nbsp;\u20ac \/ erm\u00e4\u00dfigt&nbsp;8,50&nbsp;\u20ac <\/p>\n<p><strong>Festivalpass:<\/strong><br>50,00&nbsp;\u20ac \/ erm\u00e4\u00dfigt&nbsp;30,00&nbsp;\u20ac<\/br><span style=\"font-size: 85%\">Als erm\u00e4\u00dfigt gelten Sch\u00fcler, Studenten, Auszubildene, Menschen mit Einschr\u00e4nkungen, Arbeitslose, Rentner.<\/span><\/p><\/p>\n<div style=\"margin-top: 50px\" id=\"paypal-container-GWVCCMH3JSL3E\"><\/div>\n<script>\n  paypal.HostedButtons({\n    hostedButtonId: \"GWVCCMH3JSL3E\",\n  }).render(\"#paypal-container-GWVCCMH3JSL3E\")\n<\/script>\n\n\n\n<p><br>Alle Tickets werden \u00fcber die jeweiligen Veranstaltungsorte verkauft: Online oder telefonisch beim <a rel=\"noreferrer noopener\" href=\"https:\/\/www.studio-kino.de\/\" target=\"_blank\"><u>Studio Kino<\/u><\/a> und <a rel=\"noreferrer noopener\" href=\"https:\/\/alabama-kino.com\/\" target=\"_blank\"><u>Alabama Kino<\/u><\/a>. Der Festivalpass ist f\u00fcr alle Vorstellungen im Studio Kino g\u00fcltig und wird dort verkauft. Wo die jeweiligen Filme gezeigt werden, steht im Programm. Wir k\u00f6nnen leider keine Tickets reservieren oder direkt verkaufen.&nbsp;<\/p>\n\n\n\n<p><\/p>\n","protected":false},"excerpt":{"rendered":"<p>Tickets Vorstellung:10,50&nbsp;\u20ac \/ erm\u00e4\u00dfigt&nbsp;8,50&nbsp;\u20ac Festivalpass:50,00&nbsp;\u20ac \/ erm\u00e4\u00dfigt&nbsp;30,00&nbsp;\u20acAls erm\u00e4\u00dfigt gelten Sch\u00fcler, Studenten, Auszubildene, Menschen mit Einschr\u00e4nkungen, Arbeitslose, Rentner. Alle Tickets werden \u00fcber die jeweiligen Veranstaltungsorte verkauft: Online oder telefonisch beim Studio Kino und Alabama Kino. Der Festivalpass ist f\u00fcr alle Vorstellungen &hellip; <a href=\"http:\/\/www.augen-blicke-afrika.de\/blog\/tickets-2026\/\">Weiterlesen <span class=\"meta-nav\">&rarr;<\/span><\/a><\/p>\n","protected":false},"author":3,"featured_media":0,"parent":0,"menu_order":0,"comment_status":"closed","ping_status":"closed","template":"afrika2026.php","meta":{"footnotes":""},"class_list":["post-13405","page","type-page","status-publish","hentry"],"_links":{"self":[{"href":"http:\/\/www.augen-blicke-afrika.de\/blog\/wp-json\/wp\/v2\/pages\/13405","targetHints":{"allow":["GET"]}}],"collection":[{"href":"http:\/\/www.augen-blicke-afrika.de\/blog\/wp-json\/wp\/v2\/pages"}],"about":[{"href":"http:\/\/www.augen-blicke-afrika.de\/blog\/wp-json\/wp\/v2\/types\/page"}],"author":[{"embeddable":true,"href":"http:\/\/www.augen-blicke-afrika.de\/blog\/wp-json\/wp\/v2\/users\/3"}],"replies":[{"embeddable":true,"href":"http:\/\/www.augen-blicke-afrika.de\/blog\/wp-json\/wp\/v2\/comments?post=13405"}],"version-history":[{"count":1,"href":"http:\/\/www.augen-blicke-afrika.de\/blog\/wp-json\/wp\/v2\/pages\/13405\/revisions"}],"predecessor-version":[{"id":13406,"href":"http:\/\/www.augen-blicke-afrika.de\/blog\/wp-json\/wp\/v2\/pages\/13405\/revisions\/13406"}],"wp:attachment":[{"href":"http:\/\/www.augen-blicke-afrika.de\/blog\/wp-json\/wp\/v2\/media?parent=13405"}],"curies":[{"name":"wp","href":"https:\/\/api.w.org\/{rel}","templated":true}]}}