{"id":13399,"date":"2026-03-09T11:15:56","date_gmt":"2026-03-09T10:15:56","guid":{"rendered":"https:\/\/www.augen-blicke-afrika.de\/blog\/?page_id=13399"},"modified":"2026-03-09T11:18:40","modified_gmt":"2026-03-09T10:18:40","slug":"foerderer-2026","status":"publish","type":"page","link":"http:\/\/www.augen-blicke-afrika.de\/blog\/foerderer-2026\/","title":{"rendered":"F\u00f6rderer 2026"},"content":{"rendered":"\n<h2 class=\"wp-block-heading\"><strong>VERANSTALTER<\/strong><\/h2>\n\n\n\n<figure class=\"wp-block-table\"><table><tbody><tr><td colspan=\"2\">Augen Blicke Afrika e.V.<\/td><\/tr><tr><td colspan=\"2\"><img loading=\"lazy\" decoding=\"async\" src=\"http:\/\/www.augen-blicke-afrika.de\/blog\/wp-content\/uploads\/2017\/09\/ABA-logo-300x202.png\" alt=\"ABA logo\" width=\"125\" height=\"88\"><\/td><\/tr><tr><td><br><strong>KOOPERATIONEN<\/strong><\/td><\/tr><tr><td colspan=\"2\">Studio Kino Hamburg, Alabama Kino, Am\u00edlcar Cabral Gesellschaft e.V., Boldly e.V., Deutsch-Tunesische Gesellschaft e.V., K\u00fchne Logistics University,  LSVD+ Verband Queere Vielfalt e.V., Maghreb Haus e.V.<\/td><\/tr><tr><td colspan=\"2\"><a href=\"https:\/\/www.studio-kino.de\/\"><img loading=\"lazy\" decoding=\"async\" src=\"http:\/\/www.augen-blicke-afrika.de\/blog\/wp-content\/uploads\/2013\/09\/Studio-Kino72649_Kopi211122.png\" alt=\"Studio Kino72649_Kopi211122\" width=\"128\" height=\"88\"><\/a><a href=\"https:\/\/alabama-kino.com\/\"><img loading=\"lazy\" decoding=\"async\" width=\"125\" height=\"88\" src=\"http:\/\/www.augen-blicke-afrika.de\/blog\/wp-content\/uploads\/2024\/10\/AlabamaKinoHamburg800x800.png\" alt=\"Alabama Kino Logo\"><\/a>&nbsp;&nbsp;&nbsp;&nbsp; <a href=\"https:\/\/be-boldly.de\/\"><img decoding=\"async\"  height=\"88\" src=\"http:\/\/www.augen-blicke-afrika.de\/blog\/wp-content\/uploads\/2025\/11\/Logo_Boldly.png\" alt=\"Boldly Logo\"><\/a>&nbsp;&nbsp;&nbsp;&nbsp; <a href=\"https:\/\/www.amilcar-cabral-gesellschaft.de\/\"><img decoding=\"async\"  height=\"88\" src=\"http:\/\/www.augen-blicke-afrika.de\/blog\/wp-content\/uploads\/2025\/11\/Logo_Amilcar-Cabral-Gesellschaft.png\" alt=\"Logo_Amilcar-Cabral-Gesellschaft\"><\/a>&nbsp;&nbsp;&nbsp;&nbsp;<a href=\"https:\/\/deutsch-tunesische-gesellschaft.de\/\"><img decoding=\"async\"  height=\"80\" src=\"http:\/\/www.augen-blicke-afrika.de\/blog\/wp-content\/uploads\/2025\/11\/Logo_Deutsch-Tunesische-Gesellschaft.png\" alt=\"Logo_Deutsch-Tunesische-Gesellschaft\"><\/a><a href=\"https:\/\/www.klu.org\/\"><img decoding=\"async\"  height=\"88\" src=\"http:\/\/www.augen-blicke-afrika.de\/blog\/wp-content\/uploads\/2025\/11\/Logo_KLU.png\" alt=\"Logo_K\u00fchne Logistics University\"><\/a>&nbsp;&nbsp;&nbsp;&nbsp;<a href=\"https:\/\/www.lsvd.de\/de\/home\"><img decoding=\"async\"  height=\"80\" src=\"http:\/\/www.augen-blicke-afrika.de\/blog\/wp-content\/uploads\/2025\/11\/LSVD_Hamburg_spezial_web_high.png\" alt=\"LSVD+ Verband Queere Vielfalt e.V.\"><\/a>&nbsp;&nbsp;&nbsp;&nbsp;&nbsp;&nbsp;<a href=\"https:\/\/www.maghreb-haus.de\/\"><img decoding=\"async\"  height=\"80\" src=\"http:\/\/www.augen-blicke-afrika.de\/blog\/wp-content\/uploads\/2025\/11\/Logo_Maghreb-Haus.png\" alt=\"Maghreb Haus e.V.\"><\/a><\/td><\/tr><tr><td><br><strong>F\u00d6RDERUNG<\/strong><\/td><\/tr><tr><td colspan=\"2\">Aktion Selbstbesteuerung, Beh\u00f6rde f\u00fcr Arbeit, Soziales, Familie und Integration, \u00adBeh\u00f6rde f\u00fcr Kultur und Medien, Bezirksamt Altona, Katholischer Fonds, Kirchlicher Entwicklungsdienst der Nordkirche, Landeszentrale f\u00fcr politische Bildung Hamburg, Norddeutsche Stiftung f\u00fcr Umwelt und Entwicklung aus Ertr\u00e4gen von BINGO! &#8211; Die \u00adUmweltlotterie, Stiftung Umverteilen! Stiftung f\u00fcr eine, solidarische Welt<\/td><\/tr><tr style=\"height: 92px;\">\n<td style=\"border: 0px none; height: 92px; width: 1148px;  \" colspan=\"2\" ><a href=\"https:\/\/www.katholischer-fonds.de\/\"><img loading=\"lazy\" decoding=\"async\" class=\"alignnone wp-image-5940 \" style=\"border: 0;\" src=\"http:\/\/www.augen-blicke-afrika.de\/blog\/wp-content\/uploads\/2025\/11\/Logo-Katholischer-Fonds-schwarz.png\" alt=\"Logo Katholischer Fonds\" width=\"110\" height=\"82\" \/ ><\/a>\u00a0 <a href=\"https:\/\/www.ked-nordkirche.de\/index.html\"><img loading=\"lazy\" decoding=\"async\" class=\"alignnone wp-image-5911 \" style=\"border: 0;\" src=\"http:\/\/www.augen-blicke-afrika.de\/blog\/wp-content\/uploads\/2020\/09\/IMG_2353-e1601375549973.jpg\" alt=\"\" width=\"128\" height=\"82\" \/><\/a> <a href=\"https:\/\/www.nue-stiftung.de\/\">\u00a0<img loading=\"lazy\" decoding=\"async\" class=\"wp-image-155 alignnone\" style=\"border: 0;\" title=\"NUE-Norddeutsche Stiftung f\u00fcr Umwelt und Entwicklung\" src=\"http:\/\/www.augen-blicke-afrika.de\/blog\/wp-content\/uploads\/2012\/09\/nue.gif\" alt=\"NUE-Norddeutsche Stiftung f\u00fcr Umwelt und Entwicklung\" width=\"203\" height=\"82\" \/><\/a><a href=\"https:\/\/www.nue-stiftung.de\/bingo-umweltlotterie\/\">\u00a0 <img loading=\"lazy\" decoding=\"async\" class=\" wp-image-154 alignnone\" style=\"border: 0;\" src=\"http:\/\/www.augen-blicke-afrika.de\/blog\/wp-content\/uploads\/2012\/09\/bingohh.png\" alt=\"Lotterie BINGO! Die Umweltlotterie\" width=\"82\" height=\"77\" \/>\u00a0 <\/a><a href=\"https:\/\/www.umverteilen.de\/\"><img loading=\"lazy\" decoding=\"async\" class=\"alignnone wp-image-168\" style=\"border: 0;\" src=\"http:\/\/www.augen-blicke-afrika.de\/blog\/wp-content\/uploads\/2012\/09\/umverteilen.png\" alt=\"Umverteilen! \u2013 Stiftung f\u00fcr eine, solidarische Welt\" width=\"159\" height=\"85\" \/><\/a>&nbsp;&nbsp;&nbsp;<a href=\"https:\/\/www.aktion-selbstbesteuerung.de\/\"><img loading=\"lazy\" decoding=\"async\" class=\"alignnone wp-image-4281\" style=\"border: 0;\" src=\"http:\/\/www.augen-blicke-afrika.de\/blog\/wp-content\/uploads\/2025\/11\/asb-logo-Kopie.png\" alt=\"asb-logo_trans\" width=\"138\" height=\"82\" \/><\/a><\/td>\n<\/tr>\n<tr style=\"height: 108px;\">\n<td style=\"border: 0px none; height: 108px; width: 1148px;\" colspan=\"2\"><a href=\"https:\/\/www.hamburg.de\/politik-und-verwaltung\/behoerden\/schulbehoerde\/themen\/politische-bildung\"><img loading=\"lazy\" decoding=\"async\" class=\"alignnone wp-image-5940 \" style=\"border: 0;\" src=\"http:\/\/www.augen-blicke-afrika.de\/blog\/wp-content\/uploads\/2020\/09\/lz_logo_pos_small_sw.jpg\" alt=\"\" width=\"142\" height=\"82\" \/><\/a>&nbsp;<a href=\"http:\/\/www.augen-blicke-afrika.de\/blog\/wp-content\/uploads\/2018\/10\/ba-altona.png\">\u00a0<img loading=\"lazy\" decoding=\"async\" class=\"alignnone wp-image-4279 \" style=\"border: 0;\" src=\"http:\/\/www.augen-blicke-afrika.de\/blog\/wp-content\/uploads\/2018\/10\/ba-altona-e1539352367821-300x108.png\" alt=\"ba-altona\" width=\"199\" height=\"81\" \/><\/a> <a href=\"https:\/\/www.hamburg.de\/politik-und-verwaltung\/behoerden\/behoerde-fuer-kultur-und-medien\">\u00a0<img loading=\"lazy\" decoding=\"async\" class=\"alignnone wp-image-4280 \" style=\"border: 0;\" src=\"http:\/\/www.augen-blicke-afrika.de\/blog\/wp-content\/uploads\/2018\/10\/Behoerde_KuM-e1539352409406-300x98.png\" alt=\"Behoerde_KuM\" width=\"220\" height=\"82\" \/>\u00a0<\/a><a href=\"http:\/\/www.augen-blicke-afrika.de\/blog\/wp-content\/uploads\/2020\/09\/BASFI_2354.jpg\"><\/a>.<a href=\"https:\/\/www.hamburg.de\/politik-und-verwaltung\/behoerden\/sozialbehoerde\"><img loading=\"lazy\" decoding=\"async\" class=\"alignnone wp-image-6282 \" style=\"border: 0;\" src=\"http:\/\/www.augen-blicke-afrika.de\/blog\/wp-content\/uploads\/2021\/09\/sozialbeh_5934.jpg\" alt=\"\" width=\"210\" height=\"85\" \/>\u00a0<\/a> \n<\/td>\n<\/tr>\n<\/tbody><\/table><\/figure>\n\n\n\n\n\n\n","protected":false},"excerpt":{"rendered":"<p>VERANSTALTER Augen Blicke Afrika e.V. KOOPERATIONEN Studio Kino Hamburg, Alabama Kino, Am\u00edlcar Cabral Gesellschaft e.V., Boldly e.V., Deutsch-Tunesische Gesellschaft e.V., K\u00fchne Logistics University, LSVD+ Verband Queere Vielfalt e.V., Maghreb Haus e.V. &nbsp;&nbsp;&nbsp;&nbsp; &nbsp;&nbsp;&nbsp;&nbsp; &nbsp;&nbsp;&nbsp;&nbsp;&nbsp;&nbsp;&nbsp;&nbsp;&nbsp;&nbsp;&nbsp;&nbsp;&nbsp;&nbsp; F\u00d6RDERUNG Aktion Selbstbesteuerung, Beh\u00f6rde f\u00fcr Arbeit, &hellip; <a href=\"http:\/\/www.augen-blicke-afrika.de\/blog\/foerderer-2026\/\">Weiterlesen <span class=\"meta-nav\">&rarr;<\/span><\/a><\/p>\n","protected":false},"author":3,"featured_media":0,"parent":0,"menu_order":0,"comment_status":"closed","ping_status":"closed","template":"afrika2026.php","meta":{"footnotes":""},"class_list":["post-13399","page","type-page","status-publish","hentry"],"_links":{"self":[{"href":"http:\/\/www.augen-blicke-afrika.de\/blog\/wp-json\/wp\/v2\/pages\/13399","targetHints":{"allow":["GET"]}}],"collection":[{"href":"http:\/\/www.augen-blicke-afrika.de\/blog\/wp-json\/wp\/v2\/pages"}],"about":[{"href":"http:\/\/www.augen-blicke-afrika.de\/blog\/wp-json\/wp\/v2\/types\/page"}],"author":[{"embeddable":true,"href":"http:\/\/www.augen-blicke-afrika.de\/blog\/wp-json\/wp\/v2\/users\/3"}],"replies":[{"embeddable":true,"href":"http:\/\/www.augen-blicke-afrika.de\/blog\/wp-json\/wp\/v2\/comments?post=13399"}],"version-history":[{"count":1,"href":"http:\/\/www.augen-blicke-afrika.de\/blog\/wp-json\/wp\/v2\/pages\/13399\/revisions"}],"predecessor-version":[{"id":13400,"href":"http:\/\/www.augen-blicke-afrika.de\/blog\/wp-json\/wp\/v2\/pages\/13399\/revisions\/13400"}],"wp:attachment":[{"href":"http:\/\/www.augen-blicke-afrika.de\/blog\/wp-json\/wp\/v2\/media?parent=13399"}],"curies":[{"name":"wp","href":"https:\/\/api.w.org\/{rel}","templated":true}]}}