{"id":1329,"date":"2014-10-09T08:18:10","date_gmt":"2014-10-09T06:18:10","guid":{"rendered":"http:\/\/www.augen-blicke-afrika.de\/blog\/?page_id=1329"},"modified":"2022-09-18T16:40:05","modified_gmt":"2022-09-18T14:40:05","slug":"capitaine-thomas-sankara","status":"publish","type":"page","link":"http:\/\/www.augen-blicke-afrika.de\/blog\/archiv\/archiv-2014\/filme-2014\/capitaine-thomas-sankara\/","title":{"rendered":"Capitaine Thomas Sankara"},"content":{"rendered":"<table style=\"height: 356px;\" width=\"756\">\n<thead>\n<tr>\n<td>\n<h4><a id=\"set-post-thumbnail\" class=\"thickbox\" title=\"Beitragsbild festlegen\" href=\"http:\/\/www.augen-blicke-afrika.de\/blog\/wp-admin\/media-upload.php?post_id=1329&amp;type=image&amp;TB_iframe=1\"><img loading=\"lazy\" decoding=\"async\" class=\"attachment-post-thumbnail\" src=\"http:\/\/www.augen-blicke-afrika.de\/blog\/wp-content\/uploads\/2014\/10\/Thomas-Sankara-Stills-2-699x288.jpg\" alt=\"Thomas Sankara Stills 2\" width=\"570\" height=\"248\"><\/a><\/h4>\n<p>&nbsp;<\/p>\n<h1>Capitaine Thomas Sankara<\/h1>\n<h3>Dokumentarfilm, Schweiz 2012, R.: Christophe Cupelin, 88 Min., frz. OF, dt. UT<\/h3>\n<\/td>\n<\/tr>\n<\/thead>\n<tbody>\n<tr>\n<td><a id=\"set-post-thumbnail\" class=\"thickbox\" title=\"Beitragsbild festlegen\" href=\"http:\/\/www.augen-blicke-afrika.de\/blog\/wp-admin\/media-upload.php?post_id=1329&amp;type=image&amp;TB_iframe=1&amp;width=753&amp;height=838\"><img loading=\"lazy\" decoding=\"async\" class=\"attachment-post-thumbnail alignleft\" src=\"http:\/\/www.augen-blicke-afrika.de\/blog\/wp-content\/uploads\/2014\/10\/plakat-267x288.jpg\" alt=\"plakat\" width=\"117\" height=\"138\"><\/a>Dieser Film zeichnet ausschlie\u00dflich mit Archivmaterial die Amtszeit von Thomas Sankara als Pr\u00e4sident von Burkina Faso (Obervolta) von 1983 bis zu seiner bis heute nicht aufgekl\u00e4rten Ermordung 1987 auf.<br \/>\nIn den nur vier Jahren seiner Amtszeit versuchte der charismatische junge Pr\u00e4sident, so viele Reformen wie m\u00f6glich durchzuf\u00fchren und anzusto\u00dfen. Um das Selbstbewusstsein der Bewohner Obervoltas nachhaltig zu ver\u00e4ndern, nannte er z. B. das Land in Burkina Faso um, was bedeutet:&nbsp; das Land der Aufrechten. Um seine ehrgeizigen Ziele zu erreichen, setzte sich Sankara vor allem f\u00fcr die&nbsp; Abschaffung der Privilegien der Oberschicht ein, k\u00e4mpfte gegen Korruption und f\u00fcr die Emanzipation der Frauen.<br \/>\nIn seinen nationalen und internationalen Reden stellte er die Macht- und Herrschaftsverh\u00e4ltnisse in dieser Welt klar und deutlich in Frage und versuchte, den Einfluss der ehemaligen Kolonialmacht Frankreich zu beenden.<\/td>\n<\/tr>\n<tr>\n<td style=\"border-bottom: none;\">\n<p>&nbsp;<\/p>\n<p><strong>Christophe Cupelin<\/strong>, geb. 1966 in der Schweiz, studierte an der Filmhochschule in Genf. Inspiriert zu dem Film wurde Cupelin, als er 1985 als Freiwilliger in einer Schweizer NGO im heutigen Burkina Faso arbeitete, wo er als junger Erwachsener ein Land im revolution\u00e4ren Umbruch erlebte. Tief beeindruckt durch diese Erfahrung beschloss er, sich voll und ganz dem Filmemachen zu widmen.<br \/>\nSeit 1993 arbeitet er als unabh\u00e4ngiger Filmemacher.<\/td>\n<\/tr>\n<\/tbody>\n<\/table>\n<p>&nbsp;<\/p>\n<p>&nbsp;<\/p>\n","protected":false},"excerpt":{"rendered":"<p>&nbsp; Capitaine Thomas Sankara Dokumentarfilm, Schweiz 2012, R.: Christophe Cupelin, 88 Min., frz. OF, dt. UT Dieser Film zeichnet ausschlie\u00dflich mit Archivmaterial die Amtszeit von Thomas Sankara als Pr\u00e4sident von Burkina Faso (Obervolta) von 1983 bis zu seiner bis heute &hellip; <a href=\"http:\/\/www.augen-blicke-afrika.de\/blog\/archiv\/archiv-2014\/filme-2014\/capitaine-thomas-sankara\/\">Weiterlesen <span class=\"meta-nav\">&rarr;<\/span><\/a><\/p>\n","protected":false},"author":3,"featured_media":6824,"parent":4184,"menu_order":0,"comment_status":"closed","ping_status":"closed","template":"afrika2014_oh.php","meta":{"footnotes":""},"class_list":["post-1329","page","type-page","status-publish","has-post-thumbnail","hentry"],"_links":{"self":[{"href":"http:\/\/www.augen-blicke-afrika.de\/blog\/wp-json\/wp\/v2\/pages\/1329","targetHints":{"allow":["GET"]}}],"collection":[{"href":"http:\/\/www.augen-blicke-afrika.de\/blog\/wp-json\/wp\/v2\/pages"}],"about":[{"href":"http:\/\/www.augen-blicke-afrika.de\/blog\/wp-json\/wp\/v2\/types\/page"}],"author":[{"embeddable":true,"href":"http:\/\/www.augen-blicke-afrika.de\/blog\/wp-json\/wp\/v2\/users\/3"}],"replies":[{"embeddable":true,"href":"http:\/\/www.augen-blicke-afrika.de\/blog\/wp-json\/wp\/v2\/comments?post=1329"}],"version-history":[{"count":21,"href":"http:\/\/www.augen-blicke-afrika.de\/blog\/wp-json\/wp\/v2\/pages\/1329\/revisions"}],"predecessor-version":[{"id":6830,"href":"http:\/\/www.augen-blicke-afrika.de\/blog\/wp-json\/wp\/v2\/pages\/1329\/revisions\/6830"}],"up":[{"embeddable":true,"href":"http:\/\/www.augen-blicke-afrika.de\/blog\/wp-json\/wp\/v2\/pages\/4184"}],"wp:featuredmedia":[{"embeddable":true,"href":"http:\/\/www.augen-blicke-afrika.de\/blog\/wp-json\/wp\/v2\/media\/6824"}],"wp:attachment":[{"href":"http:\/\/www.augen-blicke-afrika.de\/blog\/wp-json\/wp\/v2\/media?parent=1329"}],"curies":[{"name":"wp","href":"https:\/\/api.w.org\/{rel}","templated":true}]}}