{"id":1110,"date":"2013-10-21T20:12:40","date_gmt":"2013-10-21T18:12:40","guid":{"rendered":"http:\/\/www.augen-blicke-afrika.de\/blog\/?page_id=1110"},"modified":"2022-09-18T15:51:41","modified_gmt":"2022-09-18T13:51:41","slug":"nairobi-half-life","status":"publish","type":"page","link":"http:\/\/www.augen-blicke-afrika.de\/blog\/archiv\/archiv-2013\/filme-2013\/nairobi-half-life\/","title":{"rendered":"Nairobi Half Life"},"content":{"rendered":"<p><span style=\"color: #ff0000;\">Achtung! Programm\u00e4nderung, statt &#8220;Moi Zaphira&#8221; zeigen wir am Donnerstag, den 31.10. um 18 Uhr nun &#8220;Nairobi Half Life&#8221;<\/span><\/p>\n<p>Kenia\/Deutschland 2012. R: David \u201aTosh\u2018 Gitonga, 96 Min.,\u2028 OmdtUt<\/p>\n<p><img loading=\"lazy\" decoding=\"async\" class=\"alignleft size-full wp-image-1129\" title=\"Nairobi Half Life\" src=\"http:\/\/www.augen-blicke-afrika.de\/blog\/wp-content\/uploads\/2013\/10\/nairobi-half-life.png\" alt=\"Film Nairobi Half Life\" width=\"131\" height=\"194\">Der junge Dorfbewohner Mwas tr\u00e4umt davon, als Theaterschauspieler in Nairobi Karriere zu machen. Doch bereits kurz nach seiner Ankunft in der Hauptstadt wird er ausgeraubt und landet dann auch noch im Knast f\u00fcr ein Verbrechen, das er nicht begangen hat. Im Gef\u00e4ngnis lernt er den Bandenf\u00fchrer Oti kennen, der ihn unter seine Fittiche nimmt. Trotz seiner neuen Laufbahn als Verbrecher h\u00e4lt Mwas an seinem urspr\u00fcnglichen Traum fest. Schon bald kann er eine kleine Rolle in einem Theaterst\u00fcck ergattern.<\/p>\n<p>Nairobi Half Life, der Deb\u00fctfilm des kenianischen Regisseurs Tosh Gitonga, ist entstanden in einem Workshop der Initiative \u00bbOne Fine Day Films\u00ab, ins Leben gerufen von Tom Tykwer, und ist nach SOUL BOY (2010) das zweite gro\u00dfe Projekt. Die Coming-of-Age Geschichte ist f\u00fcr die gro\u00dfe Leinwand produziert und lief erfolgreich in Nairobi in den Kinos.<\/p>\n<div id=\"attachment_1130\" style=\"width: 550px\" class=\"wp-caption alignnone\"><img loading=\"lazy\" decoding=\"async\" aria-describedby=\"caption-attachment-1130\" class=\"size-full wp-image-1130\" title=\"Nairobi Half Life\" src=\"http:\/\/www.augen-blicke-afrika.de\/blog\/wp-content\/uploads\/2013\/10\/nairobi-half-life620.png\" alt=\"Nairobi Half Life\" width=\"540\" height=\"218\" srcset=\"http:\/\/www.augen-blicke-afrika.de\/blog\/wp-content\/uploads\/2013\/10\/nairobi-half-life620.png 540w, http:\/\/www.augen-blicke-afrika.de\/blog\/wp-content\/uploads\/2013\/10\/nairobi-half-life620-300x121.png 300w, http:\/\/www.augen-blicke-afrika.de\/blog\/wp-content\/uploads\/2013\/10\/nairobi-half-life620-500x201.png 500w\" sizes=\"auto, (max-width: 540px) 100vw, 540px\" \/><p id=\"caption-attachment-1130\" class=\"wp-caption-text\">Filmfotos: &#8220;Nairobi Half Life&#8221;<\/p><\/div>\n<p><a href=\"javascript:history.back();\">Zur\u00fcck<\/a><\/p>\n","protected":false},"excerpt":{"rendered":"<p>Achtung! Programm\u00e4nderung, statt &#8220;Moi Zaphira&#8221; zeigen wir am Donnerstag, den 31.10. um 18 Uhr nun &#8220;Nairobi Half Life&#8221; Kenia\/Deutschland 2012. R: David \u201aTosh\u2018 Gitonga, 96 Min.,\u2028 OmdtUt Der junge Dorfbewohner Mwas tr\u00e4umt davon, als Theaterschauspieler in Nairobi Karriere zu machen. &hellip; <a href=\"http:\/\/www.augen-blicke-afrika.de\/blog\/archiv\/archiv-2013\/filme-2013\/nairobi-half-life\/\">Weiterlesen <span class=\"meta-nav\">&rarr;<\/span><\/a><\/p>\n","protected":false},"author":2,"featured_media":800,"parent":737,"menu_order":0,"comment_status":"closed","ping_status":"closed","template":"afrika2013.php","meta":{"footnotes":""},"class_list":["post-1110","page","type-page","status-publish","has-post-thumbnail","hentry"],"_links":{"self":[{"href":"http:\/\/www.augen-blicke-afrika.de\/blog\/wp-json\/wp\/v2\/pages\/1110","targetHints":{"allow":["GET"]}}],"collection":[{"href":"http:\/\/www.augen-blicke-afrika.de\/blog\/wp-json\/wp\/v2\/pages"}],"about":[{"href":"http:\/\/www.augen-blicke-afrika.de\/blog\/wp-json\/wp\/v2\/types\/page"}],"author":[{"embeddable":true,"href":"http:\/\/www.augen-blicke-afrika.de\/blog\/wp-json\/wp\/v2\/users\/2"}],"replies":[{"embeddable":true,"href":"http:\/\/www.augen-blicke-afrika.de\/blog\/wp-json\/wp\/v2\/comments?post=1110"}],"version-history":[{"count":16,"href":"http:\/\/www.augen-blicke-afrika.de\/blog\/wp-json\/wp\/v2\/pages\/1110\/revisions"}],"predecessor-version":[{"id":6812,"href":"http:\/\/www.augen-blicke-afrika.de\/blog\/wp-json\/wp\/v2\/pages\/1110\/revisions\/6812"}],"up":[{"embeddable":true,"href":"http:\/\/www.augen-blicke-afrika.de\/blog\/wp-json\/wp\/v2\/pages\/737"}],"wp:featuredmedia":[{"embeddable":true,"href":"http:\/\/www.augen-blicke-afrika.de\/blog\/wp-json\/wp\/v2\/media\/800"}],"wp:attachment":[{"href":"http:\/\/www.augen-blicke-afrika.de\/blog\/wp-json\/wp\/v2\/media?parent=1110"}],"curies":[{"name":"wp","href":"https:\/\/api.w.org\/{rel}","templated":true}]}}